{"id":13458,"date":"2020-10-26T20:46:08","date_gmt":"2020-10-26T20:46:08","guid":{"rendered":"https:\/\/www.steinberglawfirm.com\/?page_id=13458"},"modified":"2025-03-06T02:50:44","modified_gmt":"2025-03-06T02:50:44","slug":"camion-accidente-abogado","status":"publish","type":"page","link":"https:\/\/www.steinberglawfirm.com\/es\/ubicaciones\/north-charleston\/camion-accidente-abogado\/","title":{"rendered":"North Charleston Abogado de accidente de cami\u00f3n"},"content":{"rendered":"<h1 class=\"wp-block-heading\">North Charleston, SC Abogado de Accidente de Cami\u00f3n<\/h1>\n\n\n\n<h2 class=\"wp-block-heading\">South Carolina abogados de da\u00f1os personales ayudan a las v\u00edctimas de accidentes a exigir responsabilidades a los camioneros negligentes<\/h2>\n\n\n\n<p>Los semirremolques y otros veh\u00edculos comerciales de gran tama\u00f1o son fundamentales para la econom\u00eda del pa\u00eds. Aunque la mayor\u00eda de los conductores de camiones son profesionales que se toman en serio sus responsabilidades, por desgracia no es el caso de todos ellos. De hecho, cada a\u00f1o se producen m\u00e1s de 6.000 accidentes de camiones South Carolina. De media, casi 100 de estos accidentes se saldan con una o m\u00e1s v\u00edctimas mortales y otros 2.000 con alg\u00fan tipo de lesi\u00f3n grave.<\/p>\n\n\n\n<p>En el <a href=\"https:\/\/www.steinberglawfirm.com\/es\/\">Steinberg Law Firm<\/a>representamos a clientes que han sido <a href=\"https:\/\/www.steinberglawfirm.com\/es\/practice-areas\/accidentes-de-camiones\/\">heridos graves en accidentes de semirremolque<\/a>Ayud\u00e1ndoles a recuperar una compensaci\u00f3n justa por lo que han pasado. Con <a href=\"https:\/\/www.steinberglawfirm.com\/es\/sobre-nosotros\/\">m\u00e1s de 200 a\u00f1os de experiencia combinada<\/a>En este sentido, podemos asesorarle con confianza sobre sus opciones y ayudarle a reclamar una indemnizaci\u00f3n.<\/p>\n\n\n\n<h3 class=\"wp-block-heading\"><strong><a href=\"https:\/\/www.steinberglawfirm.com\/es\/estudio-de-casos-de-accidentes-de-camiones\/\">Establecer la responsabilidad en un accidente de cami\u00f3n North Charleston<\/a><\/strong><\/h3>\n\n\n\n<p>Los conductores de camiones, al igual que los dem\u00e1s automovilistas, tienen la obligaci\u00f3n legal de conducir de forma segura y responsable. Cuando la negligencia de un conductor de cami\u00f3n causa un accidente grave, cualquier persona lesionada en ese accidente puede presentar una demanda contra el conductor negligente. Para tener \u00e9xito en una demanda por accidente de cami\u00f3n North Charleston, una v\u00edctima de lesiones debe ser capaz de demostrar que el conductor del cami\u00f3n:<\/p>\n\n\n\n<p>1) Deb\u00eda a la v\u00edctima del accidente un deber de cuidado;<br>2) Ha infringido ese deber de diligencia mediante alguna acci\u00f3n u omisi\u00f3n; y<br>3) Que haya causado a la v\u00edctima del accidente alg\u00fan tipo de lesi\u00f3n legalmente reconocible.<\/p>\n\n\n\n<p>Bajo la teor\u00eda de la responsabilidad indirecta, el empleador de un conductor de cami\u00f3n tambi\u00e9n puede ser responsable de los da\u00f1os de una v\u00edctima de accidente. Sin embargo, la celebraci\u00f3n de los empleadores, fabricantes de veh\u00edculos, y otras partes responsables en un accidente de cami\u00f3n North Charleston puede ser un reto. Cualquiera que est\u00e9 considerando presentar una demanda <a href=\"https:\/\/www.steinberglawfirm.com\/es\/ubicaciones\/north-charleston\/\">reclamaci\u00f3n por da\u00f1os personales<\/a> despu\u00e9s de un accidente de cami\u00f3n debe consultar con un abogado con experiencia.<\/p>\n\n\n\n<p><strong>Da\u00f1os y perjuicios en los casos de accidente de cami\u00f3n North Charleston<\/strong><\/p>\n\n\n\n<p>No se pueden exagerar los efectos que un accidente grave puede tener en la vida de una persona. Inicialmente, la atenci\u00f3n de una v\u00edctima de accidente se centrar\u00e1 necesariamente en su recuperaci\u00f3n f\u00edsica. Sin embargo, una vez que las lesiones f\u00edsicas se han curado, hay otros retos y gastos en el camino de la recuperaci\u00f3n.<\/p>\n\n\n\n<p>Aquellas v\u00edctimas de accidentes que logren demostrar que un conductor de cami\u00f3n negligente fue responsable de sus lesiones podr\u00e1n recuperar dinero por da\u00f1os econ\u00f3micos y no econ\u00f3micos.<\/p>\n\n\n\n<p>Da\u00f1os econ\u00f3micos:<\/p>\n\n\n\n<p>- Facturas m\u00e9dicas anteriores<br>- Futuros gastos m\u00e9dicos<br>- Salarios perdidos<br>- Disminuci\u00f3n de la capacidad de ganancia<\/p>\n\n\n\n<p>Da\u00f1os no econ\u00f3micos:<\/p>\n\n\n\n<p>- Dolor y sufrimiento<br>- Angustia mental<br>- Humillaci\u00f3n<br>- Desfiguraci\u00f3n<br>- P\u00e9rdida de reputaci\u00f3n<br>- Angustia emocional<br>- P\u00e9rdida de disfrute de la vida<br>- Deterioro f\u00edsico<br>- Inconvenientes<br>- P\u00e9rdida de consorcio (que implica una relaci\u00f3n conyugal)<br>- P\u00e9rdida de la sociedad y del compa\u00f1erismo (que implica una relaci\u00f3n con los dem\u00e1s)<\/p>\n\n\n\n<p>La indemnizaci\u00f3n a la que puede acceder una v\u00edctima de accidente a trav\u00e9s de un caso de accidente de cami\u00f3n North Charleston var\u00eda en funci\u00f3n de cada caso. Las v\u00edctimas de accidentes deben <a href=\"https:\/\/www.steinberglawfirm.com\/es\/practice-areas\/lesiones-personales\/\">contacte con un abogado especializado en lesiones personales<\/a> para que les ayuden a entender sus derechos.<\/p>\n\n\n\n<h3 class=\"wp-block-heading\">P\u00f3ngase en contacto con el Steinberg Law Firm para la asistencia inmediata con su North Charleston reclamaci\u00f3n de accidente de cami\u00f3n<\/h3>\n\n\n\n<p>Si ha resultado herido en un accidente de cami\u00f3n North Charleston, <a href=\"https:\/\/www.steinberglawfirm.com\/es\/\">nuestros abogados de lesiones personales quieren ayudar<\/a>. Representamos a clientes en <a href=\"https:\/\/www.steinberglawfirm.com\/es\/practice-areas\/\">todo tipo de reclamaciones por lesiones<\/a>incluyendo los que implican <a href=\"https:\/\/www.steinberglawfirm.com\/es\/lesiones-personales\/accidentes-de-camiones\/abogado-de-accidentes-de-semirremolque\/\">accidentes graves de semirremolque<\/a>y otros accidentes en los que est\u00e9n implicados grandes camiones y veh\u00edculos comerciales. <a href=\"https:\/\/www.steinberglawfirm.com\/es\/abogado\/\">Nuestro equipo de abogados es tanto un h\u00e1bil negociador como un agresivo litigante<\/a>. Somos capaces de cambiar sin problemas entre esas funciones cuando sea necesario para ayudar a maximizar sus posibilidades de recuperaci\u00f3n. Representamos a clientes en <a href=\"https:\/\/maps.app.goo.gl\/Vw8QfJYVAUYanXUd9\" target=\"_blank\" rel=\"noreferrer noopener\">North Charleston<\/a> y a lo largo de South Carolina. <a href=\"https:\/\/www.steinberglawfirm.com\/es\/consulta-gratuita\/\">Llamar es gratis<\/a>y porque <a href=\"https:\/\/www.steinberglawfirm.com\/es\/no-hay-que-pagar-si-no-se-gana\/\">ofrecemos una promesa de no pago<\/a>No pagas a menos que ganemos.<\/p>\n\n\n\n<p>Estamos deseando hablar con usted y ayudarle a usted y a su familia en el proceso de recuperaci\u00f3n. Para saber m\u00e1s sobre c\u00f3mo podemos ayudarle a presentar una reclamaci\u00f3n de indemnizaci\u00f3n basada en las lesiones que usted o su ser querido han sufrido, <a href=\"tel:843-720-2800\">llame al 843-720-2800<\/a>o <a href=\"https:\/\/www.steinberglawfirm.com\/es\/contacte-con-nosotros\/\">contacte con nosotros a trav\u00e9s de nuestro formulario online<\/a>.<\/p>","protected":false},"excerpt":{"rendered":"<p>North Charleston, SC Abogado de Accidente de Cami\u00f3n South Carolina abogados de lesiones personales ayudar a las v\u00edctimas de accidentes de mantener a los conductores de camiones negligentes responsable Semirremolques y otros veh\u00edculos comerciales de gran tama\u00f1o son fundamentales para la econom\u00eda de la naci\u00f3n. Mientras que la mayor\u00eda de los conductores de camiones son profesionales que toman sus responsabilidades en serio, que por desgracia no es el caso para todos ellos. De hecho,...<\/p>","protected":false},"author":1,"featured_media":20608,"parent":13448,"menu_order":0,"comment_status":"closed","ping_status":"closed","template":"","meta":{"_acf_changed":false,"footnotes":""},"class_list":["post-13458","page","type-page","status-publish","has-post-thumbnail","hentry"],"acf":[],"_links":{"self":[{"href":"https:\/\/www.steinberglawfirm.com\/es\/wp-json\/wp\/v2\/pages\/13458","targetHints":{"allow":["GET"]}}],"collection":[{"href":"https:\/\/www.steinberglawfirm.com\/es\/wp-json\/wp\/v2\/pages"}],"about":[{"href":"https:\/\/www.steinberglawfirm.com\/es\/wp-json\/wp\/v2\/types\/page"}],"author":[{"embeddable":true,"href":"https:\/\/www.steinberglawfirm.com\/es\/wp-json\/wp\/v2\/users\/1"}],"replies":[{"embeddable":true,"href":"https:\/\/www.steinberglawfirm.com\/es\/wp-json\/wp\/v2\/comments?post=13458"}],"version-history":[{"count":13,"href":"https:\/\/www.steinberglawfirm.com\/es\/wp-json\/wp\/v2\/pages\/13458\/revisions"}],"predecessor-version":[{"id":32960,"href":"https:\/\/www.steinberglawfirm.com\/es\/wp-json\/wp\/v2\/pages\/13458\/revisions\/32960"}],"up":[{"embeddable":true,"href":"https:\/\/www.steinberglawfirm.com\/es\/wp-json\/wp\/v2\/pages\/13448"}],"wp:featuredmedia":[{"embeddable":true,"href":"https:\/\/www.steinberglawfirm.com\/es\/wp-json\/wp\/v2\/media\/20608"}],"wp:attachment":[{"href":"https:\/\/www.steinberglawfirm.com\/es\/wp-json\/wp\/v2\/media?parent=13458"}],"curies":[{"name":"wp","href":"https:\/\/api.w.org\/{rel}","templated":true}]}}