{"id":13476,"date":"2020-10-26T21:54:23","date_gmt":"2020-10-26T21:54:23","guid":{"rendered":"https:\/\/www.steinberglawfirm.com\/?page_id=13476"},"modified":"2026-03-05T22:24:54","modified_gmt":"2026-03-05T22:24:54","slug":"abogado-de-accidentes-de-resbalon-y-caida","status":"publish","type":"page","link":"https:\/\/www.steinberglawfirm.com\/es\/ubicaciones\/north-charleston\/abogado-de-accidentes-de-resbalon-y-caida\/","title":{"rendered":"North Charleston Abogados de resbalones y ca\u00eddas"},"content":{"rendered":"<h1 class=\"wp-block-heading\">North Charleston Abogados de resbalones y ca\u00eddas<\/h1>\n\n\n\n<h2 class=\"wp-block-heading\"><em>Abogados de lesiones para reclamaciones contra propietarios negligentes en South Carolina<\/em><\/h2>\n\n\n\n<p>Ya sea para visitar Riverfront Park, ir a una de las cervecer\u00edas o destiler\u00edas locales, asistir a un concierto o hacer algo de deporte. <a href=\"https:\/\/www.steinberglawfirm.com\/es\/lesiones-personales\/responsabilidad-civil-de-los-locales\/centro-comercial-northwoods\/\">compras serias en el centro comercial<\/a> o <a href=\"https:\/\/www.steinberglawfirm.com\/es\/lesiones-personales\/responsabilidad-civil-de-los-locales\/tanger-outlets-charleston\/\">Tiendas Tanger<\/a>, Siempre hay algo que hacer en North Charleston.&nbsp;<\/p>\n\n\n\n<p>North Charleston las empresas reciben bien a los visitantes, y la mayor\u00eda asume la responsabilidad de mantener sus locales en condiciones de seguridad y advertir a los visitantes de cualquier riesgo oculto. Sin embargo, cuando una empresa incumple esta obligaci\u00f3n, pueden producirse lesiones graves.&nbsp;<\/p>\n\n\n\n<p>Si ha sufrido lesiones mientras visitaba un negocio o local North Charleston, hable con un <a href=\"https:\/\/www.steinberglawfirm.com\/es\/ubicaciones\/north-charleston\/\">abogado experto en accidentes por resbalones y ca\u00eddas North Charleston<\/a> hoy. El equipo de la <a href=\"https:\/\/www.steinberglawfirm.com\/es\/\">Steinberg Law Firm<\/a> est\u00e1 aqu\u00ed para luchar por los perjudicados en incidentes de resbalones y ca\u00eddas y otros casos de responsabilidad de locales.<\/p>\n\n\n\n<h2 class=\"wp-block-heading\">Accidentes comunes en North Charleston<\/h2>\n\n\n\n<p>South Carolina Las leyes de responsabilidad de las instalaciones exigen que un negocio solucione los problemas que puedan causar lesiones a los visitantes. Si un peligro oculto no puede rectificarse inmediatamente, el negocio debe notificarlo a los visitantes.<\/p>\n\n\n\n<p>Entre los incidentes comunes de responsabilidad de los locales que provocan lesiones en el North Charleston se incluyen accidentes por resbalones y ca\u00eddas, piezas y materiales de construcci\u00f3n rotos o defectuosos, lesiones relacionadas con muebles y accesorios, y lesiones derivadas de una seguridad inadecuada.&nbsp;<\/p>\n\n\n\n<h3 class=\"wp-block-heading\">Accidentes por resbalones, tropiezos y ca\u00eddas en North Charleston<\/h3>\n\n\n\n<p>Si alguna vez ha visto un <a href=\"https:\/\/www.steinberglawfirm.com\/es\/blog\/me-resbale-y-me-cai-en-la-tienda-por-culpa-de-un-suelo-mojado-y-no-hubo-una-advertencia-adecuada-quien-es-responsable-de-mis-lesiones-por-la-caida\/\">\u201cse\u00f1al de \u201dsuelo mojado<\/a> en un supermercado North Charleston u otra tienda, ha visto un negocio intentando advertir a sus clientes sobre un <a href=\"https:\/\/www.steinberglawfirm.com\/es\/lesiones-personales\/responsabilidad-civil-de-los-locales\/resbalones-y-caidas\/\">riesgo de resbalones y ca\u00eddas<\/a>.\u00a0<\/p>\n\n\n\n<p><a href=\"https:\/\/www.cdc.gov\/falls\/data-research\/facts-stats\/index.html#:~:text=Each%20year%2C%20there%20are%20about%203%20million%20emergency%20department%20visits%20due%20to%20older%20people%20falls.2\" target=\"_blank\" rel=\"noreferrer noopener\">Seg\u00fan los CDC<\/a>, Cada a\u00f1o, unos 3 millones de ancianos son atendidos en los servicios de urgencias de EE.UU. por lesiones relacionadas con ca\u00eddas.<\/p>\n\n\n\n<p>Seg\u00fan la <a href=\"https:\/\/www.cdc.gov\/nchs\/data\/nhamcs\/web_tables\/2022-nhamcs-ed-web-tables.pdf\" target=\"_blank\" rel=\"noreferrer noopener\">Encuesta nacional de atenci\u00f3n m\u00e9dica ambulatoria hospitalaria 2022<\/a>, las ca\u00eddas supusieron unas 10.000 visitas al hospital. Adem\u00e1s, las <a href=\"https:\/\/blog.ansi.org\/ansi\/osha-2025-top-10-violations\/\" target=\"_blank\" rel=\"noreferrer noopener\">Instituto Nacional Estadounidense de Normalizaci\u00f3n<\/a> descubri\u00f3 que la infracci\u00f3n n\u00famero uno de la OSHA era la protecci\u00f3n contra ca\u00eddas. \u201cLas ca\u00eddas son 100% evitables\u201d, afirma el Consejo Nacional de Seguridad.<br><br>Sin embargo, cuando un negocio no toma las debidas precauciones para evitarlos, un cliente puede resultar lesionado. Los derrames pueden provocar resbalones y ca\u00eddas, especialmente en restaurantes, eventos de camiones de comida u otros establecimientos de restauraci\u00f3n. La suciedad y los escombros pueden hacer que alguien pierda el equilibrio tanto en interiores como en exteriores. Los objetos dejados en los pasillos tambi\u00e9n pueden hacer que los visitantes tropiecen y se caigan. Lo mismo puede ocurrir con los cables sueltos en un concierto u otro lugar.&nbsp;<\/p>\n\n\n\n<h3 class=\"wp-block-heading\">Suelos rotos, barandillas y peligros en los edificios<\/h3>\n\n\n\n<p>Para evitar resbalones, tropiezos y ca\u00eddas, muchos locales instalan suelos antideslizantes, barandillas, pelda\u00f1os y otros elementos de seguridad. Muchos de estos elementos son tan sencillos y eficaces que la ley South Carolina los exige para garantizar la seguridad de los visitantes del negocio y evitar lesiones.&nbsp;<\/p>\n\n\n\n<p>Caerse por las escaleras puede provocar lesiones que \u201ccambian la vida\u201d, seg\u00fan el fabricante de dispositivos de seguridad para escaleras Amstep. Aproximadamente un mill\u00f3n de estadounidenses se lesionan cada a\u00f1o en las escaleras, lo que provoca hasta 12.000 muertes anuales. Pueden producirse esguinces, torceduras, lesiones medulares, lesiones craneales y cerebrales, da\u00f1os en la espalda o el cuello, fracturas \u00f3seas y hemorragias internas. En algunos casos, un visitante puede no darse cuenta de que una escalera est\u00e1 rota hasta que se produce una lesi\u00f3n.\u00a0<\/p>\n\n\n\n<p>\u201cLa \u201dsuperficie de paso\" es la causa principal de la mitad de los accidentes por resbalones y ca\u00eddas, seg\u00fan el National Flooring Safety Institute (NFSI). Las baldosas rotas o sueltas, los pasillos desiguales, el lin\u00f3leo burbujeante y las moquetas rasgadas pueden aumentar el riesgo de resbal\u00f3n, tropiezo o ca\u00edda.&nbsp;<\/p>\n\n\n\n<p>Los pasamanos rotos tambi\u00e9n pueden provocar una ca\u00edda. En mayo de 2025, un hombre se cay\u00f3 del puente Cosgrove en North Charleston. Sobrevivi\u00f3 a la ca\u00edda, pero qued\u00f3 atrapado en el barro bajo el puente. <em>*Descargo de responsabilidad: Steinberg Law Firm no est\u00e1 directamente implicado en este caso concreto.<\/em><\/p>\n\n\n\n<h3 class=\"wp-block-heading\">Lesiones relacionadas con muebles, electrodom\u00e9sticos y enseres<\/h3>\n\n\n\n<p>La responsabilidad de una empresa en materia de seguridad de los locales no termina con su edificio. Tambi\u00e9n se extiende al contenido del edificio, las mesas, sillas, mostradores, estanter\u00edas, bancos, cocinas, frigor\u00edficos, surtidores y otros elementos que contenga y que puedan afectar a la seguridad y la salud de los visitantes.<\/p>\n\n\n\n<p>Aproximadamente 25.500 personas requieren asistencia en urgencias cada a\u00f1o cuando los muebles se caen o vuelcan, provocando lesiones. De media, 571 personas mueren cada a\u00f1o en accidentes relacionados con muebles, seg\u00fan la Comisi\u00f3n para la Seguridad de los Productos de Consumo (CPSC). Alrededor del 9% de estas lesiones y muertes se producen en locales comerciales y otros lugares p\u00fablicos.&nbsp;<\/p>\n\n\n\n<p>Los lugares en los que un mueble, electrodom\u00e9stico u otro accesorio defectuoso o roto puede causar da\u00f1os en North Charleston incluyen:<\/p>\n\n\n\n<ul class=\"wp-block-list\">\n<li><strong>Camiones de comida: <\/strong>Problemas con el horno o <a href=\"https:\/\/www.steinberglawfirm.com\/es\/lesiones-personales\/productos-peligrosos\/explosion-de-un-deposito-de-propano\/\">dep\u00f3sitos de propano defectuosos<\/a> pueden incendiarse o explotar, causando lesiones. Los frigor\u00edficos cuya temperatura interna no se comprueba pueden no mantener fr\u00edos los alimentos, provocando intoxicaciones alimentarias.\u00a0<\/li>\n\n\n\n<li><strong>Restaurantes y cervecer\u00edas: <\/strong>Adem\u00e1s de los problemas con el horno o el frigor\u00edfico, los muebles rotos pueden causar lesiones, sobre todo si el personal no comprueba regularmente la estabilidad de sillas, mesas y bancos.<\/li>\n\n\n\n<li><strong>Museos: <\/strong>Las vitrinas y estanter\u00edas pueden derrumbarse por desgaste o defectos ocultos. Las exposiciones interactivas suelen sufrir m\u00e1s desgaste y, por tanto, presentan un mayor riesgo de derrumbe.<\/li>\n\n\n\n<li><strong>Salas de conciertos: <\/strong>Las condiciones inseguras de los sistemas el\u00e9ctricos, los asientos, las puertas de salida y las barandillas pueden provocar lesiones.&nbsp;<\/li>\n<\/ul>\n\n\n\n<p>Tambi\u00e9n pueden producirse otras lesiones. Hable con un <a href=\"https:\/\/www.steinberglawfirm.com\/es\/ubicaciones\/north-charleston\/abogado-de-responsabilidad-civil\/\">North Charleston abogado de responsabilidad civil<\/a> para saber m\u00e1s.\u00a0<\/p>\n\n\n\n<h3 class=\"wp-block-heading\">Seguridad y lesiones por ataques de terceros<\/h3>\n\n\n\n<p>En julio de 2025, un agente uniformado del Departamento de Polic\u00eda de North Charleston recibi\u00f3 un disparo cuando intentaba detener a un sospechoso de hurto en una tienda Wal-Mart de North Charleston. El incidente pone de relieve la importancia de la seguridad de los locales y el peligro potencial de un ataque por parte de otra persona si un negocio no protege a sus clientes.&nbsp;<\/p>\n\n\n\n<p>La seguridad inadecuada puede incluir la falta de c\u00e1maras de seguridad, detectores de metales u otras medidas de seguridad. Los guardias de seguridad pueden estar ausentes del lugar, incluso cuando hay grandes multitudes o art\u00edculos valiosos en el lugar, lo que sugiere que estos guardias deber\u00edan estar presentes. La falta de iluminaci\u00f3n adecuada, especialmente en aparcamientos, aseos y otros lugares cerrados o apartados, tambi\u00e9n puede suponer un riesgo para la seguridad.<\/p>\n\n\n\n<p>Cuando otro visitante o intruso lesiona a un cliente, la empresa puede ser responsable por no proporcionar la seguridad adecuada. El perjudicado tambi\u00e9n puede reclamar una indemnizaci\u00f3n a la persona que le caus\u00f3 el da\u00f1o.&nbsp;<\/p>\n\n\n\n<h2 class=\"wp-block-heading\">Lesiones comunes de accidentes de responsabilidad de locales North Charleston<\/h2>\n\n\n\n<p><a href=\"https:\/\/www.steinberglawfirm.com\/es\/lesiones-personales\/responsabilidad-civil-de-los-locales\/\">Accidentes de responsabilidad civil<\/a> pueden producirse de diversas formas y dar lugar a distintos tipos de lesiones. Las lesiones m\u00e1s comunes son:<\/p>\n\n\n\n<ul class=\"wp-block-list\">\n<li><a href=\"https:\/\/www.steinberglawfirm.com\/es\/lesiones-personales\/casos-de-lesiones-graves\/lesion-cerebral-traumatica\/\">Lesiones craneales y cerebrales<\/a>,<\/li>\n\n\n\n<li><a href=\"https:\/\/www.steinberglawfirm.com\/es\/lesiones-personales\/lesiones-en-la-cabeza-el-cerebro-y-la-columna-vertebral\/lesiones-de-la-columna-vertebral-2\/\">Lesiones de cuello, espalda y m\u00e9dula espinal<\/a>,\u00a0<\/li>\n\n\n\n<li>Huesos rotos,<\/li>\n\n\n\n<li>Hemorragia interna y da\u00f1os en los \u00f3rganos,<\/li>\n\n\n\n<li>Esguinces, distensiones, desgarros musculares y otros da\u00f1os en los tejidos blandos,<\/li>\n\n\n\n<li>Da\u00f1o nervioso,<\/li>\n\n\n\n<li>Cortes, rasgu\u00f1os, laceraciones y heridas punzantes.<\/li>\n<\/ul>\n\n\n\n<p>Cada situaci\u00f3n de lesi\u00f3n es \u00fanica. No es raro que una persona lesionada sufra m\u00e1s de un tipo de lesi\u00f3n. Un abogado con experiencia en North Charleston puede ayudarle a demostrar el alcance total de sus lesiones y su necesidad de indemnizaci\u00f3n.&nbsp;<\/p>\n\n\n\n<h2 class=\"wp-block-heading\">Obligaci\u00f3n del propietario con los visitantes en North Charleston<\/h2>\n\n\n\n<p>El art\u00edculo South Carolina obliga a los propietarios a mantener sus locales comerciales en condiciones razonablemente seguras para los visitantes. Un peligro que no sea inmediatamente aparente y no pueda abordarse f\u00e1cilmente exige que la empresa informe a sus visitantes sobre el riesgo. Los dem\u00e1s propietarios deben evitar negligencias graves o \u201comisiones voluntarias o malintencionadas de vigilancia o advertencia\u201d de peligros.<\/p>\n\n\n\n<p>Las empresas suelen esgrimir contraargumentos cuando se les acusa de negligencia. Por ejemplo, una empresa puede alegar que un peligro era tan evidente que la persona perjudicada deber\u00eda haberlo visto y evitado por s\u00ed misma. La empresa puede alegar que s\u00ed avis\u00f3, que sus medidas de seguridad u otras eran adecuadas o que nadie pod\u00eda haber detectado el problema hasta que se produjo el da\u00f1o. Todos estos argumentos son intentos de reducir o eludir la responsabilidad y evitar pagar a la persona perjudicada la indemnizaci\u00f3n que necesita.&nbsp;<\/p>\n\n\n\n<p>Despu\u00e9s de una lesi\u00f3n, una persona lesionada debe demostrar que el propietario fue negligente en el cumplimiento de su deber de mantener las instalaciones seguras o de proporcionar advertencias adecuadas. La persona lesionada tambi\u00e9n debe demostrar que el incumplimiento de la empresa fue la causa real y previsible de las lesiones. Por \u00faltimo, la persona lesionada debe demostrar que ha sufrido da\u00f1os y perjuicios indemnizables en una demanda por responsabilidad de las instalaciones.&nbsp;<\/p>\n\n\n\n<h2 class=\"wp-block-heading\">Indemnizaci\u00f3n en reclamaciones por resbalones y ca\u00eddas North Charleston<\/h2>\n\n\n\n<p>Tras una lesi\u00f3n por responsabilidad de un local, la persona lesionada puede reclamar tanto da\u00f1os financieros (o \u201cecon\u00f3micos\u201d) como personales (o \u201cno econ\u00f3micos\u201d).&nbsp;<\/p>\n\n\n\n<p>Los da\u00f1os econ\u00f3micos son de naturaleza financiera. Las pruebas que justifican los da\u00f1os econ\u00f3micos suelen consistir en facturas, recibos y otros documentos que demuestren exactamente lo que ha pagado o lo que debe. Los da\u00f1os econ\u00f3micos comunes despu\u00e9s de una lesi\u00f3n de responsabilidad de locales incluyen:<\/p>\n\n\n\n<ul class=\"wp-block-list\">\n<li>Facturas m\u00e9dicas, tanto de los gastos m\u00e9dicos pasados como de los que pueda necesitar en el futuro,<\/li>\n\n\n\n<li>Salarios perdidos, incluidos los salarios perdidos si sus lesiones le limitan o le impiden trabajar,<\/li>\n\n\n\n<li>Costes de reparaci\u00f3n o sustituci\u00f3n de bienes, si alguna pertenencia result\u00f3 da\u00f1ada en el siniestro.<\/li>\n<\/ul>\n\n\n\n<p>Los da\u00f1os no econ\u00f3micos cubren elementos que no siempre tienen un precio, pero que causan problemas continuos en su vida. Los da\u00f1os no econ\u00f3micos comunes pueden incluir:<\/p>\n\n\n\n<ul class=\"wp-block-list\">\n<li>Dolor y sufrimiento f\u00edsico consciente,<\/li>\n\n\n\n<li>Angustia mental y emocional, como la derivada de una desfiguraci\u00f3n permanente,<\/li>\n\n\n\n<li>P\u00e9rdida del disfrute de la vida.&nbsp;<\/li>\n<\/ul>\n\n\n\n<p>Sus lesiones son \u00fanicas, y tambi\u00e9n lo es su indemnizaci\u00f3n. Habla con un abogado que pueda ayudarte a calcular con exactitud la indemnizaci\u00f3n que te corresponde en cada caso.&nbsp;<\/p>\n\n\n\n<h2 class=\"wp-block-heading\">Llame hoy mismo a nuestros abogados expertos en responsabilidad de locales North Charleston<\/h2>\n\n\n\n<p>Si usted o un ser querido ha sufrido lesiones en un accidente de resbal\u00f3n y ca\u00edda North Charleston, llame a la Steinberg Law Firm hoy para discutir su caso. <a href=\"https:\/\/maps.app.goo.gl\/Vw8QfJYVAUYanXUd9\" target=\"_blank\" rel=\"noreferrer noopener\">Los abogados de responsabilidad civil de los locales de Steinberg Law Firm est\u00e1n dispuestos a ayudarle y apoyarle<\/a> en cada paso del proceso de recuperaci\u00f3n. Con nuestra ayuda, puedes reclamar la indemnizaci\u00f3n que necesitas y mereces tras un accidente grave.<br><br>Llevamos m\u00e1s de 95 a\u00f1os ayudando con \u00e9xito a v\u00edctimas de accidentes y a sus familias a conseguir la indemnizaci\u00f3n que merecen, y estamos deseando trabajar con usted. Para obtener m\u00e1s informaci\u00f3n y para <a href=\"https:\/\/www.steinberglawfirm.com\/es\/consulta-gratuita\/\">programar una consulta gratuita<\/a> con un abogado, llame al <a href=\"tel:1-843-720-2800\">843-720-2800<\/a>. Tambi\u00e9n puede <a href=\"https:\/\/www.steinberglawfirm.com\/es\/contacte-con-nosotros\/\">contacte con nosotros a trav\u00e9s de nuestro formulario en l\u00ednea<\/a>.<\/p>","protected":false},"excerpt":{"rendered":"<p>North Charleston Abogados de resbalones y ca\u00eddas Abogados de lesiones para reclamaciones contra propietarios negligentes en South Carolina Si usted est\u00e1 visitando Riverfront Park, golpeando una de las cervecer\u00edas locales o destiler\u00edas, asistiendo a un concierto, o hacer algunas compras en serio en el centro comercial o Tanger Outlets, siempre hay algo que hacer en North Charleston.  North Charleston...<\/p>","protected":false},"author":1,"featured_media":20608,"parent":13448,"menu_order":0,"comment_status":"closed","ping_status":"closed","template":"","meta":{"_acf_changed":false,"footnotes":""},"class_list":["post-13476","page","type-page","status-publish","has-post-thumbnail","hentry"],"acf":[],"_links":{"self":[{"href":"https:\/\/www.steinberglawfirm.com\/es\/wp-json\/wp\/v2\/pages\/13476","targetHints":{"allow":["GET"]}}],"collection":[{"href":"https:\/\/www.steinberglawfirm.com\/es\/wp-json\/wp\/v2\/pages"}],"about":[{"href":"https:\/\/www.steinberglawfirm.com\/es\/wp-json\/wp\/v2\/types\/page"}],"author":[{"embeddable":true,"href":"https:\/\/www.steinberglawfirm.com\/es\/wp-json\/wp\/v2\/users\/1"}],"replies":[{"embeddable":true,"href":"https:\/\/www.steinberglawfirm.com\/es\/wp-json\/wp\/v2\/comments?post=13476"}],"version-history":[{"count":13,"href":"https:\/\/www.steinberglawfirm.com\/es\/wp-json\/wp\/v2\/pages\/13476\/revisions"}],"predecessor-version":[{"id":35386,"href":"https:\/\/www.steinberglawfirm.com\/es\/wp-json\/wp\/v2\/pages\/13476\/revisions\/35386"}],"up":[{"embeddable":true,"href":"https:\/\/www.steinberglawfirm.com\/es\/wp-json\/wp\/v2\/pages\/13448"}],"wp:featuredmedia":[{"embeddable":true,"href":"https:\/\/www.steinberglawfirm.com\/es\/wp-json\/wp\/v2\/media\/20608"}],"wp:attachment":[{"href":"https:\/\/www.steinberglawfirm.com\/es\/wp-json\/wp\/v2\/media?parent=13476"}],"curies":[{"name":"wp","href":"https:\/\/api.w.org\/{rel}","templated":true}]}}