{"id":14028,"date":"2020-12-08T01:19:35","date_gmt":"2020-12-08T01:19:35","guid":{"rendered":"https:\/\/www.steinberglawfirm.com\/?page_id=14028"},"modified":"2024-08-22T15:25:28","modified_gmt":"2024-08-22T15:25:28","slug":"abogado-especialista-en-lesiones-de-nacimiento","status":"publish","type":"page","link":"https:\/\/www.steinberglawfirm.com\/es\/ubicaciones\/north-charleston\/abogado-especialista-en-lesiones-de-nacimiento\/","title":{"rendered":"North Charleston Abogado de lesiones de nacimiento"},"content":{"rendered":"<h1 class=\"wp-block-heading\">Abogado de Lesiones de Nacimiento Sirviendo North Charleston, SC<\/h1>\n\n\n\n<h2 class=\"wp-block-heading\">South Carolina Abogados especializados en negligencias m\u00e9dicas ayudan a madres y beb\u00e9s lesionados durante el parto<\/h2>\n\n\n\n<p>Has pensado mucho en el lugar elegido para dar a luz a tu beb\u00e9. Hablaste con amigos, le\u00edste opiniones, preguntaste a tu m\u00e9dico de cabecera y visitaste el hospital. Al final, ha elegido un hospital en el que conf\u00eda. Sin embargo, los hospitales no siempre est\u00e1n a la altura de su reputaci\u00f3n ni de nuestras expectativas. De hecho, por cada 1.000 beb\u00e9s nacidos en Estados Unidos, entre seis y ocho sufrir\u00e1n alg\u00fan tipo de lesi\u00f3n en el parto evitable. Dependiendo de la gravedad de la lesi\u00f3n, la vida de su hijo puede no ser nunca como usted la hab\u00eda imaginado.<\/p>\n\n\n\n<p>El <a href=\"https:\/\/www.steinberglawfirm.com\/es\/\">Steinberg Law Firm es un respetado bufete de abogados de lesiones por nacimiento North Charleston<\/a> defendiendo a las v\u00edctimas de lesiones durante m\u00e1s de 95 a\u00f1os. Desde 1927, hemos manejado <a href=\"https:\/\/www.steinberglawfirm.com\/es\/practice-areas\/lesiones-personales\/\">todo tipo de da\u00f1os personales<\/a> y <a href=\"https:\/\/www.steinberglawfirm.com\/es\/lesiones-personales\/mala-praxis-medica\/\">reclamaciones por negligencia m\u00e9dica<\/a>, incluyendo <a href=\"https:\/\/www.steinberglawfirm.com\/es\/lesiones-personales\/abogados-especializados-en-lesiones-de-nacimiento-2\/\">demandas por lesiones de nacimiento<\/a>. No s\u00f3lo tenemos un firme conocimiento de esta compleja \u00e1rea del derecho, sino que tambi\u00e9n poseemos las habilidades de litigaci\u00f3n y la dedicaci\u00f3n para llevar su reclamaci\u00f3n con \u00e9xito.<\/p>\n\n\n\n<p><strong>\u00bfQu\u00e9 es una lesi\u00f3n de nacimiento?<\/strong><\/p>\n\n\n\n<p>Una lesi\u00f3n en el parto se produce cuando un m\u00e9dico u otro profesional de la medicina no proporciona el nivel adecuado de atenci\u00f3n a una madre o a su beb\u00e9 durante el proceso de parto y alumbramiento, causando en \u00faltima instancia lesiones al beb\u00e9. Hay muchas causas posibles de lesiones en el parto, como falta de ox\u00edgeno en el cerebro, traumatismo f\u00edsico durante el parto e infecci\u00f3n. Dependiendo del alcance de los da\u00f1os causados al beb\u00e9, estas lesiones pueden ir desde peque\u00f1os golpes y magulladuras hasta lesiones importantes que cambian la vida.<\/p>\n\n\n\n<p>Aunque hay muchos tipos de lesiones en el parto, las siguientes son algunas de las m\u00e1s comunes:<\/p>\n\n\n\n<p>- Infecciones evitables<br>- Par\u00e1lisis cerebral<br>- Par\u00e1lisis de Erb<br>- Da\u00f1o cerebral<br>- Fracturas<br>- Hemorragia subconjuntival<br>- Lesi\u00f3n del plexo braquial<br>- Par\u00e1lisis facial<\/p>\n\n\n\n<p>Si su hijo sufre alguna de estas afecciones, o usted perdi\u00f3 tr\u00e1gicamente a su hijo durante el proceso de parto, puede tener derecho a una compensaci\u00f3n monetaria a trav\u00e9s de una demanda por negligencia m\u00e9dica North Charleston.<\/p>\n\n\n\n<p><strong>Da\u00f1os y perjuicios en un caso de lesi\u00f3n de nacimiento South Carolina<\/strong><\/p>\n\n\n\n<p>Aunque la tragedia de una lesi\u00f3n en el parto es insondable para muchas familias, dependiendo de la gravedad de la lesi\u00f3n, existe una posibilidad muy real de que un beb\u00e9 nunca se recupere del todo. Los padres pueden recuperar una indemnizaci\u00f3n por las lesiones que sufri\u00f3 su hijo, incluyendo cantidades por lo siguiente:<\/p>\n\n\n\n<p>- Facturas m\u00e9dicas y hospitalarias<br>- Futuros gastos m\u00e9dicos<br>- Coste de la asistencia a domicilio<br>- Dolor y sufrimiento<br>- Tecnolog\u00eda adaptativa necesaria<br>- Gastos de educaci\u00f3n especial<br>- P\u00e9rdida de las prestaciones del seguro<br>- Salarios perdidos<\/p>\n\n\n\n<p>No hay dos beb\u00e9s iguales, y no hay dos casos de lesiones de nacimiento id\u00e9nticos. <a href=\"https:\/\/www.steinberglawfirm.com\/es\/\">En el Steinberg Law Firm<\/a>En el caso de los abogados de la empresa, adoptamos un enfoque individual para cada caso, tom\u00e1ndonos el tiempo necesario para conocerle a usted y sus prioridades antes de recomendar cualquier curso de acci\u00f3n.<\/p>\n\n\n\n<h3 class=\"wp-block-heading\">P\u00f3ngase en contacto con nuestros abogados de lesiones de nacimiento North Charleston hoy mismo<\/h3>\n\n\n\n<p>Si la esperada alegr\u00eda de traer un hijo al mundo se viera empa\u00f1ada por una tr\u00e1gica lesi\u00f3n en el parto, <a href=\"https:\/\/www.steinberglawfirm.com\/es\/contacte-con-nosotros\/\">contacte con el Steinberg Law Firm para obtener asistencia inmediata<\/a>. Nuestro <a href=\"https:\/\/www.steinberglawfirm.com\/es\/abogado\/\">equipo de abogados especializados en lesiones por nacimiento North Charleston<\/a> trabajar\u00e1 estrechamente con usted y su familia para ayudarle a conseguir la compensaci\u00f3n que merece. Con <a href=\"https:\/\/www.steinberglawfirm.com\/es\/sobre-nosotros\/\">m\u00e1s de 95 a\u00f1os de experiencia llevando casos con \u00e9xito<\/a> en nombre de nuestros clientes, sabemos lo que se necesita para tener \u00e9xito en su nombre. <a href=\"tel:843-720-2800\">Llame hoy a nuestras oficinas legales al 843-720-2800<\/a> para hablar con uno de nuestros experimentados miembros del equipo sobre <a href=\"https:\/\/www.steinberglawfirm.com\/es\/lesiones-personales\/abogados-especializados-en-lesiones-de-nacimiento-2\/\">lo que pueden hacer nuestros abogados especializados en lesiones de nacimiento Charleston<\/a> para ti.<\/p>","protected":false},"excerpt":{"rendered":"<p>Abogado especializado en lesiones en el parto que presta servicio en North Charleston, SC South Carolina Los abogados especializados en negligencia m\u00e9dica ayudan a las madres y a los beb\u00e9s lesionados durante el parto Usted pens\u00f3 mucho en el lugar que eligi\u00f3 para dar a luz a su beb\u00e9. Habl\u00f3 con amigos, ley\u00f3 opiniones, pregunt\u00f3 a su m\u00e9dico de cabecera y visit\u00f3 el hospital. Al final, eligi\u00f3 un hospital que...<\/p>","protected":false},"author":1,"featured_media":20610,"parent":13448,"menu_order":0,"comment_status":"closed","ping_status":"closed","template":"","meta":{"_acf_changed":false,"footnotes":""},"class_list":["post-14028","page","type-page","status-publish","has-post-thumbnail","hentry"],"acf":[],"_links":{"self":[{"href":"https:\/\/www.steinberglawfirm.com\/es\/wp-json\/wp\/v2\/pages\/14028","targetHints":{"allow":["GET"]}}],"collection":[{"href":"https:\/\/www.steinberglawfirm.com\/es\/wp-json\/wp\/v2\/pages"}],"about":[{"href":"https:\/\/www.steinberglawfirm.com\/es\/wp-json\/wp\/v2\/types\/page"}],"author":[{"embeddable":true,"href":"https:\/\/www.steinberglawfirm.com\/es\/wp-json\/wp\/v2\/users\/1"}],"replies":[{"embeddable":true,"href":"https:\/\/www.steinberglawfirm.com\/es\/wp-json\/wp\/v2\/comments?post=14028"}],"version-history":[{"count":9,"href":"https:\/\/www.steinberglawfirm.com\/es\/wp-json\/wp\/v2\/pages\/14028\/revisions"}],"predecessor-version":[{"id":31713,"href":"https:\/\/www.steinberglawfirm.com\/es\/wp-json\/wp\/v2\/pages\/14028\/revisions\/31713"}],"up":[{"embeddable":true,"href":"https:\/\/www.steinberglawfirm.com\/es\/wp-json\/wp\/v2\/pages\/13448"}],"wp:featuredmedia":[{"embeddable":true,"href":"https:\/\/www.steinberglawfirm.com\/es\/wp-json\/wp\/v2\/media\/20610"}],"wp:attachment":[{"href":"https:\/\/www.steinberglawfirm.com\/es\/wp-json\/wp\/v2\/media?parent=14028"}],"curies":[{"name":"wp","href":"https:\/\/api.w.org\/{rel}","templated":true}]}}