{"id":14768,"date":"2021-01-22T23:48:42","date_gmt":"2021-01-22T23:48:42","guid":{"rendered":"https:\/\/www.steinberglawfirm.com\/?page_id=14768"},"modified":"2025-08-25T20:34:11","modified_gmt":"2025-08-25T20:34:11","slug":"abogado-de-accidentes-mortales","status":"publish","type":"page","link":"https:\/\/www.steinberglawfirm.com\/es\/ubicaciones\/north-charleston\/abogado-accidente-de-coche-3\/abogado-de-accidentes-mortales\/","title":{"rendered":"North Charleston Abogado de accidentes de tr\u00e1fico mortales"},"content":{"rendered":"<h1 class=\"wp-block-heading\">North Charleston, SC Abogado de Accidente de Coche Fatal<\/h1>\n\n\n\n<h2 class=\"wp-block-heading\"><em>Abogados de homicidio culposo al servicio de los condados de Dorchester, Charleston y Berkeley<\/em><\/h2>\n\n\n\n<p>En la \u00faltima d\u00e9cada, North Charleston ha visto c\u00f3mo se trasladaba a la ciudad un gran n\u00famero de nuevos residentes. North Charleston es un gran lugar para vivir, trabajar y formar una familia. En su mayor parte, este crecimiento es bienvenido, ya que aporta m\u00e1s puestos de trabajo. Sin embargo, con el aumento de la poblaci\u00f3n tambi\u00e9n aumenta el n\u00famero de coches en circulaci\u00f3n. En parte, esta es la raz\u00f3n por la que el n\u00famero de accidentes de tr\u00e1fico mortales North Charleston ha ido en aumento.<\/p>\n\n\n\n<p><a href=\"https:\/\/www.steinberglawfirm.com\/es\/lesiones-personales\/accidentes-de-trafico-2\/accidente-de-coche-mortal\/\">Perder a un ser querido en un accidente de tr\u00e1fico evitable<\/a> es una tragedia que nadie deber\u00eda vivir. Cada a\u00f1o, m\u00e1s de 1.000 familias ven c\u00f3mo un ser querido les es arrebatado por la imprudencia de otro conductor. En <a href=\"https:\/\/www.steinberglawfirm.com\/es\/ubicaciones\/north-charleston\/\">North Charleston abogados de lesiones personales en el Steinberg Law Firm<\/a> est\u00e1n aqu\u00ed para ayudar. Tenemos m\u00e1s de 95 a\u00f1os de experiencia ayudando a las familias a recuperar la compensaci\u00f3n financiera por sus p\u00e9rdidas mediante la celebraci\u00f3n de los conductores negligentes responsables de sus acciones. Entendemos que nada puede traer de vuelta a un ser querido; sin embargo, con nuestra ayuda, es posible que no tenga que lidiar con las cargas financieras de su p\u00e9rdida.<\/p>\n\n\n\n<h3 class=\"wp-block-heading\">Estad\u00edsticas de accidentes de tr\u00e1fico<\/h3>\n\n\n\n<p>La Administraci\u00f3n Nacional de Seguridad del Tr\u00e1fico en Carretera (NHTSA) estima que 8.650 personas murieron en accidentes de tr\u00e1fico en todo el pa\u00eds en el primer trimestre de 2024, un 3,2 menos que en el primer trimestre de 2023.&nbsp;<\/p>\n\n\n\n<p>Sin embargo, esta disminuci\u00f3n no se distribuy\u00f3 uniformemente en todo el pa\u00eds. South Carolina y los estados vecinos de Tennessee, Georgia, Alabama y Florida vieron una disminuci\u00f3n general del 12 por ciento en el primer trimestre de 2024 de accidentes de tr\u00e1fico mortales en comparaci\u00f3n con el primer trimestre de 2023. Northern y estados del noreste, incluyendo los Grandes Lagos y Nueva Inglaterra, sin embargo, vieron aumentos en los accidentes mortales.&nbsp;<\/p>\n\n\n\n<p>South Carolina registr\u00f3 aproximadamente 251 muertes en el primer trimestre de 2023 y 232 en el primer trimestre de 2024, lo que representa un descenso del 7,6.&nbsp;<\/p>\n\n\n\n<p>Estas cifras son una inversi\u00f3n reciente de una tendencia general m\u00e1s amplia. A m\u00e1s largo plazo, las carreteras de South Carolina son cada vez m\u00e1s mort\u00edferas. De 2013 a 2023, las tasas de accidentes de tr\u00e1fico de South Carolina aumentaron un 34%, y las tasas de mortalidad aumentaron un 9%.<\/p>\n\n\n\n<p>Seg\u00fan la <a href=\"https:\/\/www.steinberglawfirm.com\/es\/estudio-de-casos-de-accidentes-de-camiones-8\/\">datos m\u00e1s recientes<\/a> compilado por el Departamento de Seguridad P\u00fablica South Carolina, en 2022:<\/p>\n\n\n\n<ul class=\"wp-block-list\">\n<li>Se produjo una colisi\u00f3n de tr\u00e1fico cada 3,7 minutos en South Carolina.<\/li>\n\n\n\n<li>Cada 8,6 horas se produce una colisi\u00f3n mortal.&nbsp;<\/li>\n\n\n\n<li>Al menos una persona fue <a href=\"https:\/\/www.steinberglawfirm.com\/es\/lesiones-personales\/accidentes-de-trafico-2\/\">herido en un accidente<\/a> cada 15,4 minutos.<\/li>\n\n\n\n<li>Cada 4,9 minutos se producen da\u00f1os materiales en un accidente.<\/li>\n<\/ul>\n\n\n\n<h3 class=\"wp-block-heading\">South Carolina Estad\u00edsticas de v\u00edctimas mortales<\/h3>\n\n\n\n<p>Una persona muri\u00f3 cada 8 horas, de media, en un accidente de tr\u00e1fico en 2022. Entre estas muertes:<\/p>\n\n\n\n<ul class=\"wp-block-list\">\n<li>Una persona muri\u00f3 en un <a href=\"https:\/\/www.steinberglawfirm.com\/es\/ubicaciones\/north-charleston\/abogado-accidente-de-coche-3\/abogado-de-lesiones-por-conduccion-en-estado-de-ebriedad\/\">Accidente relacionado con la conducci\u00f3n bajo los efectos del alcohol<\/a> cada 18,5 horas.<\/li>\n\n\n\n<li>Un motorista muere cada 2,5 d\u00edas.<\/li>\n\n\n\n<li>Muri\u00f3 un ciclista cada 14,6 d\u00edas.<\/li>\n\n\n\n<li>Un peat\u00f3n muere cada 2,1 d\u00edas.&nbsp;<\/li>\n\n\n\n<li>Cada 22,6 horas muere un pasajero sin cintur\u00f3n de seguridad.&nbsp;<\/li>\n\n\n\n<li>Un adolescente mor\u00eda o resultaba herido cada hora y media.<\/li>\n\n\n\n<li>Un ni\u00f1o menor de 8 a\u00f1os result\u00f3 gravemente herido o muerto cada 5,9 d\u00edas.&nbsp;<\/li>\n<\/ul>\n\n\n\n<p>En 2022, <a href=\"https:\/\/www.steinberglawfirm.com\/es\/lesiones-personales\/muerte-por-negligencia-2\/accidentes-mortales-en-bicicleta\/\">25 ciclistas muertos en carreteras South Carolina<\/a>frente a los 23 de 2021. Adem\u00e1s, el 53,9% de los fallecidos en accidente de tr\u00e1fico en 2022 no llevaban puesto el cintur\u00f3n de seguridad cuando dispon\u00edan de \u00e9l.&nbsp;<\/p>\n\n\n\n<p>Los accidentes mortales no se distribuyeron uniformemente entre todos los tipos de veh\u00edculos en 2022. Por ejemplo:<\/p>\n\n\n\n<ul class=\"wp-block-list\">\n<li>528 muertes se produjeron en accidentes de tr\u00e1fico,<\/li>\n\n\n\n<li>294 muertes se produjeron en <a href=\"https:\/\/www.steinberglawfirm.com\/es\/ubicaciones\/north-charleston\/camion-accidente-abogado\/abogados-de-accidentes-de-camionetas\/\">accidentes de camionetas<\/a>,<\/li>\n\n\n\n<li>Se produjeron 81 muertes en accidentes de tractor-remolque,<\/li>\n\n\n\n<li>35 muertes se produjeron en colisiones en las que se vieron implicados otros tipos de camiones,<\/li>\n\n\n\n<li>22 muertes se produjeron en colisiones en las que se vieron implicadas furgonetas de pasajeros de tama\u00f1o normal,<\/li>\n\n\n\n<li>Se produjeron 27 muertes en accidentes de monovol\u00famenes,<\/li>\n\n\n\n<li>357 muertes se produjeron en accidentes de todoterrenos,<\/li>\n\n\n\n<li>147 muertes se produjeron en accidentes de motocicleta,<\/li>\n\n\n\n<li>23 muertes se produjeron en accidentes en los que estaban implicados otros tipos de motocicletas,&nbsp;<\/li>\n\n\n\n<li>25 muertes se produjeron en <a href=\"https:\/\/www.steinberglawfirm.com\/es\/ubicaciones\/north-charleston\/abogados-de-accidentes-de-moto-3\/\">accidentes de bicicleta<\/a>,<\/li>\n\n\n\n<li>En 173 muertes un veh\u00edculo atropell\u00f3 a un peat\u00f3n,<\/li>\n\n\n\n<li>7 muertes se produjeron al colisionar un veh\u00edculo con un tren y<\/li>\n\n\n\n<li>4 muertos en accidente de autob\u00fas escolar.<\/li>\n<\/ul>\n\n\n\n<p>Estas colisiones costaron al estado y a sus habitantes aproximadamente $5.100 millones en facturas m\u00e9dicas, p\u00e9rdida de salarios y otros gastos.&nbsp;<\/p>\n\n\n\n<p>El Departamento de Seguridad P\u00fablica de South Carolina define el \"factor contribuyente principal\" de un choque como la raz\u00f3n o causa principal de un choque. En 2022, el SCDPS determin\u00f3 que el conductor de un veh\u00edculo implicado en un accidente mortal fue el factor contribuyente principal en el 82,32 por ciento de los accidentes. En el 15,42 por ciento, un \"no motorista\" fue el factor contribuyente principal. <a href=\"https:\/\/www.steinberglawfirm.com\/es\/lesiones-personales\/accidentes-de-trafico-2\/coche-defectos-o-funciones\/\">Defectos del veh\u00edculo<\/a> fueron el factor principal en el 0,98% de las colisiones mortales.&nbsp;<\/p>\n\n\n\n<h3 class=\"wp-block-heading\">El comportamiento del conductor, principal factor en la mayor\u00eda de los accidentes South Carolina<\/h3>\n\n\n\n<p>Muchos tipos de comportamiento del conductor pueden ser el \"factor contribuyente primario\" de un choque. Seg\u00fan SCDPS, en 2022:<\/p>\n\n\n\n<ul class=\"wp-block-list\">\n<li>41 accidentes mortales se debieron a que un conductor no respet\u00f3 una se\u00f1al de tr\u00e1fico.<\/li>\n\n\n\n<li>5 accidentes mortales fueron causados por conductores distra\u00eddos o que no prestaban atenci\u00f3n.<\/li>\n\n\n\n<li>218 accidentes mortales se produjeron cuando un conductor circulaba demasiado r\u00e1pido para las condiciones.<\/li>\n\n\n\n<li>22 colisiones mortales se produjeron cuando un conductor superaba el l\u00edmite de velocidad establecido.<\/li>\n\n\n\n<li>97 accidentes mortales se debieron a que un conductor no cedi\u00f3 el paso.<\/li>\n\n\n\n<li>27 accidentes mortales fueron causados por un conductor que se sali\u00f3 de la carretera.<\/li>\n\n\n\n<li>6 accidentes mortales se produjeron cuando un conductor se qued\u00f3 dormido al volante.<\/li>\n\n\n\n<li>6 accidentes mortales se produjeron cuando un conductor hizo un giro indebido.<\/li>\n\n\n\n<li>29 accidentes mortales fueron causados por un conductor que conduc\u00eda de forma agresiva.<\/li>\n\n\n\n<li>74 accidentes mortales fueron causados por un conductor que circulaba en sentido contrario por un carril de circulaci\u00f3n.<\/li>\n\n\n\n<li>247 accidentes mortales fueron causados por un conductor que conduc\u00eda bajo los efectos del alcohol o las drogas.&nbsp;<\/li>\n<\/ul>\n\n\n\n<p>Entre los principales defectos de los veh\u00edculos que el SCDPS enumer\u00f3 como \"factor contribuyente principal\" de un accidente mortal en 2022 se incluyen:<\/p>\n\n\n\n<ul class=\"wp-block-list\">\n<li>Problemas de neum\u00e1ticos y ruedas<\/li>\n\n\n\n<li>Problemas con las luces del veh\u00edculo<\/li>\n\n\n\n<li>Otros defectos del veh\u00edculo<\/li>\n<\/ul>\n\n\n\n<p>El SCDPS define el \"primer evento perjudicial\" como la lesi\u00f3n o da\u00f1o a la propiedad que se produce en el primer momento tras una colisi\u00f3n. En algunas colisiones, el primer suceso lesivo es el \u00fanico suceso lesivo; en otras, el primer suceso lesivo desencadena una reacci\u00f3n en cadena que causa m\u00e1s lesiones, da\u00f1os materiales o muertes.&nbsp;<\/p>\n\n\n\n<p>En 2022, el primer evento perjudicial en el 60,31 de las colisiones de tr\u00e1fico mortales fue una colisi\u00f3n con un objeto no fijo como otro veh\u00edculo o una persona. En el 34,28% de las colisiones mortales, el primer evento lesivo se produjo cuando un veh\u00edculo choc\u00f3 contra un objeto fijo como una barandilla o un poste de la luz.&nbsp;<\/p>\n\n\n\n<p>M\u00e1s del 5% de las colisiones no tuvieron la colisi\u00f3n como primer suceso perjudicial. Por ejemplo, en estas colisiones se vio implicado un veh\u00edculo que cruz\u00f3 una mediana o l\u00ednea central (3 muertes), un veh\u00edculo que volc\u00f3 (24 muertes) o una persona que cay\u00f3 de un veh\u00edculo de dos ruedas como una bicicleta o motocicleta (25 muertes).<\/p>\n\n\n\n<p>El \"primer evento lesivo\" no siempre es el que mata a una persona. Sin embargo, identificar este suceso ayuda a los investigadores a comprender la cadena de causas que provocaron la muerte o lesiones graves en un accidente.&nbsp;<\/p>\n\n\n\n<h3 class=\"wp-block-heading\">South Carolina Datos demogr\u00e1ficos de accidentes mortales de tr\u00e1fico&nbsp;<\/h3>\n\n\n\n<p>SCDPS tambi\u00e9n realiza un seguimiento de las caracter\u00edsticas de los conductores que est\u00e1n conectadas con los accidentes de tr\u00e1fico mortales en el estado. En 2022, SCDPS registr\u00f3 que:<\/p>\n\n\n\n<ul class=\"wp-block-list\">\n<li>El 70,5% de los conductores implicados en accidentes mortales eran hombres, mientras que el 26,5% eran mujeres.<\/li>\n\n\n\n<li>Los hombres de 20 a 24 a\u00f1os representan s\u00f3lo el 3,7% de todos los conductores con carn\u00e9, pero suponen el 8,3% de los conductores implicados en accidentes de tr\u00e1fico mortales.&nbsp;<\/li>\n\n\n\n<li>Las mujeres de 20 a 24 a\u00f1os representan el 3,7% de todos los conductores con carn\u00e9, pero s\u00f3lo representan el 2,9% de los conductores implicados en accidentes mortales.&nbsp;<\/li>\n\n\n\n<li>Los conductores de fuera del estado estuvieron implicados en el 14,2% de todos los accidentes de tr\u00e1fico mortales. Casi la mitad de los conductores de fuera del estado implicados en colisiones mortales proceden de s\u00f3lo tres estados: North Carolina, Georgia y Florida.&nbsp;<\/li>\n<\/ul>\n\n\n\n<p>SCDPS determin\u00f3 que el 91,7 por ciento de todos los factores primarios que contribuyen a los accidentes automovil\u00edsticos mortales estaban relacionados con el conductor en 2022.<\/p>\n\n\n\n<h3 class=\"wp-block-heading\">Las carreteras, d\u00edas y meses m\u00e1s peligrosos en South Carolina<\/h3>\n\n\n\n<p>En algunas carreteras se producen m\u00e1s accidentes mortales en South Carolina que en otras. En 2022:<\/p>\n\n\n\n<ul class=\"wp-block-list\">\n<li>Autopistas interestatales: 160 muertos<\/li>\n\n\n\n<li>Autopistas principales de EE.UU: 486 muertos<\/li>\n\n\n\n<li>SC V\u00edas primarias: 419 muertes<\/li>\n\n\n\n<li>Calles secundarias: 424 muertes<\/li>\n<\/ul>\n\n\n\n<p>En 2022, 54 conductores se vieron implicados en colisiones mortales en carreteras comarcales. Siete conductores estuvieron implicados en un accidente mortal en una rampa de autopista.&nbsp;<\/p>\n\n\n\n<p>Las estad\u00edsticas demuestran que, aunque pueden producirse accidentes mortales en cualquier momento, determinadas horas del d\u00eda y del a\u00f1o son m\u00e1s peligrosas que otras. Por ejemplo:<\/p>\n\n\n\n<ul class=\"wp-block-list\">\n<li><strong>Las colisiones mortales son m\u00e1s probables en octubre <\/strong>(107 muertes), julio (98 muertes) y septiembre (91 muertes).&nbsp;<\/li>\n\n\n\n<li><strong>El mayor n\u00famero de muertes por accidente de tr\u00e1fico se produce los viernes, s\u00e1bados y domingos.<\/strong> Estos tres d\u00edas representaron el 50,9% de todas las muertes de tr\u00e1fico en el SC en 2022. De ellos, el domingo fue el m\u00e1s mort\u00edfero, con un 19,4% de todas las muertes.&nbsp;<\/li>\n\n\n\n<li><strong>El fin de semana festivo del Memorial Day fue el m\u00e1s mort\u00edfero<\/strong> en las carreteras South Carolina en 2022, con una muerte cada 4,6 horas.<\/li>\n\n\n\n<li><strong>Los accidentes de tr\u00e1fico son m\u00e1s frecuentes entre las 15.00 y las 18.00 horas<\/strong>Sin embargo, los accidentes mortales suelen producirse entre las 21.00 y las 24.00 horas.&nbsp;<\/li>\n<\/ul>\n\n\n\n<h3 class=\"wp-block-heading\">Tendencias en North Charleston, SC<\/h3>\n\n\n\n<p>Las estad\u00edsticas de North Charleston tienden a ser paralelas a las del estado en su conjunto. En 2021, se produjeron 24 accidentes de tr\u00e1fico mortales en North Charleston, en los que se vieron implicados 34 veh\u00edculos. En total, 27 personas murieron en estos accidentes. Trece peatones murieron en North Charleston en 2021.&nbsp;<\/p>\n\n\n\n<p>Los \u00edndices totales de accidentes mortales del South Carolina pueden haber descendido en los \u00faltimos a\u00f1os, pero los del North Charleston est\u00e1n aumentando. Por ejemplo, el recuento total de accidentes mortales de 2021 de 24 es superior al total de 2020 de 21 accidentes mortales en North Charleston. Tambi\u00e9n murieron m\u00e1s personas en accidentes North Charleston en 2021 que en 2020 (27 frente a 22).<\/p>\n\n\n\n<h3 class=\"wp-block-heading\">Causas de los accidentes de tr\u00e1fico mortales North Charleston<\/h3>\n\n\n\n<p>Los accidentes de tr\u00e1fico mortales pueden ocurrir en cualquier tipo de carretera; sin embargo, estos accidentes tienden a ocurrir con m\u00e1s frecuencia en grandes autopistas y carreteras estatales. Debido a su ubicaci\u00f3n entre la Charleston y la Summerville, la North Charleston recibe mucho tr\u00e1fico de paso. Dos de las principales autopistas de la zona, <a href=\"https:\/\/www.steinberglawfirm.com\/es\/lesiones-personales\/accidentes-de-trafico-2\/carreteras-mas-peligrosas-de-las-carolinas-del-sur-i-526-y-i-26\/\">Interestatales 26 y 526<\/a>pasan justo por la North Charleston. Las personas que trabajan en Charleston y viven en Summerville, Sangaree, Lincolnville y otras ciudades cercanas, utilizan estas autopistas para desplazarse. Por lo tanto, North Charleston ve m\u00e1s que el tr\u00e1fico t\u00edpico que cualquier otra ciudad experimenta.<\/p>\n\n\n\n<p>La ubicaci\u00f3n de North Charleston impacta fuertemente en las causas m\u00e1s comunes de accidentes en la ciudad. Por ejemplo, seg\u00fan el Departamento de Seguridad P\u00fablica de South Carolina, las principales razones de los accidentes de coche mortales en los condados de Charleston, Berkeley y Dorchester incluyen:<\/p>\n\n\n\n<p>- No ceder el paso<br>- Salirse de la carretera<br>- Cambio de carril inadecuado<br>- Conducir demasiado r\u00e1pido para las condiciones<br>- Conducci\u00f3n distra\u00edda<br>- Seguir demasiado de cerca<\/p>\n\n\n\n<p>Despu\u00e9s de perder a un ser querido en un accidente de tr\u00e1fico mortal North Charleston, puede que no sea evidente qu\u00e9 caus\u00f3 la colisi\u00f3n. Aunque esto es normal, tambi\u00e9n puede poner estr\u00e9s adicional en una familia ya afligida. Mientras que una investigaci\u00f3n policial puede arrojar algo de luz sobre lo que contribuy\u00f3 al accidente y puede resultar en cargos criminales que se presenten contra el conductor culpable, esto har\u00e1 poco para ayudar a la familia de la v\u00edctima del accidente fallecido. Sin embargo, los seres queridos supervivientes pueden interponer una <a href=\"https:\/\/www.steinberglawfirm.com\/es\/lesiones-personales\/muerte-por-negligencia-2\/\">South Carolina reclamaci\u00f3n por homicidio culposo<\/a>.<\/p>\n\n\n\n<h3 class=\"wp-block-heading\">\u00bfQu\u00e9 es una reclamaci\u00f3n de muerte por negligencia South Carolina?<\/h3>\n\n\n\n<p>Cuando la negligencia de un conductor causa la muerte de otra persona, puede enfrentarse a cargos penales. A menudo, esto implica situaciones en las que el conductor culpable estaba intoxicado o conduc\u00eda agresivamente. Los cargos penales se presentan contra el conductor sobre la base de su presunta violaci\u00f3n de un estatuto estatal. Si es condenado, el conductor puede enfrentar encarcelamiento, y puede ser ordenado a pagar los costos de la corte y multas. Sin embargo, una condena penal en un caso penal har\u00e1 poco o nada para ayudar a la familia de una v\u00edctima de accidente. En su lugar, pueden presentar su propio <a href=\"https:\/\/www.steinberglawfirm.com\/es\/ubicaciones\/north-charleston\/abogado-de-muerte-por-negligencia-2\/\">North Charleston reclamaci\u00f3n de muerte por negligencia<\/a>.<\/p>\n\n\n\n<p>Una demanda por homicidio culposo es un tipo de demanda por lesiones personales presentada por los seres queridos supervivientes de una v\u00edctima de accidente fallecida. El objetivo de una demanda por homicidio culposo es indemnizar a la v\u00edctima por los da\u00f1os sufridos debido a la negligencia del demandado. En este sentido, estas demandas son similares a las tradicionales <a href=\"https:\/\/www.steinberglawfirm.com\/es\/ubicaciones\/north-charleston\/abogado-accidente-de-coche-3\/\">North Charleston demandas por accidente de coche<\/a>.<\/p>\n\n\n\n<p>Para presentar con \u00e9xito un caso de muerte por negligencia, un demandante debe demostrar que el otro conductor fue legalmente negligente. Para ello, debe ser capaz de establecer que el \"acto il\u00edcito, negligencia o incumplimiento\" de otra persona caus\u00f3 la muerte de su ser querido.<\/p>\n\n\n\n<p>En el <a href=\"https:\/\/www.steinberglawfirm.com\/es\/\">Steinberg Law Firm<\/a>, ayudamos a las familias afectadas por la tragedia de un accidente de tr\u00e1fico mortal North Charleston. Estamos aqu\u00ed para responder a sus preguntas sobre el proceso y ofrecerle un asesoramiento bien razonado sobre sus opciones. Si decide presentar una demanda por homicidio culposo, le acompa\u00f1aremos en cada paso del proceso. Con nuestra ayuda, usted puede ser capaz de recuperar una compensaci\u00f3n monetaria significativa por la p\u00e9rdida de su ser querido.<\/p>\n\n\n\n<h3 class=\"wp-block-heading\">Da\u00f1os y perjuicios en un accidente de tr\u00e1fico mortal North Charleston<\/h3>\n\n\n\n<p>Despu\u00e9s de un accidente de coche mortal, el dolor que experimenta una familia no puede medirse, ciertamente por ninguna cantidad de dinero. De hecho, pocas familias que han perdido a un ser querido en un accidente de coche mortal North Charleston piensan inicialmente en presentar una demanda por homicidio culposo. Sin embargo, una vez que se dan cuenta de su p\u00e9rdida, muchas familias se dan cuenta de que no s\u00f3lo han sufrido una p\u00e9rdida emocional, sino tambi\u00e9n financiera. Una demanda por homicidio culposo puede ayudar a las familias a hacer frente a los numerosos costes asociados a un accidente de tr\u00e1fico mortal, entre ellos:<\/p>\n\n\n\n<p>- Los gastos relacionados con cualquier atenci\u00f3n m\u00e9dica prestada a su ser querido antes de su muerte;<br>- Cualquier gasto de funeral y entierro;<br>- Los salarios perdidos, incluida la p\u00e9rdida de los ingresos futuros que la v\u00edctima del accidente habr\u00eda esperado razonablemente ganar a lo largo de su vida;<\/p>\n\n\n\n<p>Se denominan \"da\u00f1os econ\u00f3micos\", porque se refieren a las p\u00e9rdidas financieras de la familia relacionadas con el accidente. Las familias tambi\u00e9n pueden obtener \"da\u00f1os no econ\u00f3micos\", que proporcionan una compensaci\u00f3n por las p\u00e9rdidas menos tangibles, pero igualmente importantes. Los da\u00f1os no econ\u00f3micos en una demanda por muerte por negligencia pueden incluir:<\/p>\n\n\n\n<p>- Angustia emocional<br>- P\u00e9rdida de consorcio (que implica una relaci\u00f3n conyugal)<br>- P\u00e9rdida de la sociedad y del compa\u00f1erismo (que implica una relaci\u00f3n con los dem\u00e1s)<br>- Angustia mental<br>- Dolor y sufrimiento<\/p>\n\n\n\n<p>En particular, mientras que algunos estados limitan la cuant\u00eda de los da\u00f1os no econ\u00f3micos que una familia puede recibir en una demanda por muerte por negligencia derivada de un accidente de tr\u00e1fico mortal, el South Carolina no impone tales l\u00edmites.&nbsp;<\/p>\n\n\n\n<p>Sin embargo, muchas familias se encuentran con obst\u00e1culos a la hora de presentar una demanda por homicidio culposo North Charleston tras un accidente de tr\u00e1fico mortal. Por ejemplo, el conductor culpable suele argumentar que la v\u00edctima fallecida era total o parcialmente responsable de la colisi\u00f3n. En <a href=\"https:\/\/www.steinberglawfirm.com\/es\/articulos\/negligencia-comparativa-en-carolina-del-sur\/\">Leyes de negligencia comparativa modificadas de South Carolina.<\/a>Una familia puede reclamar contra otras partes siempre que la negligencia de su ser querido no supere la negligencia total de las otras partes juntas. Los familiares a\u00fan pueden presentar una demanda contra otra parte si su ser querido tuvo menos del 51 por ciento de culpa. Sin embargo, si un juez o un jurado determina que una v\u00edctima de accidente tuvo parte de la culpa, el tribunal reducir\u00e1 la indemnizaci\u00f3n por da\u00f1os y perjuicios de esa parte en funci\u00f3n de su porcentaje de culpa.<\/p>\n\n\n\n<p>Por ejemplo, supongamos que un conductor es atropellado y muere en un accidente de tr\u00e1fico North Charleston. El jurado determina que los da\u00f1os de la familia ascienden a $1.000.000, y que su ser querido es responsable del accidente en un 15%. En este caso, la indemnizaci\u00f3n total de la familia ser\u00eda de $850.000 ($1.000.000 menos el 15%). Por lo tanto, es crucial que las familias trabajen con un <a href=\"https:\/\/maps.app.goo.gl\/Vw8QfJYVAUYanXUd9\" target=\"_blank\" rel=\"noreferrer noopener\">abogado con experiencia en accidentes de coche North Charleston<\/a> que sepa refutar las alegaciones de los demandados de que su ser querido comparti\u00f3 la culpa de causar el accidente.<\/p>\n\n\n\n<h2 class=\"wp-block-heading\">North Charleston Abogados ayudan a las familias devastadas por accidentes mortales<\/h2>\n\n\n\n<p><a href=\"https:\/\/www.steinberglawfirm.com\/es\/lesiones-personales\/accidentes-de-trafico-2\/accidente-de-coche-mortal\/\">Accidentes mortales de tr\u00e1fico en South Carolina<\/a>especialmente en North Charleston, puede ser devastador para las familias que se enfrentan a la p\u00e9rdida repentina de un ser querido. En el <a href=\"https:\/\/www.steinberglawfirm.com\/es\/\">Steinberg Law Firm<\/a>Comprendemos el inmenso dolor y las dificultades que siguen a una tragedia de este tipo. <a href=\"https:\/\/www.steinberglawfirm.com\/es\/abogado\/\">Nuestros compasivos abogados<\/a> tienen experiencia en el manejo de estos casos graves, ofreciendo tanto orientaci\u00f3n legal y apoyo emocional para ayudar a las familias a trav\u00e9s de este dif\u00edcil momento. Trabajamos incansablemente para obtener justicia y una compensaci\u00f3n justa, permitiendo que su familia comience el proceso de curaci\u00f3n. Perm\u00edtanos ayudarle en este dif\u00edcil camino. Ll\u00e1menos hoy al <a href=\"tel:1-843-720-2800\">843-720-2800<\/a> para una consulta gratuita.<\/p>","protected":false},"excerpt":{"rendered":"<p>North Charleston, SC Abogado de Accidente de Auto Fatal Abogados de Muerte Injusta Sirviendo los Condados de Dorchester, Charleston, y Berkeley Durante la ultima decada, North Charleston ha visto un gran numero de nuevos residentes mudarse a la ciudad. North Charleston es un gran lugar para vivir, trabajar y criar una familia. En su mayor parte, este crecimiento es bienvenido, ya que...<\/p>","protected":false},"author":1,"featured_media":20608,"parent":13472,"menu_order":0,"comment_status":"closed","ping_status":"closed","template":"","meta":{"_acf_changed":false,"footnotes":""},"class_list":["post-14768","page","type-page","status-publish","has-post-thumbnail","hentry"],"acf":[],"_links":{"self":[{"href":"https:\/\/www.steinberglawfirm.com\/es\/wp-json\/wp\/v2\/pages\/14768","targetHints":{"allow":["GET"]}}],"collection":[{"href":"https:\/\/www.steinberglawfirm.com\/es\/wp-json\/wp\/v2\/pages"}],"about":[{"href":"https:\/\/www.steinberglawfirm.com\/es\/wp-json\/wp\/v2\/types\/page"}],"author":[{"embeddable":true,"href":"https:\/\/www.steinberglawfirm.com\/es\/wp-json\/wp\/v2\/users\/1"}],"replies":[{"embeddable":true,"href":"https:\/\/www.steinberglawfirm.com\/es\/wp-json\/wp\/v2\/comments?post=14768"}],"version-history":[{"count":19,"href":"https:\/\/www.steinberglawfirm.com\/es\/wp-json\/wp\/v2\/pages\/14768\/revisions"}],"predecessor-version":[{"id":34137,"href":"https:\/\/www.steinberglawfirm.com\/es\/wp-json\/wp\/v2\/pages\/14768\/revisions\/34137"}],"up":[{"embeddable":true,"href":"https:\/\/www.steinberglawfirm.com\/es\/wp-json\/wp\/v2\/pages\/13472"}],"wp:featuredmedia":[{"embeddable":true,"href":"https:\/\/www.steinberglawfirm.com\/es\/wp-json\/wp\/v2\/media\/20608"}],"wp:attachment":[{"href":"https:\/\/www.steinberglawfirm.com\/es\/wp-json\/wp\/v2\/media?parent=14768"}],"curies":[{"name":"wp","href":"https:\/\/api.w.org\/{rel}","templated":true}]}}