{"id":15378,"date":"2021-01-24T20:10:14","date_gmt":"2021-01-24T20:10:14","guid":{"rendered":"https:\/\/www.steinberglawfirm.com\/?page_id=14784"},"modified":"2025-07-29T23:11:33","modified_gmt":"2025-07-29T23:11:33","slug":"heridos-trabajadores-de-almacen","status":"publish","type":"page","link":"https:\/\/www.steinberglawfirm.com\/es\/ubicaciones\/north-charleston\/abogado-especialista-en-indemnizaciones-laborales-2\/heridos-trabajadores-de-almacen\/","title":{"rendered":"Trabajadores de almac\u00e9n lesionados"},"content":{"rendered":"<h1 class=\"wp-block-heading\">North Charleston Abogado de indemnizaci\u00f3n laboral para trabajadores de almac\u00e9n lesionados<\/h1>\n\n\n\n<h2 class=\"wp-block-heading\">South Carolina Abogados de lesiones en el trabajo<\/h2>\n\n\n\n<p>En Estados Unidos hay m\u00e1s de un mill\u00f3n de trabajadores de almac\u00e9n. A medida que crecen las compras en l\u00ednea, aumenta tambi\u00e9n la necesidad de mozos de almac\u00e9n.&nbsp;<\/p>\n\n\n\n<p>Sin embargo, para quienes trabajan en almacenes, la <a href=\"https:\/\/www.steinberglawfirm.com\/es\/blog\/los-10-trabajos-mas-peligrosos-de-carolina-del-sur\/\">el trabajo puede ser peligroso<\/a>. Las lesiones por accidentes o por trabajos f\u00edsicos repetidos son frecuentes. En algunos casos, un accidente provoca lesiones catastr\u00f3ficas o mortales.\u00a0<\/p>\n\n\n\n<p>Una lesi\u00f3n puede causar da\u00f1os permanentes y duraderos en el cuerpo de un empleado de almac\u00e9n. Tambi\u00e9n puede impedirles ganar el dinero que ellos y su familia necesitan. Las deudas se acumulan y las familias tienen dificultades para pagar las facturas.&nbsp;<\/p>\n\n\n\n<p>Si usted o un ser querido ha resultado herido o muerto mientras trabajaba en un almac\u00e9n North Charleston, llame al Steinberg Law Firm. Nuestra <a href=\"https:\/\/www.steinberglawfirm.com\/es\/indemnizacion-de-los-trabajadores\/warehouse-injury-lawyers\/\">abogados expertos en indemnizaci\u00f3n de trabajadores de almac\u00e9n<\/a> puede ayudarle a obtener las prestaciones que usted y su familia necesitan.&nbsp;<\/p>\n\n\n\n<h2 class=\"wp-block-heading\">Estad\u00edsticas de trabajo y lesiones en los almacenes<\/h2>\n\n\n\n<p>South Carolina alberga uno de los puertos de contenedores de m\u00e1s r\u00e1pido crecimiento de Estados Unidos. La inversi\u00f3n estatal en transporte, distribuci\u00f3n y log\u00edstica -incluido el almacenamiento- creci\u00f3 en $2.100 millones de 2017 a 2023.&nbsp;<\/p>\n\n\n\n<p>South Carolina conf\u00eda en sus trabajadores de almac\u00e9n. La Oficina de Estad\u00edsticas Laborales (BLS) calcula que en mayo de 2025, 451.100 trabajadores de South Carolina trabajaban en \"comercio, transporte y servicios p\u00fablicos\", un campo que incluye el trabajo de almac\u00e9n. Esta cifra ha aumentado de forma constante a lo largo del tiempo.&nbsp;<\/p>\n\n\n\n<p>Las lesiones y enfermedades profesionales son frecuentes en el sector del almacenamiento. En 2023, el 51% de todas las lesiones laborales se produjeron en trabajos de comercio, transporte, servicios p\u00fablicos y fabricaci\u00f3n, a pesar de que s\u00f3lo el 37% de los trabajadores South Carolina trabajan en este sector. Los trabajadores de almac\u00e9n se enfrentan a riesgos de lesiones en mayor medida que muchos otros trabajadores South Carolina.&nbsp;<\/p>\n\n\n\n<h2 class=\"wp-block-heading\">Causas habituales de lesiones laborales en los almacenes<\/h2>\n\n\n\n<p>Los trabajadores de almac\u00e9n se enfrentan a varios riesgos de lesiones en el trabajo. Entre las causas m\u00e1s comunes de lesiones en los almacenes se incluyen:<\/p>\n\n\n\n<ul class=\"wp-block-list\">\n<li><strong>Carretillas elevadoras y otros equipos. <\/strong><a href=\"https:\/\/www.steinberglawfirm.com\/es\/indemnizacion-de-los-trabajadores\/accidente-con-carretilla-elevadora\/\">Carretillas elevadoras<\/a>Los andamios, las transpaletas, las cizallas y otros equipos son esenciales para el trabajo en el almac\u00e9n, pero tambi\u00e9n pueden ser peligrosos. El contacto con estos equipos puede provocar lesiones graves. <a href=\"https:\/\/www.steinberglawfirm.com\/es\/lesiones-personales\/productos-peligrosos\/\">Defectos ocultos en los equipos<\/a> pueden causar da\u00f1os antes de que los trabajadores se den cuenta de que algo va mal.<\/li>\n\n\n\n<li><strong>Ca\u00edda de pal\u00e9s y cajas. <\/strong>Los pal\u00e9s, cajas y otros objetos que caen de andamios, carretillas elevadoras, elevadores de tijera o pilas pueden golpear o aplastar a los trabajadores que se encuentran debajo.<\/li>\n\n\n\n<li><strong>Trabajadores desatentos o fatigados. <\/strong>El trabajo de almac\u00e9n suele implicar un ritmo r\u00e1pido y largas jornadas. Los trabajadores concentrados en su trabajo pueden no prestar atenci\u00f3n a su entorno, provoc\u00e1ndose lesiones a s\u00ed mismos o a otro trabajador.<\/li>\n\n\n\n<li><strong>Resbalones, tropiezos y ca\u00eddas. <\/strong>Los derrames, escombros o herramientas en el suelo pueden causar un <a href=\"https:\/\/www.steinberglawfirm.com\/es\/ubicaciones\/north-charleston\/abogado-de-accidentes-de-resbalon-y-caida\/\">resbal\u00f3n o tropiezo<\/a>. Las ca\u00eddas desde una altura, como desde un andamio o una escalera, est\u00e1n relacionadas con un mayor riesgo de lesiones graves y muerte.<\/li>\n<\/ul>\n\n\n\n<p>No todas las lesiones que se producen en un almac\u00e9n son consecuencia de un \u00fanico accidente. Los trabajadores deben levantar y bajar objetos pesados, agacharse, alcanzar objetos por encima de la cabeza, empujar y tirar de cargas pesadas, o deben doblarse o retorcerse para alcanzar objetos. Con el tiempo, estas acciones pueden causar <a href=\"https:\/\/www.steinberglawfirm.com\/es\/indemnizacion-de-los-trabajadores\/lesiones-por-movimientos-repetitivos-en-carolina-del-sur\/\">lesiones por estr\u00e9s repetitivo<\/a> en el cuerpo. La indemnizaci\u00f3n laboral tambi\u00e9n puede cubrir el tratamiento de estas lesiones.<\/p>\n\n\n\n<h2 class=\"wp-block-heading\">Tipos habituales de lesiones laborales en el almac\u00e9n<\/h2>\n\n\n\n<p>Los trabajadores de almac\u00e9n se enfrentan a varios riesgos de lesiones en el trabajo. Los tipos m\u00e1s comunes de lesiones de almac\u00e9n incluyen lesiones auditivas, da\u00f1os en las manos, lesiones de espalda y hombros dislocados.<\/p>\n\n\n\n<ul class=\"wp-block-list\">\n<li><strong>Lesiones auditivas <\/strong>est\u00e1n causados por la exposici\u00f3n habitual a ruidos fuertes, que puede darse en el sector de los almacenes. Alrededor del 40 por ciento de todos los trabajadores de almac\u00e9n de EE.UU. est\u00e1n expuestos a niveles de ruido peligrosos, seg\u00fan los CDC, lo que provoca problemas de audici\u00f3n hasta en un 20 por ciento de los trabajadores.<\/li>\n\n\n\n<li><strong>Lesiones en las manos <\/strong>se producen al utilizar equipos o realizar movimientos repetitivos, como abrir o mover paquetes. El trabajo en almacenes es uno de los cinco sectores con m\u00e1s lesiones relacionadas con las manos.<\/li>\n\n\n\n<li><strong><a href=\"https:\/\/www.steinberglawfirm.com\/es\/indemnizacion-de-los-trabajadores\/indemnizacion-para-un-empleado-que-sufre-una-lesion-en-el-trabajo\/\">Lesiones en la espalda<\/a>, <\/strong>como las distensiones y los esguinces, pueden derivarse f\u00e1cilmente del sobreesfuerzo, los movimientos repetitivos y las posturas forzadas, todos ellos habituales en el trabajo de almac\u00e9n. La lesi\u00f3n de espalda m\u00e1s frecuente en el trabajo de almac\u00e9n es la provocada por agacharse repetidamente o levantar objetos pesados.<\/li>\n\n\n\n<li><strong><a href=\"https:\/\/www.steinberglawfirm.com\/es\/articulos\/luxacion-de-hombro\/\">Hombros dislocados<\/a> <\/strong>son otra lesi\u00f3n laboral com\u00fan en los almacenes. Estas lesiones pueden producirse por los mismos movimientos que las lesiones de espalda. Tambi\u00e9n pueden producirse en una ca\u00edda o al ser golpeado por una caja o una carretilla elevadora.<\/li>\n<\/ul>\n\n\n\n<h2 class=\"wp-block-heading\">South Carolina Conceptos b\u00e1sicos de la compensaci\u00f3n de los trabajadores<\/h2>\n\n\n\n<p><a href=\"https:\/\/www.steinberglawfirm.com\/es\/indemnizacion-de-los-trabajadores\/\">Seguro de accidentes laborales<\/a> cubre determinados gastos si un empleado se lesiona en el trabajo. La empresa contrata un seguro de accidentes de trabajo (o se autoasegura) para cubrir las facturas m\u00e9dicas, parte de los salarios perdidos y determinados gastos de incapacidad permanente si un empleado sufre lesiones relacionadas con el trabajo.&nbsp;<\/p>\n\n\n\n<p>Si te lesionas en el trabajo, d\u00edselo a tu jefe lo antes posible. Puedes informar de tu lesi\u00f3n a cualquier persona que ocupe un puesto de responsabilidad en tu lugar de trabajo, como un supervisor o un encargado. Pide una lista de m\u00e9dicos autorizados y acude a uno en cuanto puedas.<\/p>\n\n\n\n<p>Si necesita ayuda para obtener beneficios, hable con uno de nuestros abogados con experiencia en lesiones de almac\u00e9n.&nbsp;<\/p>\n\n\n\n<h2 class=\"wp-block-heading\">\u00bfNecesito un abogado para mi reclamaci\u00f3n de compensaci\u00f3n laboral?<\/h2>\n\n\n\n<p>South Carolina te permitir\u00e1 luchar por una indemnizaci\u00f3n por accidente laboral sin abogado. Hacer esto cuando usted ya est\u00e1 tratando con una lesi\u00f3n grave puede ser un reto..&nbsp;<\/p>\n\n\n\n<p>Su abogado aumenta sus posibilidades de obtener una indemnizaci\u00f3n completa y justa. Su abogado lo har\u00e1:<\/p>\n\n\n\n<ul class=\"wp-block-list\">\n<li>Investigue su reclamaci\u00f3n,<\/li>\n\n\n\n<li>Archivar la documentaci\u00f3n y cumplir los plazos,<\/li>\n\n\n\n<li>Negociar con las compa\u00f1\u00edas de seguros,<\/li>\n\n\n\n<li>Proteger sus derechos legales, y<\/li>\n\n\n\n<li>Determine si tiene otras formas de obtener m\u00e1s indemnizaci\u00f3n, como un caso adicional de lesiones personales contra una tercera empresa cuyo equipo defectuoso caus\u00f3 el da\u00f1o.&nbsp;<\/li>\n<\/ul>\n\n\n\n<p>Si ha perdido a un ser querido en un accidente laboral, su abogado <a href=\"https:\/\/www.steinberglawfirm.com\/es\/ubicaciones\/north-charleston\/abogado-de-muerte-por-negligencia-2\/\">luche por su derecho a percibir prestaciones<\/a>para que puedas tomarte el tiempo que necesites para llorar la p\u00e9rdida y cuidar de tu familia.<\/p>\n\n\n\n<h2 class=\"wp-block-heading\">Hable con nuestro abogado de Compensaci\u00f3n de Trabajadores North Charleston hoy<\/h2>\n\n\n\n<p>El trabajo de almac\u00e9n es una parte esencial de la econom\u00eda de South Carolina y una fuente de orgullo e ingresos para muchos trabajadores. Sin embargo, en los entornos de almac\u00e9n se producen con frecuencia lesiones graves....&nbsp;<\/p>\n\n\n\n<p>Si se ha lesionado trabajando en un almac\u00e9n, hable con el equipo del <a href=\"https:\/\/www.steinberglawfirm.com\/es\/\">Steinberg Law Firm<\/a> hoy mismo. Nuestros abogados tienen experiencia en ayudar a los trabajadores de almac\u00e9n obtener la compensaci\u00f3n que necesitan, y <a href=\"https:\/\/www.steinberglawfirm.com\/es\/no-hay-que-pagar-si-no-se-gana\/\">no pagar\u00e1 honorarios a menos que ganemos su caso<\/a>. Ll\u00e1menos hoy mismo para <a href=\"https:\/\/www.steinberglawfirm.com\/es\/consulta-gratuita\/\">programar una consulta<\/a> con un <a href=\"https:\/\/www.steinberglawfirm.com\/es\/ubicaciones\/north-charleston\/abogado-especialista-en-indemnizaciones-laborales-2\/\">abogado de indemnizaci\u00f3n por accidente de trabajo<\/a> que luchar\u00e1 por ti.<\/p>","protected":false},"excerpt":{"rendered":"<p>North Charleston Abogado de Compensaci\u00f3n Laboral para Trabajadores de Almac\u00e9n Lesionados South Carolina Abogados de Lesiones en el Trabajo Los EE.UU. es el hogar de m\u00e1s de un mill\u00f3n de trabajadores de almac\u00e9n. A medida que crecen las compras en l\u00ednea, aumenta tambi\u00e9n la necesidad de trabajadores de almac\u00e9n.  Para aquellos que trabajan en los almacenes, sin embargo, el trabajo puede ser peligroso. Las lesiones por accidentes o por...<\/p>","protected":false},"author":1,"featured_media":33850,"parent":13463,"menu_order":0,"comment_status":"closed","ping_status":"closed","template":"","meta":{"_acf_changed":false,"footnotes":""},"class_list":["post-15378","page","type-page","status-publish","has-post-thumbnail","hentry"],"acf":[],"_links":{"self":[{"href":"https:\/\/www.steinberglawfirm.com\/es\/wp-json\/wp\/v2\/pages\/15378","targetHints":{"allow":["GET"]}}],"collection":[{"href":"https:\/\/www.steinberglawfirm.com\/es\/wp-json\/wp\/v2\/pages"}],"about":[{"href":"https:\/\/www.steinberglawfirm.com\/es\/wp-json\/wp\/v2\/types\/page"}],"author":[{"embeddable":true,"href":"https:\/\/www.steinberglawfirm.com\/es\/wp-json\/wp\/v2\/users\/1"}],"replies":[{"embeddable":true,"href":"https:\/\/www.steinberglawfirm.com\/es\/wp-json\/wp\/v2\/comments?post=15378"}],"version-history":[{"count":13,"href":"https:\/\/www.steinberglawfirm.com\/es\/wp-json\/wp\/v2\/pages\/15378\/revisions"}],"predecessor-version":[{"id":33910,"href":"https:\/\/www.steinberglawfirm.com\/es\/wp-json\/wp\/v2\/pages\/15378\/revisions\/33910"}],"up":[{"embeddable":true,"href":"https:\/\/www.steinberglawfirm.com\/es\/wp-json\/wp\/v2\/pages\/13463"}],"wp:featuredmedia":[{"embeddable":true,"href":"https:\/\/www.steinberglawfirm.com\/es\/wp-json\/wp\/v2\/media\/33850"}],"wp:attachment":[{"href":"https:\/\/www.steinberglawfirm.com\/es\/wp-json\/wp\/v2\/media?parent=15378"}],"curies":[{"name":"wp","href":"https:\/\/api.w.org\/{rel}","templated":true}]}}