{"id":15391,"date":"2021-02-23T18:48:49","date_gmt":"2021-02-23T18:48:49","guid":{"rendered":"https:\/\/www.steinberglawfirm.com\/?page_id=15232"},"modified":"2025-06-19T19:47:23","modified_gmt":"2025-06-19T19:47:23","slug":"lyft-accident-injury-lawyer","status":"publish","type":"page","link":"https:\/\/www.steinberglawfirm.com\/es\/ubicaciones\/north-charleston\/lyft-accident-injury-lawyer\/","title":{"rendered":"North Charleston Abogado de accidentes de Lyft"},"content":{"rendered":"<h1 class=\"wp-block-heading\">North Charleston Lyft Accidentes Lesiones Abogados<\/h1>\n\n\n\n<h2 class=\"wp-block-heading\"><em>Abogados para v\u00edctimas de accidentes de autocaravanas en N. Charleston, SC<\/em><\/h2>\n\n\n\n<p>Los servicios de transporte compartido como Lyft han facilitado los desplazamientos North Charleston y tambi\u00e9n han contribuido a <a href=\"https:\/\/www.steinberglawfirm.com\/es\/lesiones-personales\/accidentes-de-trafico-2\/lyft-car-accident-attorney\/\">aumento del n\u00famero de accidentes<\/a>. En el \u00faltimo a\u00f1o de referencia, <a href=\"https:\/\/www.steinberglawfirm.com\/es\/lesiones-personales\/accidentes-de-trafico-2\/\">South Carolina<\/a> registraron 143.426 colisiones totales, y el condado de Charleston tuvo el <a href=\"https:\/\/www.steinberglawfirm.com\/es\/ubicaciones\/north-charleston\/abogado-accidente-de-coche-3\/\">mayor n\u00famero de accidentes<\/a> en todo el estado. Con los veh\u00edculos Lyft a\u00f1adiendo a las carreteras ya congestionadas, accidentes relacionados con viajes compartidos se han vuelto m\u00e1s comunes, especialmente en las carreteras estatales, donde los accidentes ocurren con mayor frecuencia.<\/p>\n\n\n\n<p>En <a href=\"https:\/\/www.steinberglawfirm.com\/es\/\">Steinberg Law Firm<\/a>Llevamos casi un siglo luchando por las v\u00edctimas de accidentes en South Carolina. Nuestro bufete ha recuperado <a href=\"https:\/\/www.steinberglawfirm.com\/es\/resultados\/\">m\u00e1s de $800 millones para clientes perjudicados<\/a> en la \u00faltima d\u00e9cada, incluyendo <a href=\"https:\/\/www.steinberglawfirm.com\/es\/resultados\/#:~:text=AUTO%20ACCIDENT%20RESULTS\">acuerdos multimillonarios para v\u00edctimas de accidentes de tr\u00e1fico<\/a>. Lyft y sus aseguradores tratar\u00e1n de proteger su l\u00ednea de fondo, nuestro trabajo es protegerlo a usted. Si un accidente de viaje compartido le ha dejado herido, usted merece representaci\u00f3n legal con experiencia que luchar\u00e1 por su recuperaci\u00f3n.<\/p>\n\n\n\n<h2 class=\"wp-block-heading\">Estad\u00edsticas de accidentes de tr\u00e1fico en South Carolina y North Charleston<\/h2>\n\n\n\n<p>South Carolina sigue teniendo un alto \u00edndice de accidentes de tr\u00e1fico, que afectan a miles de conductores, pasajeros y peatones cada a\u00f1o. Aunque los datos de 2024 muestran que las colisiones mortales han disminuido durante cuatro a\u00f1os consecutivos, el n\u00famero total de colisiones sigue siendo alto, con 143.426 colisiones registradas en el a\u00f1o m\u00e1s reciente.<\/p>\n\n\n\n<p>Entre todos los condados, el condado de Charleston experimenta el mayor n\u00famero de accidentes de todo el estado. Muchos de estos accidentes ocurren en <a href=\"https:\/\/www.steinberglawfirm.com\/es\/lesiones-personales\/accidentes-de-trafico-2\/carreteras-mas-peligrosas-de-las-carolinas-del-sur-i-526-y-i-26\/\">carreteras estatales<\/a>donde el tr\u00e1fico denso y las altas velocidades aumentan el riesgo de lesiones graves y v\u00edctimas mortales.<\/p>\n\n\n\n<h3 class=\"wp-block-heading\">\u00bfCon qu\u00e9 frecuencia se producen los accidentes?<\/h3>\n\n\n\n<p>Los accidentes de tr\u00e1fico se producen con una frecuencia alarmante en todo el South Carolina, afectando a los conductores cada pocos minutos. Seg\u00fan datos recientes:<\/p>\n\n\n\n<ul class=\"wp-block-list\">\n<li>Cada 3,7 minutos se produce un accidente, lo que demuestra lo comunes que son los accidentes en todo el estado;<\/li>\n\n\n\n<li>Cada 15,4 minutos se produce una colisi\u00f3n con heridos, dejando a miles de personas con graves necesidades m\u00e9dicas cada a\u00f1o;<\/li>\n\n\n\n<li>Cada 8,6 horas se produce un accidente mortal, lo que afecta diariamente a familias y comunidades.<\/li>\n\n\n\n<li>Las colisiones relacionadas con el alcohol siguen siendo motivo de gran preocupaci\u00f3n, ya que cada 8 horas se produce una muerte relacionada con la conducci\u00f3n bajo los efectos del alcohol.<\/li>\n<\/ul>\n\n\n\n<p>Con los accidentes que ocurren tan a menudo, los conductores en North Charleston deben permanecer alerta y tomar precauciones adicionales, especialmente cuando se utilizan los servicios de viaje compartido como Lyft.<\/p>\n\n\n\n<h3 class=\"wp-block-heading\">Las horas m\u00e1s peligrosas para los conductores<\/h3>\n\n\n\n<p>Ciertos meses, d\u00edas y horas ven <strong>mayor n\u00famero de accidentes<\/strong> a trav\u00e9s de South Carolina. Los datos muestran que:<\/p>\n\n\n\n<ul class=\"wp-block-list\">\n<li>Octubre fue el mes con m\u00e1s accidentes mortales (107), seguido de julio (98) y septiembre (91);<\/li>\n\n\n\n<li>La mayor\u00eda de los accidentes se producen entre las 15.01 y las 18.00 horas, durante la hora punta, cuando la congesti\u00f3n del tr\u00e1fico alcanza su punto m\u00e1ximo;\u00a0<\/li>\n\n\n\n<li>Las colisiones mortales se producen con mayor frecuencia entre las 21.01 y las 24.00 horas, cuando la visibilidad es menor y hay m\u00e1s conductores ebrios en la carretera.<\/li>\n\n\n\n<li>M\u00e1s de la mitad de las colisiones mortales se producen en fin de semana: los s\u00e1bados se producen el 19,4% de los accidentes mortales.<\/li>\n<\/ul>\n\n\n\n<p>Dado que los viajes compartidos aumentan durante los fines de semana, las noches y los d\u00edas festivos, los pasajeros y conductores de Lyft deben tener especial cuidado durante estos periodos de alto riesgo.<\/p>\n\n\n\n<h3 class=\"wp-block-heading\">Requisitos del seguro de autom\u00f3vil personal de South Carolina<\/h3>\n\n\n\n<p>En el South Carolina, todos los conductores, incluidos los de veh\u00edculos de transporte compartido, deben llevar <a href=\"https:\/\/www.steinberglawfirm.com\/es\/blog\/es-suficiente-la-cobertura-minima-estatal-del-seguro-de-coche\/\">cobertura m\u00ednima del seguro de autom\u00f3vil<\/a> seg\u00fan lo dispuesto por el Departamento de Seguros South Carolina:<\/p>\n\n\n\n<ul class=\"wp-block-list\">\n<li>Responsabilidad por lesiones corporales y da\u00f1os materiales -$25.000 por persona\u00a0<\/li>\n\n\n\n<li>Cobertura de motorista sin seguro: igual a los l\u00edmites m\u00ednimos de responsabilidad civil.<\/li>\n<\/ul>\n\n\n\n<p>Si bien estos son los m\u00ednimos exigidos por el estado, las empresas de viajes compartidos como Lyft ofrecen cobertura adicional cuando los conductores est\u00e1n activos en la aplicaci\u00f3n, como se detalla a continuaci\u00f3n.<\/p>\n\n\n\n<h2 class=\"wp-block-heading\">Establecer la culpa en un accidente de coche Lyft North Charleston<\/h2>\n\n\n\n<p>En ocasiones, los conductores de Lyft pueden verse implicados en accidentes que afectan a otros conductores, peatones, ciclistas y pasajeros de otros coches. La cobertura del seguro aplicable en estas situaciones depende de la situaci\u00f3n del conductor en el momento del siniestro:<\/p>\n\n\n\n<ul class=\"wp-block-list\">\n<li><strong>Aplicaci\u00f3n activada, esperando solicitud de viaje<\/strong>. Lyft proporciona cobertura de responsabilidad civil por accidentes cubiertos si no se aplica el seguro personal del conductor, con l\u00edmites de:\n<ul class=\"wp-block-list\">\n<li>$50.000 por persona por lesiones corporales<\/li>\n\n\n\n<li>$100.000 por accidente por lesiones corporales<\/li>\n\n\n\n<li>$25.000 por accidente por da\u00f1os materiales<\/li>\n<\/ul>\n<\/li>\n\n\n\n<li><strong>Aplicaci\u00f3n encendida, en ruta para recoger pasajeros o durante los trayectos<\/strong>. Se aplica la cobertura de responsabilidad civil $1.000.000.<\/li>\n<\/ul>\n\n\n\n<p>Es importante tener en cuenta que si la aplicaci\u00f3n del conductor de Lyft est\u00e1 apagada, el seguro de Lyft no proporciona cobertura; el seguro de autom\u00f3vil personal del conductor ser\u00eda aplicable. Para responsabilizar a alguien por tus lesiones, debes probar los siguientes cuatro elementos clave de negligencia.<\/p>\n\n\n\n<ul class=\"wp-block-list\">\n<li><strong>Deber de diligencia.<\/strong> Todo conductor, incluidos los operadores de Lyft, es legalmente responsable de conducir con seguridad. Este deber se extiende a los pasajeros, peatones y otros automovilistas.<\/li>\n\n\n\n<li><strong>Incumplimiento del deber. <\/strong>La parte culpable debe haber actuado con negligencia o imprudencia. Esto puede incluir exceso de velocidad, conducci\u00f3n distra\u00edda, saltarse un sem\u00e1foro en rojo o conducir bajo los efectos del alcohol.<\/li>\n\n\n\n<li><strong>Causalidad. <\/strong>Debe demostrar que la negligencia del conductor caus\u00f3 directamente el accidente y sus lesiones. Las compa\u00f1\u00edas de seguros suelen rebatir esto, por lo que pruebas s\u00f3lidas, como informes policiales, historiales m\u00e9dicos y declaraciones de testigos, son fundamentales para su caso.<\/li>\n\n\n\n<li><strong>Da\u00f1os y perjuicios<\/strong>. Para obtener una indemnizaci\u00f3n, debe demostrar la carga econ\u00f3mica y emocional a la que se enfrenta. En el South Carolina, tienes derecho a reclamar tanto da\u00f1os econ\u00f3micos como no econ\u00f3micos.<\/li>\n<\/ul>\n\n\n\n<p><a href=\"https:\/\/www.steinberglawfirm.com\/es\/abogado\/\">Nuestros abogados de accidentes de Lyft North Charleston<\/a> est\u00e1n aqu\u00ed para guiarle a trav\u00e9s de cada paso del proceso legal. Desde la investigaci\u00f3n del accidente de coche Lyft, el manejo de las negociaciones de seguros, hasta llevar su caso a juicio si es necesario, luchamos para asegurar que usted reciba la compensaci\u00f3n que se merece. El peaje del accidente incluye gastos m\u00e9dicos, p\u00e9rdida de ingresos y dolor y sufrimiento.<\/p>\n\n\n\n<h3 class=\"wp-block-heading\">C\u00f3mo contribuye el comportamiento del conductor a las colisiones<\/h3>\n\n\n\n<p>Muchos accidentes en South Carolina son consecuencia de decisiones peligrosas al volante. Entre las principales causas de accidentes figuran:<\/p>\n\n\n\n<ul class=\"wp-block-list\">\n<li><a href=\"https:\/\/www.steinberglawfirm.com\/es\/lesiones-personales\/accidentes-de-trafico-2\/accidentes-de-trafico-por-exceso-de-velocidad\/\">Exceso de velocidad<\/a> reduce el tiempo de reacci\u00f3n y aumenta la gravedad de las colisiones;<\/li>\n\n\n\n<li>No ceder el paso suele provocar accidentes en intersecciones y colisiones laterales.<\/li>\n\n\n\n<li><a href=\"https:\/\/www.steinberglawfirm.com\/es\/lesiones-personales\/accidentes-de-trafico-2\/accidentes-de-conduccion-distraida\/\">Conducci\u00f3n distra\u00edda<\/a>Entre ellas, enviar mensajes de texto, comer o utilizar un GPS al volante;<\/li>\n\n\n\n<li>Saltarse los sem\u00e1foros en rojo o ignorar las se\u00f1ales de stop aumenta el riesgo de accidentes en T y de peatones.<\/li>\n\n\n\n<li><a href=\"https:\/\/www.steinberglawfirm.com\/es\/ubicaciones\/north-charleston\/abogado-accidente-de-coche-3\/abogado-de-lesiones-por-conduccion-en-estado-de-ebriedad\/\">Conducir bajo los efectos del alcohol o las drogas<\/a> es una de las causas m\u00e1s mortales de accidente.<\/li>\n<\/ul>\n\n\n\n<p>Cada conductor tiene la responsabilidad de tomar decisiones seguras, sin embargo, miles de personas sufren lesiones cada a\u00f1o debido a la conducci\u00f3n imprudente y negligente.<\/p>\n\n\n\n<h2 class=\"wp-block-heading\">Complejidades de los accidentes de transporte compartido<\/h2>\n\n\n\n<p>No hay dos accidentes iguales. Las complejidades que hemos visto en los accidentes que involucran coches de viaje compartido ser\u00eda desalentador para el pasajero promedio para hacer frente por s\u00ed solos. Una situaci\u00f3n que hemos visto es cuando el conductor real es alguien diferente que el conductor autorizado Lyft y persona asegurada. No es raro que un conductor de coche compartido comparta su veh\u00edculo con un miembro de la familia que puede que ni siquiera tenga permiso de conducir. En otros casos, los conductores eran tan nuevos en la zona que no sab\u00edan a d\u00f3nde iban y tomaron decisiones que causaron un accidente.<\/p>\n\n\n\n<p>Estos problemas s\u00f3lo se descubrieron gracias al trabajo de investigaci\u00f3n de nuestros abogados.&nbsp;<\/p>\n\n\n\n<h2 class=\"wp-block-heading\">Repercusiones econ\u00f3micas de los accidentes South Carolina<\/h2>\n\n\n\n<p>Los accidentes de tr\u00e1fico no solo causan lesiones graves y muertes, sino que tambi\u00e9n provocan importantes p\u00e9rdidas econ\u00f3micas. En 2024, los accidentes en todo el estado provocaron:<\/p>\n\n\n\n<ul class=\"wp-block-list\">\n<li>$5.100 millones en p\u00e9rdidas econ\u00f3micas totales, que afectan a gastos m\u00e9dicos, p\u00e9rdida de salarios y da\u00f1os materiales; y<\/li>\n\n\n\n<li>Miles de familias se enfrentan a dificultades econ\u00f3micas inesperadas, a menudo luchando por cubrir las facturas m\u00e9dicas y la p\u00e9rdida de ingresos.<\/li>\n<\/ul>\n\n\n\n<p>Con el condado de Charleston a la cabeza en el total de accidentes, los residentes de North Charleston corren un mayor riesgo de verse involucrados en un accidente. Muchos de estos accidentes implican Lyft y otros veh\u00edculos de viaje compartido, por lo que es importante para las v\u00edctimas de lesiones a entender sus derechos y saber qui\u00e9n es responsable de cubrir sus p\u00e9rdidas.<\/p>\n\n\n\n<h2 class=\"wp-block-heading\">\u00bfQu\u00e9 tipos de compensaci\u00f3n est\u00e1n disponibles despu\u00e9s de un accidente de Lyft North Charleston?<\/h2>\n\n\n\n<p>Despu\u00e9s de un accidente de Lyft en North Charleston, las v\u00edctimas de lesiones tienen derecho a solicitar una indemnizaci\u00f3n por gastos m\u00e9dicos, p\u00e9rdida de ingresos, y el peaje f\u00edsico y emocional del accidente. Para recuperar los da\u00f1os, primero debe demostrar que otra parte era responsable, el conductor de Lyft, otro automovilista, o incluso la propia Lyft. Una vez establecida la responsabilidad, el siguiente paso es determinar el valor total de sus p\u00e9rdidas.<\/p>\n\n\n\n<h4 class=\"wp-block-heading\"><strong>Da\u00f1os econ\u00f3micos<\/strong><\/h4>\n\n\n\n<p>Estos da\u00f1os cubren las p\u00e9rdidas econ\u00f3micas directamente relacionadas con el accidente, entre ellas:<\/p>\n\n\n\n<ul class=\"wp-block-list\">\n<li>Gastos m\u00e9dicos, incluidos cuidados de urgencia, facturas hospitalarias, intervenciones quir\u00fargicas, medicamentos y costes de rehabilitaci\u00f3n.<\/li>\n\n\n\n<li>Necesidades m\u00e9dicas futuras, como tratamientos a largo plazo, fisioterapia y gastos m\u00e9dicos previstos.\u00a0<\/li>\n\n\n\n<li>P\u00e9rdida de ingresos, incluidos los salarios perdidos por ausencia del trabajo durante la recuperaci\u00f3n.<\/li>\n\n\n\n<li>Reducci\u00f3n de la capacidad de ganancia si las lesiones afectan a su capacidad para trabajar en la misma medida que antes.<\/li>\n<\/ul>\n\n\n\n<h4 class=\"wp-block-heading\"><strong>Da\u00f1os no econ\u00f3micos<\/strong><\/h4>\n\n\n\n<p>Estos da\u00f1os se refieren a las secuelas f\u00edsicas, emocionales y psicol\u00f3gicas de un accidente, entre otras:<\/p>\n\n\n\n<ul class=\"wp-block-list\">\n<li>Dolor y sufrimiento, como dolor cr\u00f3nico o malestar f\u00edsico de larga duraci\u00f3n.<\/li>\n\n\n\n<li>Angustia emocional, como ansiedad, depresi\u00f3n, trastorno de estr\u00e9s postraum\u00e1tico u otros problemas de salud mental.<\/li>\n\n\n\n<li>Desfiguraci\u00f3n y cicatrices, como cambios f\u00edsicos permanentes causados por el accidente.<\/li>\n\n\n\n<li>P\u00e9rdida de compa\u00f1\u00eda, incluida la indemnizaci\u00f3n de los c\u00f3nyuges o seres queridos afectados por las lesiones de la v\u00edctima.<\/li>\n<\/ul>\n\n\n\n<p>La cantidad concedida por da\u00f1os no econ\u00f3micos depende de la importancia del impacto del accidente en la vida diaria de la v\u00edctima. Los testimonios, historiales m\u00e9dicos y opiniones de expertos suelen ayudar a determinar el alcance total de estas p\u00e9rdidas.<\/p>\n\n\n\n<h2 class=\"wp-block-heading\">Si usted ha sido lesionado en un accidente de Lyft North Charleston, podemos ayudar<\/h2>\n\n\n\n<p>Si usted fue herido en un accidente de Lyft en North Charleston, la idea de perseguir un caso contra Lyft puede sentirse comprensiblemente abrumadora. Sin embargo, la <a href=\"https:\/\/www.steinberglawfirm.com\/es\/abogado\/\">equipo jur\u00eddico del Steinberg Law Firm<\/a> est\u00e1 aqu\u00ed para usted. Llevamos casi un siglo defendiendo a las v\u00edctimas de accidentes, asegurando <a href=\"https:\/\/www.steinberglawfirm.com\/es\/resultados\/\">m\u00e1s de $800 millones para los clientes<\/a>. Si usted est\u00e1 tratando con los gastos m\u00e9dicos, salarios perdidos, o disputas de seguros, estamos aqu\u00ed para ayudar. Las compa\u00f1\u00edas de viajes compartidos y sus aseguradoras a menudo tratan de limitar los pagos, pero sabemos c\u00f3mo desafiar sus t\u00e1cticas y luchar por lo que se merece. No espere para tomar medidas-llame hoy al Steinberg Law Firm en <a href=\"tel:1-843-720-2800\">843-720-2800<\/a> para un <a href=\"https:\/\/www.steinberglawfirm.com\/es\/consulta-gratuita\/\">consulta gratuita<\/a> y descubra c\u00f3mo podemos ayudarle en su lucha por una indemnizaci\u00f3n justa.<\/p>","protected":false},"excerpt":{"rendered":"<p>North Charleston Lyft Accidente Lesiones Abogados Abogados para las V\u00edctimas de Rideshare Wrecks en N. Charleston, SC Rideshare servicios como Lyft han hecho moverse North Charleston m\u00e1s f\u00e1cil y tambi\u00e9n han contribuido al aumento de las cifras de accidentes. En el a\u00f1o m\u00e1s reciente, South Carolina registr\u00f3 143.426 colisiones totales, y el condado de Charleston tuvo el mayor n\u00famero de...<\/p>","protected":false},"author":1,"featured_media":20608,"parent":13448,"menu_order":0,"comment_status":"closed","ping_status":"closed","template":"","meta":{"_acf_changed":false,"footnotes":""},"class_list":["post-15391","page","type-page","status-publish","has-post-thumbnail","hentry"],"acf":[],"_links":{"self":[{"href":"https:\/\/www.steinberglawfirm.com\/es\/wp-json\/wp\/v2\/pages\/15391","targetHints":{"allow":["GET"]}}],"collection":[{"href":"https:\/\/www.steinberglawfirm.com\/es\/wp-json\/wp\/v2\/pages"}],"about":[{"href":"https:\/\/www.steinberglawfirm.com\/es\/wp-json\/wp\/v2\/types\/page"}],"author":[{"embeddable":true,"href":"https:\/\/www.steinberglawfirm.com\/es\/wp-json\/wp\/v2\/users\/1"}],"replies":[{"embeddable":true,"href":"https:\/\/www.steinberglawfirm.com\/es\/wp-json\/wp\/v2\/comments?post=15391"}],"version-history":[{"count":12,"href":"https:\/\/www.steinberglawfirm.com\/es\/wp-json\/wp\/v2\/pages\/15391\/revisions"}],"predecessor-version":[{"id":34139,"href":"https:\/\/www.steinberglawfirm.com\/es\/wp-json\/wp\/v2\/pages\/15391\/revisions\/34139"}],"up":[{"embeddable":true,"href":"https:\/\/www.steinberglawfirm.com\/es\/wp-json\/wp\/v2\/pages\/13448"}],"wp:featuredmedia":[{"embeddable":true,"href":"https:\/\/www.steinberglawfirm.com\/es\/wp-json\/wp\/v2\/media\/20608"}],"wp:attachment":[{"href":"https:\/\/www.steinberglawfirm.com\/es\/wp-json\/wp\/v2\/media?parent=15391"}],"curies":[{"name":"wp","href":"https:\/\/api.w.org\/{rel}","templated":true}]}}