{"id":2210,"date":"2017-08-16T00:12:37","date_gmt":"2017-08-16T00:12:37","guid":{"rendered":"https:\/\/www.steinberglawfirm.com\/?page_id=2210"},"modified":"2025-09-25T20:25:39","modified_gmt":"2025-09-25T20:25:39","slug":"goose-creek-office","status":"publish","type":"page","link":"https:\/\/www.steinberglawfirm.com\/es\/oficinas-localizaciones\/goose-creek-office\/","title":{"rendered":"Goose Creek Oficina"},"content":{"rendered":"<h1 class=\"wp-block-heading\">Steinberg Law Firm - Goose Creek Oficina<\/h1>\n\n\n\n<iframe src=\"https:\/\/www.google.com\/maps\/embed?pb=!1m18!1m12!1m3!1d3346.466180723103!2d-80.04475080709925!3d32.99148290543967!2m3!1f0!2f0!3f0!3m2!1i1024!2i768!4f13.1!3m3!1m2!1s0x88fe611cf0322c9f%3A0xcb3f0a34688b8015!2sSteinberg%20Law%20Firm!5e0!3m2!1sen!2sus!4v1741125545477!5m2!1sen!2sus\" width=\"600\" height=\"450\" style=\"border:0;\" allowfullscreen=\"\" loading=\"lazy\" referrerpolicy=\"no-referrer-when-downgrade\"><\/iframe>\n\n\n\n<p>118 S Goose Creek Blvd<br>Goose Creek, SC 29445<br>(843) 720-2800 (Tel\u00e9fono)<br>(843) 572-1871 (Fax)<br><a href=\"mailto:info@steinberglawfirm.com\">info@steinberglawfirm.com<\/a><\/p>\n\n\n\n<h4 class=\"wp-block-heading\">HORARIO DE OFICINA <\/h4>\n\n\n\n<p><strong>De lunes a jueves:<\/strong> 8:30 AM - 5:30 PM<br><strong>El viernes:<\/strong> 8:30 AM - 5:00 PM<br><strong>S\u00e1bado-domingo:<\/strong> Cerrado<br><a class=\"rank-math-link\" href=\"https:\/\/www.steinberglawfirm.com\/es\/contacte-con-nosotros\/\">TEL\u00c9FONOS ATENDIDOS 24\/7<\/a><\/p>\n\n\n\n<p><strong>GOOSE CREEK ABOGADO DE LESIONES PERSONALES<\/strong><br> <br>Despu\u00e9s de una lesi\u00f3n, muchas personas se ven obligadas a recoger los pedazos por su cuenta. Con las facturas m\u00e9dicas que se acumulan y las p\u00e9rdidas salariales que crean tensi\u00f3n financiera, una persona lesionada puede no saber qu\u00e9 hacer o a d\u00f3nde acudir. En el Steinberg Law Firm creemos que nadie deber\u00eda vivir as\u00ed. Nadie deber\u00eda tener que asumir cargas financieras debido a la negligencia o imprudencia de otra parte. <\/p>\n\n\n\n<p>Si est\u00e1 buscando justicia despu\u00e9s de una lesi\u00f3n, nuestros experimentados abogados pueden estar a su lado mientras busca una compensaci\u00f3n financiera. Usted puede ser capaz de recuperar la compensaci\u00f3n por las facturas m\u00e9dicas, salarios perdidos, y otros da\u00f1os. P\u00f3ngase en contacto con el Goose Creek&nbsp;<a href=\"https:\/\/www.steinberglawfirm.com\/es\/practice-areas\/lesiones-personales\/\">da\u00f1os personales<\/a>&nbsp;abogados del Steinberg Law Firm por <a href=\"tel:1-843-720-2800\">llamando al 843-720-2800<\/a>&nbsp;hoy.<\/p>\n\n\n\n<p>Ya sea v\u00edctima de la negligencia de un profesional m\u00e9dico, de un automovilista o de otra parte, los problemas de nuestros clientes son nuestros problemas. Tomamos nuestros 80 a\u00f1os de experiencia legal y la ponemos a trabajar para nuestros clientes desde el primer d\u00eda. Nuestros representantes legales est\u00e1n listos para luchar por un cliente con los siguientes casos:<\/p>\n\n\n\n<ul class=\"wp-block-list\">\n<li><a href=\"https:\/\/www.steinberglawfirm.com\/es\/ubicaciones\/goose-creek\/abogado-accidente-de-coche-3\/\">Accidentes de tr\u00e1fico<\/a><\/li>\n\n\n\n<li><a href=\"https:\/\/www.steinberglawfirm.com\/es\/lesiones-personales\/productos-peligrosos\/\" class=\"rank-math-link\">Productos peligrosos<\/a><\/li>\n\n\n\n<li><a href=\"https:\/\/www.steinberglawfirm.com\/es\/lesiones-personales\/mordeduras-de-perro\/\" class=\"rank-math-link\">Mordeduras de perro<\/a><\/li>\n\n\n\n<li><a class=\"rank-math-link\" href=\"https:\/\/www.steinberglawfirm.com\/es\/lesiones-personales\/lesiones-en-la-cabeza-el-cerebro-y-la-columna-vertebral\/\">Lesiones de la cabeza y la columna vertebral<\/a><\/li>\n\n\n\n<li><a href=\"https:\/\/www.steinberglawfirm.com\/es\/ubicaciones\/goose-creek\/abogado-de-accidentes-de-moto\/\">Accidentes de moto<\/a><\/li>\n\n\n\n<li><a href=\"https:\/\/www.steinberglawfirm.com\/es\/ubicaciones\/goose-creek\/abuso-y-negligencia-en-hogares-de-ancianos\/\">Abuso en residencias de ancianos<\/a><\/li>\n\n\n\n<li><a href=\"https:\/\/www.steinberglawfirm.com\/es\/ubicaciones\/goose-creek\/abogados-de-danos-personales\/\">Lesiones personales<\/a><\/li>\n\n\n\n<li><a href=\"https:\/\/www.steinberglawfirm.com\/es\/ubicaciones\/goose-creek\/abogado-de-resbalones-y-caidas\/\">Responsabilidad de los locales<\/a><\/li>\n\n\n\n<li><a href=\"https:\/\/www.steinberglawfirm.com\/es\/\" class=\"rank-math-link\">Discapacidad de la Seguridad Social<\/a><\/li>\n\n\n\n<li><a href=\"https:\/\/www.steinberglawfirm.com\/es\/ubicaciones\/goose-creek\/abogados-accidentes-de-camiones-3\/\">Accidentes de camiones<\/a><\/li>\n\n\n\n<li><a href=\"https:\/\/www.steinberglawfirm.com\/es\/ubicaciones\/goose-creek\/abogados-de-accidentes-de-trabajo\/\">Indemnizaci\u00f3n por accidente de trabajo<\/a><\/li>\n\n\n\n<li><a href=\"https:\/\/www.steinberglawfirm.com\/es\/ubicaciones\/goose-creek\/abogados-de-muerte-por-negligencia\/\">Muerte por negligencia<\/a><\/li>\n<\/ul>\n\n\n\n<p>Usted se merece una representaci\u00f3n legal cualificada, experimentada y comprometida, y eso es lo que le proporcionaremos.<\/p>\n\n\n\n<h4 class=\"wp-block-heading\">CONTACTAR CON NOSOTROS <\/h4>\n\n\n\n<p>Si ha sufrido lesiones como consecuencia de la negligencia o imprudencia de otra persona u organizaci\u00f3n, podemos ayudarle. Para obtener m\u00e1s informaci\u00f3n sobre sus derechos y opciones legales, p\u00f3ngase en contacto con los abogados de lesiones personales Goose Creek de la Steinberg Law Firm por <a href=\"tel:1-843-720-2800\">llamando al 843-720-2800<\/a>&nbsp;hoy.<\/p>\n\n\n\n<h3 class=\"wp-block-heading\">Direcciones desde el centro de la ciudad Charleston <\/h3>\n\n\n\n<ul class=\"wp-block-list\">\n<li>Dir\u00edjase al oeste por la I-26 hacia la North Charleston\/US-52 W\/Rivers Ave.<\/li>\n\n\n\n<li>Tome la salida 209A-209B para Ashley Phosphate Rd y tome la salida 209A a la izquierda para US-52 hacia Goose Creek\/Moncks Corner.<\/li>\n\n\n\n<li>Contin\u00fae en la rampa e incorp\u00f3rese a la US-52 W\/Rivers Ave. Contin\u00fae siguiendo la US-52 W hacia Goose Creek por 2.4 millas. Nuestra oficina estar\u00e1 a la izquierda, junto a State Farm Insurance y Money Man Pawn. <\/li>\n<\/ul>\n\n\n\n<h3 class=\"wp-block-heading\">\n\t\tIndicaciones desde West Ashley\n\t<\/h3>\n\n\n\n<ul class=\"wp-block-list\">\n<li>Tome la I-526 Este hacia Mt. Pleasant.<\/li>\n\n\n\n<li>Tome la salida 17 hacia Columbia e incorp\u00f3rese a la I-26 West.<\/li>\n\n\n\n<li>Tome la salida 209A-209B para Ashley Phosphate Rd\/US-52 y tome la salida 209A a la izquierda para US-52 hacia Goose Creek\/Moncks Corner<\/li>\n\n\n\n<li>Contin\u00fae en la rampa e incorp\u00f3rese a la US-52 W\/Rivers Ave. Contin\u00fae siguiendo la US-52 W hacia Goose Creek por 2.4 millas. Nuestra oficina estar\u00e1 a la izquierda, junto a State Farm Insurance y Money Man Pawn. <\/li>\n<\/ul>\n\n\n\n<h3 class=\"wp-block-heading\">\n\t\tDirecciones desde Summerville\/Ladson\n\t<\/h3>\n\n\n\n<ul class=\"wp-block-list\">\n<li>Tome la carretera estatal S-10-881 hasta la US-78 E en Ladson y gire a la derecha en la US-78 East<\/li>\n\n\n\n<li>Contin\u00faa hacia N.A.D Rd; incorp\u00f3rate a US-52 W\/Rivers Ave por la rampa hacia Goose Creek\/Moncks Corner<\/li>\n\n\n\n<li>Contin\u00fae siguiendo la US-52 W hacia Goose Creek durante 2.4 millas. Nuestra oficina estar\u00e1 a la izquierda, junto a State Farm Insurance y Money Man Pawn.<\/li>\n<\/ul>\n\n\n\n<h4 class=\"wp-block-heading\">Nuestras otras ubicaciones:<\/h4>\n\n\n\n<ul class=\"wp-block-list\">\n<li><a href=\"https:\/\/www.steinberglawfirm.com\/es\/oficinas-localizaciones\/oficina-de-charleston-norte\/\">North Charleston Oficina<\/a><\/li>\n\n\n\n<li><a href=\"https:\/\/www.steinberglawfirm.com\/es\/oficinas-localizaciones\/summerville-office\/\">Summerville Oficina<\/a><\/li>\n<\/ul>\n\n\n\n<h2 class=\"wp-block-heading\">Abogados de lesiones personales que representan a Charleston y \u00e1reas cercanas de South Carolina <\/h2>","protected":false},"excerpt":{"rendered":"<p>Steinberg Law Firm - Goose Creek Oficina 118 S Goose Creek BlvdGoose Creek, SC 29445(843) 720-2800 (Tel\u00e9fono)(843) 572-1871 (Fax)info@steinberglawfirm.com HORARIO DE OFICINA Lunes-Jueves: 8:30 AM - 5:30 PMViernes: 8:30 AM - 5:00 PMS\u00e1bado-Domingo: CerradoLOS TELEFONOS RESPONDEN 24\/7 GOOSE CREEK ABOGADO DE LESIONES PERSONALES Despu\u00e9s de una lesi\u00f3n, muchas personas se quedan recogiendo las piezas por su cuenta. Con...<\/p>","protected":false},"author":1,"featured_media":20555,"parent":2205,"menu_order":0,"comment_status":"closed","ping_status":"closed","template":"","meta":{"_acf_changed":false,"footnotes":""},"class_list":["post-2210","page","type-page","status-publish","has-post-thumbnail","hentry"],"acf":[],"_links":{"self":[{"href":"https:\/\/www.steinberglawfirm.com\/es\/wp-json\/wp\/v2\/pages\/2210","targetHints":{"allow":["GET"]}}],"collection":[{"href":"https:\/\/www.steinberglawfirm.com\/es\/wp-json\/wp\/v2\/pages"}],"about":[{"href":"https:\/\/www.steinberglawfirm.com\/es\/wp-json\/wp\/v2\/types\/page"}],"author":[{"embeddable":true,"href":"https:\/\/www.steinberglawfirm.com\/es\/wp-json\/wp\/v2\/users\/1"}],"replies":[{"embeddable":true,"href":"https:\/\/www.steinberglawfirm.com\/es\/wp-json\/wp\/v2\/comments?post=2210"}],"version-history":[{"count":15,"href":"https:\/\/www.steinberglawfirm.com\/es\/wp-json\/wp\/v2\/pages\/2210\/revisions"}],"predecessor-version":[{"id":34222,"href":"https:\/\/www.steinberglawfirm.com\/es\/wp-json\/wp\/v2\/pages\/2210\/revisions\/34222"}],"up":[{"embeddable":true,"href":"https:\/\/www.steinberglawfirm.com\/es\/wp-json\/wp\/v2\/pages\/2205"}],"wp:featuredmedia":[{"embeddable":true,"href":"https:\/\/www.steinberglawfirm.com\/es\/wp-json\/wp\/v2\/media\/20555"}],"wp:attachment":[{"href":"https:\/\/www.steinberglawfirm.com\/es\/wp-json\/wp\/v2\/media?parent=2210"}],"curies":[{"name":"wp","href":"https:\/\/api.w.org\/{rel}","templated":true}]}}