{"id":26755,"date":"2023-08-14T17:52:29","date_gmt":"2023-08-14T17:52:29","guid":{"rendered":"https:\/\/www.steinberglawfirm.com\/?page_id=26755"},"modified":"2023-08-14T18:04:14","modified_gmt":"2023-08-14T18:04:14","slug":"como-steinberg-law-firm-earns-their-reputation","status":"publish","type":"page","link":"https:\/\/www.steinberglawfirm.com\/es\/video-centro\/anuncios-de-television\/como-steinberg-law-firm-earns-their-reputation\/","title":{"rendered":"C\u00f3mo Steinberg Law Firm se gana su reputaci\u00f3n"},"content":{"rendered":"<h1 class=\"wp-block-heading\">C\u00f3mo Steinberg Law Firm se gana su reputaci\u00f3n<\/h1>\n\n\n\n<iframe loading=\"lazy\" width=\"705\" height=\"395\" src=\"https:\/\/www.youtube.com\/embed\/PhIyo3Izqa8\" title=\"Reproductor de v\u00eddeo de YouTube\" frameborder=\"0\" allow=\"accelerometer; autoplay; clipboard-write; encrypted-media; gyroscope; picture-in-picture; web-share\" allowfullscreen><\/iframe>\n\n\n\n<p>Nuestra reputaci\u00f3n en el Steinberg Law Firm se la ha ganado un lesionado cada vez. Ayudando a trabajadores lesionados durante casi 100 a\u00f1os. Nuestro trabajo es ayudarle a trav\u00e9s de todo el proceso. Llame a la Steinberg Law Firm, y obtener la firma detr\u00e1s de usted.<\/p>\n\n\n\n<h3 class=\"wp-block-heading\">Otros anuncios de televisi\u00f3n:<\/h3>\n\n\n\n<ul class=\"list-pages-shortcode sibling-pages\"><li class=\"page_item page-item-3926\"><a href=\"https:\/\/www.steinberglawfirm.com\/es\/video-centro\/anuncios-de-television\/110-por-ciento\/\">110 por ciento<\/a><\/li>\n<li class=\"page_item page-item-33423\"><a href=\"https:\/\/www.steinberglawfirm.com\/es\/video-centro\/anuncios-de-television\/un-accidente-de-camion-puede-cambiar-su-vida-en-un-instante\/\">Un accidente de cami\u00f3n puede cambiar su vida en un instante<\/a><\/li>\n<li class=\"page_item page-item-3953\"><a href=\"https:\/\/www.steinberglawfirm.com\/es\/video-centro\/anuncios-de-television\/dont-go-it-alone\/\">No lo hagas solo<\/a><\/li>\n<li class=\"page_item page-item-3928\"><a href=\"https:\/\/www.steinberglawfirm.com\/es\/video-centro\/anuncios-de-television\/experiencia\/\">Experiencia<\/a><\/li>\n<li class=\"page_item page-item-3951\"><a href=\"https:\/\/www.steinberglawfirm.com\/es\/video-centro\/anuncios-de-television\/frustrado-con-las-companias-de-seguros\/\">\u00bfFrustrado con las compa\u00f1\u00edas de seguros?<\/a><\/li>\n<li class=\"page_item page-item-3955\"><a href=\"https:\/\/www.steinberglawfirm.com\/es\/video-centro\/anuncios-de-television\/consigue-todo-lo-que-mereces\/\">Consiga todo lo que se merece<\/a><\/li>\n<li class=\"page_item page-item-3946\"><a href=\"https:\/\/www.steinberglawfirm.com\/es\/video-centro\/anuncios-de-television\/get-the-firm-behind-you\/\">Consiga que la empresa le respalde<\/a><\/li>\n<li class=\"page_item page-item-3957\"><a href=\"https:\/\/www.steinberglawfirm.com\/es\/video-centro\/anuncios-de-television\/consiga-su-propio-equipo-de-abogados\/\">Consiga su propio equipo de abogados<\/a><\/li>\n<li class=\"page_item page-item-3930\"><a href=\"https:\/\/www.steinberglawfirm.com\/es\/video-centro\/anuncios-de-television\/trucos\/\">Trucos<\/a><\/li>\n<li class=\"page_item page-item-25395\"><a href=\"https:\/\/www.steinberglawfirm.com\/es\/video-centro\/anuncios-de-television\/lo-que-es-importante-al-contratar-un-abogado\/\">Esto es lo importante a la hora de contratar a un abogado<\/a><\/li>\n<li class=\"page_item page-item-3932\"><a href=\"https:\/\/www.steinberglawfirm.com\/es\/video-centro\/anuncios-de-television\/contratar-a-un-abogado\/\">Contrataci\u00f3n de un abogado<\/a><\/li>\n<li class=\"page_item page-item-33437\"><a href=\"https:\/\/www.steinberglawfirm.com\/es\/video-centro\/anuncios-de-television\/los-atropellos-con-fuga-son-un-problema-grave-en-carolina-del-sur\/\">Los accidentes con fuga son un problema grave en South Carolina<\/a><\/li>\n<li class=\"page_item page-item-33432\"><a href=\"https:\/\/www.steinberglawfirm.com\/es\/video-centro\/anuncios-de-television\/como-el-bufete-steinberg-genera-confianza\/\">C\u00f3mo genera confianza Steinberg Law Firm<\/a><\/li>\n<li class=\"page_item page-item-26755\"><a href=\"https:\/\/www.steinberglawfirm.com\/es\/video-centro\/anuncios-de-television\/como-steinberg-law-firm-earns-their-reputation\/\">C\u00f3mo Steinberg Law Firm se gana su reputaci\u00f3n<\/a><\/li>\n<li class=\"page_item page-item-21653\"><a href=\"https:\/\/www.steinberglawfirm.com\/es\/video-centro\/anuncios-de-television\/ignorado-por-el-seguro-despues-de-un-accidente-de-trabajo\/\">\u00bfIgnorado por el seguro tras un accidente de trabajo?<\/a><\/li>\n<li class=\"page_item page-item-3948\"><a href=\"https:\/\/www.steinberglawfirm.com\/es\/video-centro\/anuncios-de-television\/las-companias-de-seguros-son-muy-frustrantes\/\">Las compa\u00f1\u00edas de seguros son MUY frustrantes<\/a><\/li>\n<li class=\"page_item page-item-26702\"><a href=\"https:\/\/www.steinberglawfirm.com\/es\/video-centro\/anuncios-de-television\/el-accidente-de-coche-o-camion-tarda-solo-unos-segundos-en-producirse\/\">La tragedia de un accidente de coche o cami\u00f3n s\u00f3lo tarda segundos en producirse<\/a><\/li>\n<li class=\"page_item page-item-25404\"><a href=\"https:\/\/www.steinberglawfirm.com\/es\/video-centro\/anuncios-de-television\/let-steinberg-law-firm-help-you-against-insurance-companies\/\">Deje que Steinberg Law Firm le ayude contra las compa\u00f1\u00edas de seguros<\/a><\/li>\n<li class=\"page_item page-item-15985\"><a href=\"https:\/\/www.steinberglawfirm.com\/es\/video-centro\/anuncios-de-television\/deja-que-el-bufete-de-abogados-steinberg-se-ocupe-de-ti\/\">Deje que el Steinberg Law Firm se ocupe de usted<\/a><\/li>\n<li class=\"page_item page-item-3934\"><a href=\"https:\/\/www.steinberglawfirm.com\/es\/video-centro\/anuncios-de-television\/vida-interrumpida\/\">Vida interrumpida<\/a><\/li>\n<li class=\"page_item page-item-33461\"><a href=\"https:\/\/www.steinberglawfirm.com\/es\/video-centro\/anuncios-de-television\/maximizar-su-caso-con-steinberg-law-firm\/\">Maximizar su caso con Steinberg Law Firm<\/a><\/li>\n<li class=\"page_item page-item-3936\"><a href=\"https:\/\/www.steinberglawfirm.com\/es\/video-centro\/anuncios-de-television\/ahora-es-el-momento\/\">Ahora es el momento<\/a><\/li>\n<li class=\"page_item page-item-33428\"><a href=\"https:\/\/www.steinberglawfirm.com\/es\/video-centro\/anuncios-de-television\/nuestros-clientes-aprecian-la-profesionalidad-de-steinberg-law-firms\/\">Nuestros clientes aprecian la profesionalidad de Steinberg Law Firm<\/a><\/li>\n<li class=\"page_item page-item-33442\"><a href=\"https:\/\/www.steinberglawfirm.com\/es\/video-centro\/anuncios-de-television\/nuestros-clientes-confian-en-nosotros-para-que-luchemos-por-ellos\/\">Nuestros clientes conf\u00edan en nosotros para luchar por ellos<\/a><\/li>\n<li class=\"page_item page-item-3938\"><a href=\"https:\/\/www.steinberglawfirm.com\/es\/video-centro\/anuncios-de-television\/nuestro-equipo\/\">Nuestro equipo<\/a><\/li>\n<li class=\"page_item page-item-3924\"><a href=\"https:\/\/www.steinberglawfirm.com\/es\/video-centro\/anuncios-de-television\/steinberg-law-firm\/\">Steinberg Law Firm<\/a><\/li>\n<li class=\"page_item page-item-33409\"><a href=\"https:\/\/www.steinberglawfirm.com\/es\/video-centro\/anuncios-de-television\/el-bufete-steinberg-me-devolvio-la-vida-tras-mi-accidente-laboral\/\">Steinberg Law Firm me devolvi\u00f3 la vida tras mi lesi\u00f3n laboral<\/a><\/li>\n<li class=\"page_item page-item-25413\"><a href=\"https:\/\/www.steinberglawfirm.com\/es\/video-centro\/anuncios-de-television\/el-bufete-steinberg-lleva-casi-un-siglo-protegiendo-a-los-trabajadores\/\">Steinberg Law Firm lleva casi un siglo protegiendo a los trabajadores<\/a><\/li>\n<li class=\"page_item page-item-33451\"><a href=\"https:\/\/www.steinberglawfirm.com\/es\/video-centro\/anuncios-de-television\/steinberg-bufete-de-abogados-me-ayudo-despues-de-mi-accidente-de-coche-trasero\/\">Steinberg Law Firm me ayud\u00f3 tras mi accidente de coche por alcance<\/a><\/li>\n<li class=\"page_item page-item-25408\"><a href=\"https:\/\/www.steinberglawfirm.com\/es\/video-centro\/anuncios-de-television\/steinberg-law-firm-helps-injured-workers-in-south-carolina\/\">Steinberg Law Firm Ayuda a los trabajadores lesionados en South Carolina<\/a><\/li>\n<li class=\"page_item page-item-33446\"><a href=\"https:\/\/www.steinberglawfirm.com\/es\/video-centro\/anuncios-de-television\/el-bufete-steinberg-responsabiliza-a-los-conductores-ebrios\/\">Steinberg Law Firm Responsabiliza a los conductores ebrios<\/a><\/li>\n<li class=\"page_item page-item-30515\"><a href=\"https:\/\/www.steinberglawfirm.com\/es\/video-centro\/anuncios-de-television\/el-bufete-steinberg-marca-la-pauta-en-los-bufetes-de-carolina-del-sur\/\">Steinberg Law Firm marca la pauta para los bufetes South Carolina<\/a><\/li>\n<li class=\"page_item page-item-27138\"><a href=\"https:\/\/www.steinberglawfirm.com\/es\/video-centro\/anuncios-de-television\/steinberg-law-firm-votado-mejor-abogado-en-el-2023-charlestons-choice-award\/\">Steinberg Law Firm Elegido Mejor Despacho de Abogados en los Premios Charleston de 2023<\/a><\/li>\n<li class=\"page_item page-item-33419\"><a href=\"https:\/\/www.steinberglawfirm.com\/es\/video-centro\/anuncios-de-television\/steinberg-law-firms-trabajadores-comp-legado\/\">El legado de la compensaci\u00f3n de los trabajadores de Steinberg Law Firm<\/a><\/li>\n<li class=\"page_item page-item-3940\"><a href=\"https:\/\/www.steinberglawfirm.com\/es\/video-centro\/anuncios-de-television\/cuida\/\">Cu\u00eddate<\/a><\/li>\n<li class=\"page_item page-item-3942\"><a href=\"https:\/\/www.steinberglawfirm.com\/es\/video-centro\/anuncios-de-television\/muy-frustrado\/\">Muy frustrado<\/a><\/li>\n<li class=\"page_item page-item-3922\"><a href=\"https:\/\/www.steinberglawfirm.com\/es\/video-centro\/anuncios-de-television\/nosotros-stand-up\/\">Nos levantamos<\/a><\/li>\n<li class=\"page_item page-item-26752\"><a href=\"https:\/\/www.steinberglawfirm.com\/es\/video-centro\/anuncios-de-television\/que-define-a-los-abogados-del-bufete-steinberg\/\">Qu\u00e9 define a los abogados del Steinberg Law Firm<\/a><\/li>\n<li class=\"page_item page-item-33456\"><a href=\"https:\/\/www.steinberglawfirm.com\/es\/video-centro\/anuncios-de-television\/cuando-se-trata-de-bufetes-de-abogados-mas-grande-no-siempre-es-mejor\/\">Cuando se trata de bufetes de abogados, m\u00e1s grande no siempre es mejor<\/a><\/li>\n<li class=\"page_item page-item-25400\"><a href=\"https:\/\/www.steinberglawfirm.com\/es\/video-centro\/anuncios-de-television\/por-que-catherine-meehan-se-incorporo-al-bufete-steinberg\/\">Por qu\u00e9 Catherine Meehan se uni\u00f3 a Steinberg Law Firm<\/a><\/li>\n<li class=\"page_item page-item-33415\"><a href=\"https:\/\/www.steinberglawfirm.com\/es\/video-centro\/anuncios-de-television\/sin-el-bufete-steinberg-no-se-donde-estaria\/\">Sin The Steinberg Law Firm, no s\u00e9 d\u00f3nde estar\u00eda<\/a><\/li>\n<li class=\"page_item page-item-26722\"><a href=\"https:\/\/www.steinberglawfirm.com\/es\/video-centro\/anuncios-de-television\/workers-comp-claims-are-complicated-get-the-firm-behind-you\/\">Los reclamos de compensaci\u00f3n laboral son complicados. Consiga la firma detr\u00e1s de usted<\/a><\/li>\n<li class=\"page_item page-item-3944\"><a href=\"https:\/\/www.steinberglawfirm.com\/es\/video-centro\/anuncios-de-television\/you-can-better\/\">Puedes apostar mejor<\/a><\/li>\n<\/ul>","protected":false},"excerpt":{"rendered":"<p>C\u00f3mo Steinberg Law Firm gana su reputaci\u00f3n Nuestra reputaci\u00f3n en el Steinberg Law Firm se ha ganado una persona lesionada a la vez. Ayudando a trabajadores lesionados durante casi 100 a\u00f1os. Nuestro trabajo es ayudarle a trav\u00e9s de todo el proceso. Llame a la Steinberg Law Firm, y obtener la firma detr\u00e1s de usted. Otros Comerciales de TV:<\/p>","protected":false},"author":1,"featured_media":15292,"parent":3818,"menu_order":0,"comment_status":"closed","ping_status":"closed","template":"","meta":{"_acf_changed":false,"footnotes":""},"class_list":["post-26755","page","type-page","status-publish","has-post-thumbnail","hentry"],"acf":[],"_links":{"self":[{"href":"https:\/\/www.steinberglawfirm.com\/es\/wp-json\/wp\/v2\/pages\/26755","targetHints":{"allow":["GET"]}}],"collection":[{"href":"https:\/\/www.steinberglawfirm.com\/es\/wp-json\/wp\/v2\/pages"}],"about":[{"href":"https:\/\/www.steinberglawfirm.com\/es\/wp-json\/wp\/v2\/types\/page"}],"author":[{"embeddable":true,"href":"https:\/\/www.steinberglawfirm.com\/es\/wp-json\/wp\/v2\/users\/1"}],"replies":[{"embeddable":true,"href":"https:\/\/www.steinberglawfirm.com\/es\/wp-json\/wp\/v2\/comments?post=26755"}],"version-history":[{"count":2,"href":"https:\/\/www.steinberglawfirm.com\/es\/wp-json\/wp\/v2\/pages\/26755\/revisions"}],"predecessor-version":[{"id":26764,"href":"https:\/\/www.steinberglawfirm.com\/es\/wp-json\/wp\/v2\/pages\/26755\/revisions\/26764"}],"up":[{"embeddable":true,"href":"https:\/\/www.steinberglawfirm.com\/es\/wp-json\/wp\/v2\/pages\/3818"}],"wp:featuredmedia":[{"embeddable":true,"href":"https:\/\/www.steinberglawfirm.com\/es\/wp-json\/wp\/v2\/media\/15292"}],"wp:attachment":[{"href":"https:\/\/www.steinberglawfirm.com\/es\/wp-json\/wp\/v2\/media?parent=26755"}],"curies":[{"name":"wp","href":"https:\/\/api.w.org\/{rel}","templated":true}]}}