{"id":2748,"date":"2017-08-30T22:47:31","date_gmt":"2017-08-30T22:47:31","guid":{"rendered":"https:\/\/www.steinberglawfirm.com\/?page_id=2748"},"modified":"2024-11-12T20:31:42","modified_gmt":"2024-11-12T20:31:42","slug":"negligencia-comparativa-en-carolina-del-sur","status":"publish","type":"page","link":"https:\/\/www.steinberglawfirm.com\/es\/articulos\/negligencia-comparativa-en-carolina-del-sur\/","title":{"rendered":"Negligencia comparativa en South Carolina"},"content":{"rendered":"<h1 class=\"wp-block-heading\">Negligencia comparativa en South Carolina<\/h1>\n\n\n\n<div style=\"height:15px\" aria-hidden=\"true\" class=\"wp-block-spacer\"><\/div>\n\n\n\n<p>Muchos estados, incluyendo South Carolina, han adoptado pol\u00edticas de negligencia comparativa para\u00a0<a href=\"https:\/\/www.steinberglawfirm.com\/es\/lesiones-personales\/abogados-de-lesiones-personales\/\">demandas por lesiones personales<\/a>. Esto significa que las personas pueden ser consideradas parcialmente responsables de sus propias lesiones si no actuaron con la debida precauci\u00f3n. En South Carolina, el estado proh\u00edbe a cualquier persona que sea 51% o m\u00e1s culpable de sus lesiones presentar una demanda contra el otro grupo o individuo que sea parcialmente culpable.<\/p>\n\n\n\n<p>Si ha sufrido una lesi\u00f3n grave debido a la conducta negligente o imprudente de otra persona, es posible que podamos ayudarle en el proceso de solicitar una compensaci\u00f3n econ\u00f3mica. Para obtener m\u00e1s informaci\u00f3n sobre el proceso y los requisitos para las demandas por lesiones personales, p\u00f3ngase en contacto con un abogado de lesiones Charleston de la\u00a0<a href=\"https:\/\/www.steinberglawfirm.com\/es\/\">Steinberg Law Firm<\/a>\u00a0hoy en\u00a0<a href=\"tel:1-843-720-2800\">843-720-2800<\/a>.<\/p>\n\n\n\n<p><strong>LA CULPA PARCIAL EN LOS ACCIDENTES CON DA\u00d1OS PERSONALES<\/strong><\/p>\n\n\n\n<p>Seg\u00fan la ley South Carolina, una persona debe tener menos de 51% de culpa en un accidente para poder presentar una reclamaci\u00f3n contra la otra parte culpable. Una persona puede contribuir accidentalmente a su propia lesi\u00f3n de las siguientes maneras:<\/p>\n\n\n\n<ul class=\"wp-block-list\">\n<li>No utilizar dispositivos de seguridad como el cintur\u00f3n de seguridad<\/li>\n\n\n\n<li>No ejercer una precauci\u00f3n razonable<\/li>\n\n\n\n<li>Tomar medidas despu\u00e9s de una lesi\u00f3n que empeor\u00f3 el da\u00f1o<\/li>\n\n\n\n<li>No contactar con los servicios m\u00e9dicos despu\u00e9s de una lesi\u00f3n<\/li>\n<\/ul>\n\n\n\n<p>Si el caso de la v\u00edctima del accidente tiene \u00e9xito, puede recibir una indemnizaci\u00f3n proporcional a la culpa de la otra parte. Por ejemplo, si se determina que la otra persona es culpable 60%, la v\u00edctima del accidente puede recibir una indemnizaci\u00f3n por 60% de sus da\u00f1os.<\/p>\n\n\n\n<h2 class=\"wp-block-heading\">Abogados de lesiones personales que representan a Charleston y \u00e1reas cercanas de South Carolina<\/h2>\n\n\n\n<p><strong>CONTACTAR CON NOSOTROS<\/strong><\/p>\n\n\n\n<p>Si ha resultado lesionado por las acciones de otra persona y le preocupa que su demanda por lesiones prospere, un asesor jur\u00eddico puede guiarle por los pasos de su caso y ayudarle a determinar si re\u00fane los requisitos para presentar la demanda. Para m\u00e1s informaci\u00f3n sobre nuestro <a href=\"https:\/\/www.steinberglawfirm.com\/es\/lesiones-personales\/\">gama completa de servicios jur\u00eddicos<\/a>, p\u00f3ngase en contacto con un abogado de lesiones Charleston de la Steinberg Law Firm por <a href=\"tel:1-843-720-2800\">llamando al 843-720-2800<\/a>\u00a0hoy.<\/p>","protected":false},"excerpt":{"rendered":"<p>Negligencia Comparativa en South Carolina Muchos estados, incluyendo South Carolina, han adoptado pol\u00edticas de negligencia comparativa para demandas por lesiones personales. Esto significa que las personas pueden ser consideradas parcialmente responsables de sus propias lesiones si no actuaron con la debida precauci\u00f3n. En South Carolina, el estado proh\u00edbe que cualquier persona que tenga 51% o m\u00e1s culpa de sus lesiones...<\/p>","protected":false},"author":1,"featured_media":5589,"parent":2195,"menu_order":0,"comment_status":"closed","ping_status":"closed","template":"","meta":{"_acf_changed":false,"footnotes":""},"class_list":["post-2748","page","type-page","status-publish","has-post-thumbnail","hentry"],"acf":[],"_links":{"self":[{"href":"https:\/\/www.steinberglawfirm.com\/es\/wp-json\/wp\/v2\/pages\/2748","targetHints":{"allow":["GET"]}}],"collection":[{"href":"https:\/\/www.steinberglawfirm.com\/es\/wp-json\/wp\/v2\/pages"}],"about":[{"href":"https:\/\/www.steinberglawfirm.com\/es\/wp-json\/wp\/v2\/types\/page"}],"author":[{"embeddable":true,"href":"https:\/\/www.steinberglawfirm.com\/es\/wp-json\/wp\/v2\/users\/1"}],"replies":[{"embeddable":true,"href":"https:\/\/www.steinberglawfirm.com\/es\/wp-json\/wp\/v2\/comments?post=2748"}],"version-history":[{"count":3,"href":"https:\/\/www.steinberglawfirm.com\/es\/wp-json\/wp\/v2\/pages\/2748\/revisions"}],"predecessor-version":[{"id":32314,"href":"https:\/\/www.steinberglawfirm.com\/es\/wp-json\/wp\/v2\/pages\/2748\/revisions\/32314"}],"up":[{"embeddable":true,"href":"https:\/\/www.steinberglawfirm.com\/es\/wp-json\/wp\/v2\/pages\/2195"}],"wp:featuredmedia":[{"embeddable":true,"href":"https:\/\/www.steinberglawfirm.com\/es\/wp-json\/wp\/v2\/media\/5589"}],"wp:attachment":[{"href":"https:\/\/www.steinberglawfirm.com\/es\/wp-json\/wp\/v2\/media?parent=2748"}],"curies":[{"name":"wp","href":"https:\/\/api.w.org\/{rel}","templated":true}]}}