{"id":2912,"date":"2017-08-31T00:04:17","date_gmt":"2017-08-31T00:04:17","guid":{"rendered":"https:\/\/www.steinberglawfirm.com\/?page_id=2912"},"modified":"2022-02-19T01:20:02","modified_gmt":"2022-02-19T01:20:02","slug":"que-buscan-la-mayoria-de-sus-clientes-cuando-acuden-a-usted","status":"publish","type":"page","link":"https:\/\/www.steinberglawfirm.com\/es\/faq\/faq-demanda-proceso\/que-buscan-la-mayoria-de-sus-clientes-cuando-acuden-a-usted\/","title":{"rendered":"\u00bfQu\u00e9 busca la mayor\u00eda de sus clientes cuando acuden a usted?"},"content":{"rendered":"<figure class=\"wp-block-embed is-type-video is-provider-youtube wp-block-embed-youtube wp-embed-aspect-16-9 wp-has-aspect-ratio\"><div class=\"wp-block-embed__wrapper\">\n<iframe loading=\"lazy\" title=\"\u00bfNecesito un abogado de compensaci\u00f3n de trabajadores? - Charleston Abogados - 843-720-2800\" width=\"500\" height=\"281\" src=\"https:\/\/www.youtube.com\/embed\/nOr_lF78vqk?feature=oembed\" frameborder=\"0\" allow=\"accelerometer; autoplay; clipboard-write; encrypted-media; gyroscope; picture-in-picture; web-share\" referrerpolicy=\"strict-origin-when-cross-origin\" allowfullscreen><\/iframe>\n<\/div><\/figure>\n\n\n\n<h3 class=\"wp-block-heading\" id=\"other-frequently-asked-questions\">Otras preguntas frecuentes<\/h3>\n\n\n<ul class=\"list-pages-shortcode sibling-pages\"><li class=\"page_item page-item-2894\"><a href=\"https:\/\/www.steinberglawfirm.com\/es\/faq\/faq-demanda-proceso\/do-i-have-to-sue\/\">\u00bfTengo que demandar?<\/a><\/li>\n<li class=\"page_item page-item-2896\"><a href=\"https:\/\/www.steinberglawfirm.com\/es\/faq\/faq-demanda-proceso\/necesito-un-abogado\/\">\u00bfNecesito un abogado?<\/a><\/li>\n<li class=\"page_item page-item-7894\"><a href=\"https:\/\/www.steinberglawfirm.com\/es\/faq\/faq-demanda-proceso\/cuanta-indemnizacion-tengo-derecho-a-recibir\/\">\u00bfCu\u00e1l es la cuant\u00eda de la indemnizaci\u00f3n a la que tengo derecho?<\/a><\/li>\n<li class=\"page_item page-item-2902\"><a href=\"https:\/\/www.steinberglawfirm.com\/es\/faq\/faq-demanda-proceso\/cuanto-vale-mi-caso\/\">\u00bfCu\u00e1nto vale mi caso?<\/a><\/li>\n<li class=\"page_item page-item-2910\"><a href=\"https:\/\/www.steinberglawfirm.com\/es\/faq\/faq-demanda-proceso\/si-presento-acusaciones-delictivas-contra-un-atacante-puedo-presentar-una-demanda\/\">Si presento cargos penales contra un agresor, \u00bfpuedo presentar una demanda?<\/a><\/li>\n<li class=\"page_item page-item-2912\"><a href=\"https:\/\/www.steinberglawfirm.com\/es\/faq\/faq-demanda-proceso\/que-buscan-la-mayoria-de-sus-clientes-cuando-acuden-a-usted\/\">\u00bfQu\u00e9 busca la mayor\u00eda de sus clientes cuando acuden a usted?<\/a><\/li>\n<li class=\"page_item page-item-7913\"><a href=\"https:\/\/www.steinberglawfirm.com\/es\/faq\/faq-demanda-proceso\/que-son-los-danos-punitivos-y-compensatorios\/\">\u00bfQu\u00e9 son los da\u00f1os punitivos y compensatorios?<\/a><\/li>\n<li class=\"page_item page-item-2914\"><a href=\"https:\/\/www.steinberglawfirm.com\/es\/faq\/faq-demanda-proceso\/que-puedo-esperar-cuando-trato-con-la-firma-de-abogados-de-steinberg\/\">\u00bfQu\u00e9 puedo esperar al tratar con el Steinberg Law Firm?<\/a><\/li>\n<li class=\"page_item page-item-2916\"><a href=\"https:\/\/www.steinberglawfirm.com\/es\/faq\/faq-demanda-proceso\/que-cosas-extra-puede-garantizar-un-abogado-que-este-cubierto\/\">\u00bfQu\u00e9 otras cosas puede hacer un abogado para asegurarse de que est\u00e1n cubiertas?<\/a><\/li>\n<li class=\"page_item page-item-2926\"><a href=\"https:\/\/www.steinberglawfirm.com\/es\/faq\/faq-demanda-proceso\/que-es-un-estatuto-de-limitaciones-2\/\">\u00bfQu\u00e9 es la prescripci\u00f3n?<\/a><\/li>\n<li class=\"page_item page-item-2934\"><a href=\"https:\/\/www.steinberglawfirm.com\/es\/faq\/faq-demanda-proceso\/por-que-necesito-contratar-a-un-abogado\/\">\u00bfPor qu\u00e9 necesito contratar a un abogado?<\/a><\/li>\n<li class=\"page_item page-item-2936\"><a href=\"https:\/\/www.steinberglawfirm.com\/es\/faq\/faq-demanda-proceso\/por-que-deberia-contratar-a-un-abogado\/\">\u00bfPor qu\u00e9 deber\u00eda contratar a un abogado?<\/a><\/li>\n<\/ul>","protected":false},"excerpt":{"rendered":"<p>Otras preguntas frecuentes<\/p>","protected":false},"author":1,"featured_media":0,"parent":5519,"menu_order":0,"comment_status":"closed","ping_status":"closed","template":"","meta":{"_acf_changed":false,"footnotes":""},"class_list":["post-2912","page","type-page","status-publish","hentry"],"acf":[],"_links":{"self":[{"href":"https:\/\/www.steinberglawfirm.com\/es\/wp-json\/wp\/v2\/pages\/2912","targetHints":{"allow":["GET"]}}],"collection":[{"href":"https:\/\/www.steinberglawfirm.com\/es\/wp-json\/wp\/v2\/pages"}],"about":[{"href":"https:\/\/www.steinberglawfirm.com\/es\/wp-json\/wp\/v2\/types\/page"}],"author":[{"embeddable":true,"href":"https:\/\/www.steinberglawfirm.com\/es\/wp-json\/wp\/v2\/users\/1"}],"replies":[{"embeddable":true,"href":"https:\/\/www.steinberglawfirm.com\/es\/wp-json\/wp\/v2\/comments?post=2912"}],"version-history":[{"count":1,"href":"https:\/\/www.steinberglawfirm.com\/es\/wp-json\/wp\/v2\/pages\/2912\/revisions"}],"predecessor-version":[{"id":18666,"href":"https:\/\/www.steinberglawfirm.com\/es\/wp-json\/wp\/v2\/pages\/2912\/revisions\/18666"}],"up":[{"embeddable":true,"href":"https:\/\/www.steinberglawfirm.com\/es\/wp-json\/wp\/v2\/pages\/5519"}],"wp:attachment":[{"href":"https:\/\/www.steinberglawfirm.com\/es\/wp-json\/wp\/v2\/media?parent=2912"}],"curies":[{"name":"wp","href":"https:\/\/api.w.org\/{rel}","templated":true}]}}