{"id":31352,"date":"2024-07-18T22:01:08","date_gmt":"2024-07-18T22:01:08","guid":{"rendered":"https:\/\/www.steinberglawfirm.com\/?page_id=31352"},"modified":"2024-07-19T19:38:30","modified_gmt":"2024-07-19T19:38:30","slug":"myrtle-beach-sc-abogados-de-compensacion-de-trabajadores","status":"publish","type":"page","link":"https:\/\/www.steinberglawfirm.com\/es\/ubicaciones\/myrtle-beach-sc-abogados-de-compensacion-de-trabajadores\/","title":{"rendered":"Myrtle Beach Compensaci\u00f3n a los Trabajadores Abogados"},"content":{"rendered":"<h1 class=\"wp-block-heading\">Myrtle Beach Compensaci\u00f3n a los Trabajadores Abogados<\/h1>\n\n\n\n<h2 class=\"wp-block-heading\"><em>South Carolina Compensaci\u00f3n a los Trabajadores Abogados ayudar a los heridos en el trabajo en Myrtle Beach<\/em><\/h2>\n\n\n\n<p>Myrtle Beach es un destino tur\u00edstico muy concurrido, lo que significa que la zona tambi\u00e9n emplea a miles de trabajadores South Carolina en la hosteler\u00eda, el comercio minorista y otras industrias. Aunque estos trabajadores se esfuerzan por mantenerse seguros en el trabajo, no siempre es posible evitar las lesiones o enfermedades laborales.<\/p>\n\n\n\n<p>En 2022, la Oficina Federal de Estad\u00edsticas Laborales (BLS) registr\u00f3 informes de 34.100 lesiones en el lugar de trabajo en South Carolina. Por cada 1.000 trabajadores en South Carolina, 23 sufrieron lesiones o enfermedades relacionadas con su trabajo.&nbsp;<\/p>\n\n\n\n<p>De las 34.100 lesiones y enfermedades profesionales registradas en 2022, 21.000 fueron lo suficientemente graves como para que el trabajador necesitara al menos un d\u00eda de baja para recuperarse. Muchos trabajadores necesitaron dos o m\u00e1s d\u00edas de baja. Algunos sufrieron lesiones tan graves que no pudieron reincorporarse al trabajo.&nbsp;<\/p>\n\n\n\n<p>Las facturas m\u00e9dicas, los salarios perdidos y otros gastos se acumulan r\u00e1pidamente tras una lesi\u00f3n o enfermedad laboral. Cuando los empleadores y sus compa\u00f1\u00edas de seguros de compensaci\u00f3n de trabajadores retrasar, negar, y el estancamiento, los empleados necesitan ayuda. Un experimentado abogado de compensaci\u00f3n de trabajadores de Myrtle Beach, como los de la <a href=\"https:\/\/www.steinberglawfirm.com\/es\/indemnizacion-de-los-trabajadores\/\">Steinberg Law Firm<\/a>puede ayudar.&nbsp;<\/p>\n\n\n\n<h3 class=\"wp-block-heading\">Estad\u00edsticas de lesiones laborales en Myrtle Beach<\/h3>\n\n\n\n<p>Seg\u00fan el BLS, unas 213.000 personas forman parte de la poblaci\u00f3n activa civil de Myrtle Beach. Entre ellos hay 43.400 trabajadores del comercio, el transporte y los servicios p\u00fablicos y 45.600 trabajadores del ocio y la hosteler\u00eda. Miles m\u00e1s trabajan para otros tipos de empresas en Myrtle Beach y sus alrededores.&nbsp;<\/p>\n\n\n\n<p>Los trabajadores del comercio, el transporte y los servicios p\u00fablicos en South Carolina declararon 3.000 lesiones y enfermedades no mortales relacionadas con el trabajo en 2022, seg\u00fan la BLS. Alrededor de 1.700 trabajadores del ocio y la hosteler\u00eda tambi\u00e9n declararon lesiones.&nbsp;<\/p>\n\n\n\n<p>Aunque los trabajadores del comercio, el transporte y los servicios p\u00fablicos no registraron las tasas m\u00e1s elevadas de lesiones o enfermedades de todos los sectores South Carolina, s\u00ed fueron m\u00e1s propensos a necesitar m\u00e1s tiempo de baja laboral. Aunque los trabajadores del sector del ocio y la hosteler\u00eda tuvieron tasas m\u00e1s bajas, al menos 600 necesitaron uno o m\u00e1s d\u00edas de baja para recuperarse de lesiones laborales en 2022.&nbsp;<\/p>\n\n\n\n<h3 class=\"wp-block-heading\">Lesiones laborales comunes en el condado de Horry<\/h3>\n\n\n\n<p>Pueden producirse muchas lesiones y enfermedades en el lugar de trabajo, y muchas est\u00e1n cubiertas por la indemnizaci\u00f3n de los trabajadores. <a href=\"https:\/\/www.steinberglawfirm.com\/es\/indemnizacion-de-los-trabajadores\/lesiones-comunes-en-el-lugar-de-trabajo\/\">Lesiones comunes en el lugar de trabajo<\/a> incluyen:<\/p>\n\n\n\n<ul class=\"wp-block-list\">\n<li>La cabeza, <a href=\"https:\/\/www.steinberglawfirm.com\/es\/indemnizacion-de-los-trabajadores\/indemnizacion-para-un-empleado-que-sufre-una-lesion-de-cuello-en-el-trabajo\/\">cuello<\/a>y <a href=\"https:\/\/www.steinberglawfirm.com\/es\/indemnizacion-de-los-trabajadores\/indemnizacion-para-un-empleado-que-sufre-una-lesion-en-el-trabajo\/\">lesiones de espalda<\/a>.<\/li>\n\n\n\n<li>Huesos rotos, esguinces musculares y tendones o ligamentos da\u00f1ados.<\/li>\n\n\n\n<li>Hernias discales y lesiones de espalda similares.<\/li>\n\n\n\n<li>Amputaciones y lesiones por aplastamiento.<\/li>\n\n\n\n<li>Afecciones relacionadas con la temperatura, como insolaci\u00f3n e hipotermia.<\/li>\n\n\n\n<li>T\u00e9rmico, el\u00e9ctrico, qu\u00edmico o fricci\u00f3n <a href=\"https:\/\/www.steinberglawfirm.com\/es\/indemnizacion-de-los-trabajadores\/indemnizacion-por-accidente-de-trabajo-para-un-empleado-que-sufre-una-lesion\/\">quemaduras<\/a>.<\/li>\n\n\n\n<li>Da\u00f1os en la vista, el o\u00eddo y otros \u00f3rganos sensoriales o internos.&nbsp;<\/li>\n<\/ul>\n\n\n\n<p>Para algunos empleados de South Carolina, estas lesiones y enfermedades est\u00e1n directamente relacionadas con el trabajo. Un trabajador puede sufrir fracturas \u00f3seas si su mano queda atrapada en la puerta de un congelador, por ejemplo, o puede sufrir una enfermedad relacionada con el calor por las largas horas que pasa instalando un tejado en un verano South Carolina.&nbsp;<\/p>\n\n\n\n<p>Para otros, la relaci\u00f3n con el trabajo es menos clara, pero sigue estando presente. Por ejemplo, hemos ayudado a los trabajadores que han ca\u00eddo de sillas de escritorio, tropez\u00f3 con baches en el estacionamiento de un empleador, o fueron atacados por los gansos en la propiedad de su empleador. Si usted ha experimentado cualquier tipo de lesi\u00f3n o enfermedad en el trabajo, hable con un abogado de compensaci\u00f3n de trabajadores de Myrtle Beach tan pronto como sea posible.&nbsp;&nbsp;<\/p>\n\n\n\n<h3 class=\"wp-block-heading\">Qu\u00e9 hacer tras un accidente laboral<\/h3>\n\n\n\n<p>Si te has lesionado en el trabajo, empieza por notific\u00e1rselo a tu empresa lo antes posible. Una vez que la empresa tenga conocimiento de la lesi\u00f3n, podr\u00e1 facilitarte la documentaci\u00f3n necesaria e iniciar los tr\u00e1mites para recibir atenci\u00f3n m\u00e9dica.<\/p>\n\n\n\n<p>Si es necesario, acuda inmediatamente a un m\u00e9dico de urgencias. Para el resto de la atenci\u00f3n m\u00e9dica, aseg\u00farese de que el m\u00e9dico que le atiende est\u00e1 autorizado por la aseguradora de accidentes de trabajo de su empresa. Si quieres una segunda opini\u00f3n de otro m\u00e9dico, pide a la aseguradora que apruebe la visita.&nbsp;<\/p>\n\n\n\n<p><a href=\"https:\/\/www.steinberglawfirm.com\/es\/indemnizacion-de-los-trabajadores\/como-presentar-una-reclamacion-de-indemnizacion-laboral-en-carolina-del-sur\/\">Presente su reclamaci\u00f3n<\/a> en la Comisi\u00f3n de Indemnizaci\u00f3n por Accidentes de Trabajo (WCC) South Carolina lo antes posible, pero antes de que transcurran dos a\u00f1os desde la fecha de sus lesiones. Si presenta la solicitud en nombre de un ser querido fallecido como consecuencia de una lesi\u00f3n o enfermedad laboral, h\u00e1galo en el plazo de dos a\u00f1os a partir de la fecha del fallecimiento. Los formularios est\u00e1n disponibles en el sitio web de la WCC.&nbsp;<\/p>\n\n\n\n<p>Acuda a todas las citas con su m\u00e9dico. Informe a su m\u00e9dico sobre <strong>todo <\/strong>s\u00edntomas, lesiones o enfermedades que padece. Su m\u00e9dico necesita esta informaci\u00f3n para proporcionarle el tratamiento adecuado y crear un historial que describa el alcance completo de sus p\u00e9rdidas.&nbsp;<\/p>\n\n\n\n<p>Finalmente, <a href=\"https:\/\/www.steinberglawfirm.com\/es\/contacte-con-nosotros\/\">p\u00f3ngase en contacto con un abogado con experiencia<\/a> si tiene preguntas o problemas con su reclamaci\u00f3n de indemnizaci\u00f3n por accidente laboral.<\/p>\n\n\n\n<h3 class=\"wp-block-heading\">Se\u00f1ales de que necesita un abogado con experiencia Myrtle Beach Compensaci\u00f3n a los Trabajadores<\/h3>\n\n\n\n<p>Algunas reclamaciones de indemnizaci\u00f3n por accidente laboral se desarrollan sin problemas, proporcionando a los empleados la ayuda que necesitan tras una lesi\u00f3n. Otras se complican. Estos son algunos signos de que puede necesitar hablar con un abogado de compensaci\u00f3n de trabajadores:<\/p>\n\n\n\n<ul class=\"wp-block-list\">\n<li><strong>Tu empresa o su aseguradora niegan que tus lesiones o enfermedad est\u00e9n relacionadas con el trabajo. <\/strong>Si afirman que tu lesi\u00f3n o enfermedad empez\u00f3 fuera del trabajo o que no son responsables de tu lesi\u00f3n laboral, no te f\u00edes de su palabra. Habla con un abogado para entender mejor c\u00f3mo se aplica la ley en tu situaci\u00f3n.&nbsp;<\/li>\n\n\n\n<li><strong>Tu empresa afirma que no est\u00e1s cubierto por la indemnizaci\u00f3n por accidente de trabajo. <\/strong>Si tu empresa alega que eres contratista o que te acoges a una excepci\u00f3n de la cobertura de indemnizaci\u00f3n por accidente de trabajo, habla con un abogado para aclarar tu situaci\u00f3n.&nbsp;<\/li>\n\n\n\n<li><strong>Su empresa o su aseguradora se retrasan o no hacen nada. <\/strong>Una vez que se lo notifica a su empresario, \u00e9ste debe facilitarle la documentaci\u00f3n relacionada con la indemnizaci\u00f3n por accidente de trabajo, notificarlo al CMI y presentar una reclamaci\u00f3n a su compa\u00f1\u00eda de seguros. Si su empleador no sigue estos pasos, su reclamaci\u00f3n podr\u00eda estar en peligro.&nbsp;<\/li>\n\n\n\n<li><strong>La aseguradora no pagar\u00e1 un tratamiento que recomiende un m\u00e9dico autorizado. <\/strong>Esto ocurre m\u00e1s a menudo con las solicitudes de rehabilitaci\u00f3n, pero es posible con cualquier tipo de tratamiento. Si el seguro aprueba a tu m\u00e9dico pero no cubre el tratamiento que te receta, habla con un abogado.<\/li>\n\n\n\n<li><strong>La aseguradora deniega su reclamaci\u00f3n. <\/strong>South Carolina ley le permite apelar la denegaci\u00f3n de una reclamaci\u00f3n de compensaci\u00f3n de trabajadores. Las apelaciones pueden ser complejas, sin embargo, y lo mejor es trabajar con un abogado con experiencia que puede estar de pie en su nombre en contra de la compa\u00f1\u00eda de seguros.&nbsp;<\/li>\n\n\n\n<li><strong>Sus discapacidades pueden impedirle de forma permanente volver a su antiguo trabajo. <\/strong>Cualquier incapacidad parcial o total puede limitar el trabajo que puede hacer o impedirle trabajar. Es m\u00e1s probable que las aseguradoras se opongan a estas reclamaciones porque son m\u00e1s caras. Si te enfrentas a una incapacidad permanente parcial o total, contar con un abogado puede ayudarte a recibir toda la indemnizaci\u00f3n que necesitas.&nbsp;<\/li>\n\n\n\n<li><strong>Tiene lesiones \"no programadas\". <\/strong>Las lesiones \"programadas\" se enumeran en el estatuto de compensaci\u00f3n de los trabajadores South Carolina y van acompa\u00f1adas de c\u00e1lculos espec\u00edficos para el pago de las prestaciones. Las lesiones \"no programadas\" no figuran en la lista. Si sus lesiones incluyen trauma mental o emocional conectado a un da\u00f1o f\u00edsico, condiciones subyacentes agravadas por las condiciones de trabajo, u otras lesiones no programadas, un abogado puede ayudar a asegurar que usted reciba una compensaci\u00f3n justa por sus lesiones o enfermedad.&nbsp;<\/li>\n\n\n\n<li><strong>Tiene previsto solicitar prestaciones de incapacidad de la Seguridad Social. <\/strong>Las reclamaciones de incapacidad de la Seguridad Social y las reclamaciones de indemnizaci\u00f3n de los trabajadores pueden afectarse mutuamente. Si usted est\u00e1 recibiendo compensaci\u00f3n de trabajadores, sus beneficios de incapacidad del Seguro Social podr\u00edan ser m\u00e1s bajos. Un abogado puede estructurar su acuerdo, por lo que reciben los m\u00e1ximos beneficios de ambas fuentes, asegurando que puede proporcionar el m\u00e1ximo apoyo a su familia y el hogar.&nbsp;<\/li>\n<\/ul>\n\n\n\n<p>Otra raz\u00f3n para contratar a un abogado es si tiene otras reclamaciones legales relacionadas con su reclamaci\u00f3n de indemnizaci\u00f3n por accidente laboral. Por ejemplo:&nbsp;<\/p>\n\n\n\n<ul class=\"wp-block-list\">\n<li>Si su empresa le despide, le degrada o toma cualquier otro tipo de represalia contra usted por haber solicitado prestaciones de compensaci\u00f3n de los trabajadores, es posible que pueda presentar una demanda en virtud de la legislaci\u00f3n laboral.<\/li>\n\n\n\n<li>Si sus lesiones fueron causadas por la negligencia de un tercero, como un <a href=\"https:\/\/www.steinberglawfirm.com\/es\/lesiones-personales\/accidentes-de-trafico-2\/accidente-de-conduccion-en-estado-de-ebriedad\/\">conductor ebrio<\/a> o el fabricante de un <a href=\"https:\/\/www.steinberglawfirm.com\/es\/lesiones-personales\/productos-peligrosos\/\">producto defectuoso<\/a>puede tener un <a href=\"https:\/\/www.steinberglawfirm.com\/es\/ubicaciones\/myrtle-beach-abogado-de-lesiones-personales\/\">reclamaci\u00f3n por da\u00f1os personales<\/a>.\u00a0<\/li>\n<\/ul>\n\n\n\n<p>Estas reclamaciones legales son independientes de su reclamaci\u00f3n de indemnizaci\u00f3n por accidente laboral. Sin embargo, su reclamaci\u00f3n de indemnizaci\u00f3n puede afectar y verse afectada por otras reclamaciones legales. Un abogado con experiencia en compensaci\u00f3n laboral y <a href=\"https:\/\/www.steinberglawfirm.com\/es\/blog\/lesionado-en-el-trabajo-puede-necesitar-un-abogado-de-compensaciones-de-trabajadores-que-tambien-lleve-casos-de-lesiones-personales\/\">otros tipos de derecho<\/a> puede ayudarle a gestionar sus reclamaciones, reunir pruebas y proteger sus derechos legales.&nbsp;<\/p>\n\n\n\n<h3 class=\"wp-block-heading\">El Steinberg Law Firm est\u00e1 aqu\u00ed para ayudar<\/h3>\n\n\n\n<p><a href=\"https:\/\/www.steinberglawfirm.com\/es\/indemnizacion-de-los-trabajadores\/\">Indemnizaciones por accidentes laborales<\/a> puede complicarse r\u00e1pidamente. Tu empresa o su aseguradora pueden argumentar que tu lesi\u00f3n no est\u00e1 relacionada con el trabajo. Pueden intentar alegar que usted no es un empleado y que, por tanto, no puede solicitar prestaciones. Pueden negar su solicitud de una segunda opini\u00f3n m\u00e9dica, lo que le obligar\u00e1 a buscar una audiencia WCC para resolver el asunto. Pueden retrasarse en el pago de sus prestaciones o intentar pagarle menos de lo que le deben.&nbsp;<\/p>\n\n\n\n<p>Enfrentarse a estas t\u00e1cticas puede ser duro, incluso para las personas sanas. Cuando luchas por recuperarte de una lesi\u00f3n grave o te enfrentas a la p\u00e9rdida repentina de un ser querido, lidiar con empresarios y aseguradoras puede ser a\u00fan m\u00e1s duro.&nbsp;<\/p>\n\n\n\n<p>En el <a href=\"https:\/\/www.steinberglawfirm.com\/es\/\">Steinberg Law Firm<\/a>Tenemos una larga historia de defensa de los trabajadores lesionados South Carolina. <a href=\"https:\/\/www.steinberglawfirm.com\/es\/abogado\/\">Nuestros abogados<\/a> luch\u00f3 por dar forma a la ley estatal de indemnizaci\u00f3n de los trabajadores para que los empleados lesionados recibieran una indemnizaci\u00f3n plena y justa. Representamos al primer trabajador negro en una demanda de indemnizaci\u00f3n laboral en el estado. Hoy en d\u00eda, seguimos luchando por los trabajadores lesionados y sus familias.&nbsp;<\/p>\n\n\n\n<p>Si se ha lesionado o ha sufrido una enfermedad laboral, <a href=\"https:\/\/www.steinberglawfirm.com\/es\/contacte-con-nosotros\/\">p\u00f3ngase en contacto con el equipo del Steinberg Law Firm<\/a> hoy. Estamos aqu\u00ed para ayudar a los empleados de Myrtle Beach obtener la compensaci\u00f3n que necesitan.<\/p>","protected":false},"excerpt":{"rendered":"<p>Myrtle Beach Compensaci\u00f3n a los Trabajadores Abogados South Carolina Compensaci\u00f3n a los Trabajadores Abogados ayudar a los heridos en el trabajo en Myrtle Beach Myrtle Beach es un destino tur\u00edstico ocupado, lo que significa que la zona tambi\u00e9n emplea a miles de trabajadores South Carolina en la hosteler\u00eda, comercio minorista, y otras industrias. Mientras que estos trabajadores se esfuerzan por mantenerse a salvo en el trabajo, evitando...<\/p>","protected":false},"author":1,"featured_media":31354,"parent":13547,"menu_order":0,"comment_status":"closed","ping_status":"closed","template":"","meta":{"_acf_changed":false,"footnotes":""},"class_list":["post-31352","page","type-page","status-publish","has-post-thumbnail","hentry"],"acf":[],"_links":{"self":[{"href":"https:\/\/www.steinberglawfirm.com\/es\/wp-json\/wp\/v2\/pages\/31352","targetHints":{"allow":["GET"]}}],"collection":[{"href":"https:\/\/www.steinberglawfirm.com\/es\/wp-json\/wp\/v2\/pages"}],"about":[{"href":"https:\/\/www.steinberglawfirm.com\/es\/wp-json\/wp\/v2\/types\/page"}],"author":[{"embeddable":true,"href":"https:\/\/www.steinberglawfirm.com\/es\/wp-json\/wp\/v2\/users\/1"}],"replies":[{"embeddable":true,"href":"https:\/\/www.steinberglawfirm.com\/es\/wp-json\/wp\/v2\/comments?post=31352"}],"version-history":[{"count":5,"href":"https:\/\/www.steinberglawfirm.com\/es\/wp-json\/wp\/v2\/pages\/31352\/revisions"}],"predecessor-version":[{"id":33885,"href":"https:\/\/www.steinberglawfirm.com\/es\/wp-json\/wp\/v2\/pages\/31352\/revisions\/33885"}],"up":[{"embeddable":true,"href":"https:\/\/www.steinberglawfirm.com\/es\/wp-json\/wp\/v2\/pages\/13547"}],"wp:featuredmedia":[{"embeddable":true,"href":"https:\/\/www.steinberglawfirm.com\/es\/wp-json\/wp\/v2\/media\/31354"}],"wp:attachment":[{"href":"https:\/\/www.steinberglawfirm.com\/es\/wp-json\/wp\/v2\/media?parent=31352"}],"curies":[{"name":"wp","href":"https:\/\/api.w.org\/{rel}","templated":true}]}}