{"id":31388,"date":"2024-07-23T19:29:05","date_gmt":"2024-07-23T19:29:05","guid":{"rendered":"https:\/\/www.steinberglawfirm.com\/?page_id=31388"},"modified":"2025-06-11T20:26:28","modified_gmt":"2025-06-11T20:26:28","slug":"reclamaciones-por-accidentes-laborales-en-aparcamientos","status":"publish","type":"page","link":"https:\/\/www.steinberglawfirm.com\/es\/indemnizacion-de-los-trabajadores\/reclamaciones-por-accidentes-laborales-en-aparcamientos\/","title":{"rendered":"Lesiones en el aparcamiento de un centro de trabajo"},"content":{"rendered":"<h1 class=\"wp-block-heading\">South Carolina Abogados de lesiones en aparcamientos de trabajo<\/h1>\n\n\n\n<h2 class=\"wp-block-heading\"><em>South Carolina Leyes para trabajadores lesionados en aparcamientos de empresas<\/em><\/h2>\n\n\n\n<p>Los aparcamientos pueden ser lugares peligrosos, y los del lugar de trabajo no son una excepci\u00f3n. Aunque el volumen de tr\u00e1fico var\u00eda de un lugar de trabajo a otro, la mayor\u00eda de los aparcamientos suelen estar muy concurridos por la ma\u00f1ana, cuando llegan los empleados, y por la tarde, cuando se marchan a casa. Si se ha lesionado en el aparcamiento de su lugar de trabajo, tal vez se pregunte si tiene derecho a una indemnizaci\u00f3n. <a href=\"https:\/\/www.steinberglawfirm.com\/es\/indemnizacion-de-los-trabajadores\/\">prestaciones de compensaci\u00f3n a los trabajadores<\/a>. Tal vez <a href=\"https:\/\/www.steinberglawfirm.com\/es\/video-centro\/anuncios-de-television\/el-bufete-steinberg-me-devolvio-la-vida-tras-mi-accidente-laboral\/\">resbal\u00f3 en un charco<\/a>o le ha atropellado un coche, o ha tropezado con un bache. Cualquiera que sea el caso, el primer paso para aprender m\u00e1s acerca de sus derechos implica la comprensi\u00f3n de los conceptos b\u00e1sicos del sistema de compensaci\u00f3n de los trabajadores y c\u00f3mo South Carolina leyes de compensaci\u00f3n de los trabajadores se aplican en los accidentes de estacionamiento.\u00a0<\/p>\n\n\n\n<h3 class=\"wp-block-heading\">Entender el sistema de indemnizaci\u00f3n de los trabajadores<\/h3>\n\n\n\n<p>La indemnizaci\u00f3n por accidente laboral es un tipo de seguro que proporciona prestaciones a los empleados que se lesionan o enferman debido a su trabajo. Este sistema est\u00e1 dise\u00f1ado para cubrir los gastos m\u00e9dicos, los salarios perdidos y los costes de rehabilitaci\u00f3n, garantizando que los empleados reciban el apoyo que necesitan para recuperarse de sus lesiones y volver al trabajo. Una de las caracter\u00edsticas m\u00e1s importantes del sistema de compensaci\u00f3n a los trabajadores es que un empleado lesionado no necesita demostrar que nadie m\u00e1s fue responsable de sus lesiones.&nbsp;<\/p>\n\n\n\n<p>En South Carolina, las leyes de indemnizaci\u00f3n por accidente laboral obligan a la mayor\u00eda de las empresas a contratar este seguro. Esto significa que si se lesiona en el desempe\u00f1o de sus funciones laborales, por lo general tiene derecho a prestaciones. El objetivo es proporcionarle la ayuda econ\u00f3mica y la atenci\u00f3n m\u00e9dica necesarias para recuperarse y volver al trabajo lo antes posible. Sin embargo, hay ciertas normas que pueden dificultar la obtenci\u00f3n de prestaciones de compensaci\u00f3n de trabajadores, especialmente cuando sus lesiones est\u00e1n relacionadas con un accidente en un aparcamiento.&nbsp;<\/p>\n\n\n\n<h3 class=\"wp-block-heading\">Regla de entrada y salida<\/h3>\n\n\n\n<p>La norma de \"ir y venir\" es un aspecto importante de la ley de indemnizaci\u00f3n de los trabajadores. En general, esta norma establece que las lesiones sufridas en el trayecto de ida o vuelta al trabajo no est\u00e1n cubiertas por la indemnizaci\u00f3n por accidente de trabajo. Sin embargo, hay excepciones, especialmente en lo que respecta a los aparcamientos en el lugar de trabajo.<\/p>\n\n\n\n<p>Si te lesionas en el aparcamiento de tu empresa antes de fichar a la entrada o despu\u00e9s de fichar a la salida, puede que no se aplique la regla de ir y venir. La ley South Carolina reconoce que las lesiones en el estacionamiento pueden estar estrechamente relacionadas con el empleo, lo que las hace potencialmente elegibles para los beneficios de compensaci\u00f3n de trabajadores. Por lo tanto, si bien es posible que no pueda optar a las prestaciones de indemnizaci\u00f3n por accidente de trabajo si est\u00e1 <a href=\"https:\/\/www.steinberglawfirm.com\/es\/blog\/abogado-para-accidentes-de-trafico\/\">involucrado en un accidente de coche<\/a> de camino al trabajo, es posible que siga estando cubierto si sufre un accidente una vez en el aparcamiento de su empresa.&nbsp;<\/p>\n\n\n\n<p>Es importante destacar que las reclamaciones de indemnizaci\u00f3n de los trabajadores sobre la base de las lesiones de estacionamiento son muy dependiente de los hechos, ya que hay excepciones, por lo que es importante tomar todas las precauciones necesarias para garantizar su caso se maneja adecuadamente, empezando por discutir su caso con uno de nuestros <a href=\"https:\/\/www.steinberglawfirm.com\/es\/ubicaciones\/charleston\/abogados-especializados-en-indemnizaciones-laborales-2\/\">abogados expertos en indemnizaci\u00f3n por accidente laboral Charleston<\/a>.&nbsp;<\/p>\n\n\n\n<h3 class=\"wp-block-heading\">Pasos a seguir tras un accidente laboral en un aparcamiento South Carolina<\/h3>\n\n\n\n<p><a href=\"https:\/\/www.steinberglawfirm.com\/es\/indemnizacion-de-los-trabajadores\/como-presentar-una-reclamacion-de-indemnizacion-laboral-en-carolina-del-sur\/\">Presentar una reclamaci\u00f3n de indemnizaci\u00f3n por accidente laboral<\/a> implica varios pasos. Es importante conocerlos bien, porque un peque\u00f1o error puede hacer que la compa\u00f1\u00eda de seguros de su empresa rechace su solicitud.&nbsp;<\/p>\n\n\n\n<ol class=\"wp-block-list\">\n<li><strong>Informe de su lesi\u00f3n<\/strong>: Comunique inmediatamente su lesi\u00f3n a la empresa. Existen plazos estrictos para notificar las lesiones, y no hacerlo puede poner en peligro tu reclamaci\u00f3n.<\/li>\n\n\n\n<li><strong>Busque atenci\u00f3n m\u00e9dica<\/strong>: Reciba tratamiento m\u00e9dico lo antes posible. Su empresario puede indicarle un m\u00e9dico o cl\u00ednica espec\u00edficos para el tratamiento inicial.<\/li>\n\n\n\n<li><strong>Presentar una reclamaci\u00f3n<\/strong>: Su empresario debe proporcionarle los formularios necesarios para presentar una reclamaci\u00f3n de indemnizaci\u00f3n por accidente de trabajo. Rellene estos formularios con exactitud y minuciosidad.<\/li>\n\n\n\n<li><strong>Seguimiento<\/strong>: Despu\u00e9s de presentar la solicitud, lleve un registro de sus citas m\u00e9dicas y de cualquier comunicaci\u00f3n con su empresa o con la compa\u00f1\u00eda de seguros de accidentes de trabajo.<\/li>\n\n\n\n<li><strong>Consulte a un abogado<\/strong>: Si le deniegan la solicitud o tiene alg\u00fan problema, <a href=\"https:\/\/www.steinberglawfirm.com\/es\/contacte-con-nosotros\/\">consultar a un abogado especializado en indemnizaciones por accidentes laborales<\/a> puede ayudarle a comprender sus derechos y a reclamar las prestaciones que merece.<\/li>\n<\/ol>\n\n\n\n<h3 class=\"wp-block-heading\">Ejemplos de lesiones de estacionamiento que pueden ser cubiertos bajo el Sistema de Compensaci\u00f3n de Trabajadores SC<\/h3>\n\n\n\n<p>Los accidentes en aparcamientos pueden estar cubiertos por el sistema de indemnizaci\u00f3n de los trabajadores South Carolina. A continuaci\u00f3n se exponen algunos supuestos en los que las lesiones ocurridas en el aparcamiento de un centro de trabajo podr\u00edan estar cubiertas por la ley de indemnizaci\u00f3n de los trabajadores:<\/p>\n\n\n\n<ol class=\"wp-block-list\">\n<li><strong><a href=\"https:\/\/www.steinberglawfirm.com\/es\/lesiones-personales\/responsabilidad-civil-de-los-locales\/resbalones-y-caidas\/\">Accidentes por resbalones y ca\u00eddas<\/a><\/strong>: Si resbala con agua, hielo, aceite o cualquier otra condici\u00f3n peligrosa en el aparcamiento de su lugar de trabajo, puede tener derecho a una indemnizaci\u00f3n por accidente laboral. Como el aparcamiento forma parte de las instalaciones de la empresa, estas lesiones suelen estar cubiertas.<\/li>\n\n\n\n<li><strong><a href=\"https:\/\/www.steinberglawfirm.com\/es\/lesiones-personales\/accidentes-de-trafico-2\/\">Colisiones de veh\u00edculos<\/a><\/strong>: Supongamos que sufre un accidente de tr\u00e1fico en el aparcamiento de su lugar de trabajo. Si el accidente se produce al entrar o salir del trabajo o en horario laboral, puede tener derecho a prestaciones. Esto incluye ser atropellado por otro coche o un accidente en el que est\u00e9n implicados veh\u00edculos de la empresa.<\/li>\n\n\n\n<li><strong><a href=\"https:\/\/www.steinberglawfirm.com\/es\/indemnizacion-de-los-trabajadores\/violencia-laboral\/\">Agresiones<\/a><\/strong>: Si le agreden en el aparcamiento de su lugar de trabajo, ya sea un compa\u00f1ero o un desconocido, mientras realiza tareas relacionadas con su trabajo o inmediatamente antes o despu\u00e9s de su turno, este incidente podr\u00eda estar cubierto por la indemnizaci\u00f3n por accidente de trabajo.<\/li>\n\n\n\n<li><strong><a href=\"https:\/\/www.steinberglawfirm.com\/es\/lesiones-personales\/responsabilidad-civil-de-los-locales\/\">Condiciones peligrosas<\/a><\/strong>: Las lesiones provocadas por aparcamientos en mal estado, como tropezar con baches o ser golpeado por la ca\u00edda de escombros de estructuras cercanas, tambi\u00e9n pueden dar derecho a indemnizaci\u00f3n por accidente de trabajo. Estas condiciones forman parte de la responsabilidad del empresario de mantener un entorno de trabajo seguro.<\/li>\n<\/ol>\n\n\n\n<h2 class=\"wp-block-heading\">Hable con un abogado con experiencia Charleston Compensaci\u00f3n a los Trabajadores para obtener ayuda inmediata<\/h2>\n\n\n\n<p>Llevar a cabo con \u00e9xito una reclamaci\u00f3n de indemnizaci\u00f3n laboral por lesiones ocurridas en un aparcamiento del lugar de trabajo puede ser dif\u00edcil, pero no es un proceso en el que deba embarcarse por su cuenta. Si se ha lesionado en el aparcamiento de su lugar de trabajo, la <a href=\"https:\/\/www.steinberglawfirm.com\/es\/abogado\/\">abogados especializados en indemnizaci\u00f3n por accidente laboral Charleston<\/a> en el Steinberg Law Firm est\u00e1n aqu\u00ed para ayudar. En el <a href=\"https:\/\/www.steinberglawfirm.com\/es\/\">Steinberg Law Firm<\/a>Podemos asesorarle sobre sus opciones, guiarle a lo largo del proceso y asegurarnos de que reciba el apoyo y la indemnizaci\u00f3n que se merece en estos dif\u00edciles momentos. Para m\u00e1s informaci\u00f3n y para <a href=\"https:\/\/www.steinberglawfirm.com\/es\/consulta-gratuita\/\">programar una consulta gratuita<\/a> hoy, llame al Steinberg Law Firm al <a href=\"tel:1-843-720-2800\">843-720-2800<\/a>. Tambi\u00e9n puede conectarse con nosotros a trav\u00e9s de nuestro <a href=\"https:\/\/www.steinberglawfirm.com\/es\/contacte-con-nosotros\/\">formulario de contacto seguro en l\u00ednea<\/a>.<\/p>","protected":false},"excerpt":{"rendered":"<p>South Carolina Abogados de Lesiones en Estacionamientos de Trabajo South Carolina Leyes para Trabajadores Lesionados en Estacionamientos de Empleadores Los estacionamientos pueden ser lugares peligrosos, y los estacionamientos de los lugares de trabajo no son la excepci\u00f3n. Mientras que los lugares de trabajo var\u00edan en t\u00e9rminos de volumen de tr\u00e1fico, la mayor\u00eda de los estacionamientos en el lugar de trabajo tienden a ser...<\/p>","protected":false},"author":1,"featured_media":31392,"parent":8874,"menu_order":0,"comment_status":"closed","ping_status":"closed","template":"","meta":{"_acf_changed":false,"footnotes":""},"class_list":["post-31388","page","type-page","status-publish","has-post-thumbnail","hentry"],"acf":[],"_links":{"self":[{"href":"https:\/\/www.steinberglawfirm.com\/es\/wp-json\/wp\/v2\/pages\/31388","targetHints":{"allow":["GET"]}}],"collection":[{"href":"https:\/\/www.steinberglawfirm.com\/es\/wp-json\/wp\/v2\/pages"}],"about":[{"href":"https:\/\/www.steinberglawfirm.com\/es\/wp-json\/wp\/v2\/types\/page"}],"author":[{"embeddable":true,"href":"https:\/\/www.steinberglawfirm.com\/es\/wp-json\/wp\/v2\/users\/1"}],"replies":[{"embeddable":true,"href":"https:\/\/www.steinberglawfirm.com\/es\/wp-json\/wp\/v2\/comments?post=31388"}],"version-history":[{"count":5,"href":"https:\/\/www.steinberglawfirm.com\/es\/wp-json\/wp\/v2\/pages\/31388\/revisions"}],"predecessor-version":[{"id":33467,"href":"https:\/\/www.steinberglawfirm.com\/es\/wp-json\/wp\/v2\/pages\/31388\/revisions\/33467"}],"up":[{"embeddable":true,"href":"https:\/\/www.steinberglawfirm.com\/es\/wp-json\/wp\/v2\/pages\/8874"}],"wp:featuredmedia":[{"embeddable":true,"href":"https:\/\/www.steinberglawfirm.com\/es\/wp-json\/wp\/v2\/media\/31392"}],"wp:attachment":[{"href":"https:\/\/www.steinberglawfirm.com\/es\/wp-json\/wp\/v2\/media?parent=31388"}],"curies":[{"name":"wp","href":"https:\/\/api.w.org\/{rel}","templated":true}]}}