{"id":33206,"date":"2025-04-17T20:20:29","date_gmt":"2025-04-17T20:20:29","guid":{"rendered":"https:\/\/www.steinberglawfirm.com\/?page_id=33206"},"modified":"2025-10-21T22:54:53","modified_gmt":"2025-10-21T22:54:53","slug":"accidente-de-coche-trasero-abogado","status":"publish","type":"page","link":"https:\/\/www.steinberglawfirm.com\/es\/ubicaciones\/north-charleston\/abogado-accidente-de-coche-3\/accidente-de-coche-trasero-abogado\/","title":{"rendered":"North Charleston, SC Abogado de accidente de coche por alcance"},"content":{"rendered":"<h1 class=\"wp-block-heading\">North Charleston, SC Abogado de accidente de coche por alcance<\/h1>\n\n\n\n<h2 class=\"wp-block-heading\"><em>Abogados de lesiones de confianza para las v\u00edctimas que fueron embestidos por detr\u00e1s en South Carolina<\/em><\/h2>\n\n\n\n<p>En North Charleston, la congesti\u00f3n del tr\u00e1fico y la negligencia de los conductores contribuyen a <a href=\"https:\/\/www.steinberglawfirm.com\/es\/ubicaciones\/north-charleston\/abogado-accidente-de-coche-3\/\">miles de accidentes al a\u00f1o<\/a>. Los accidentes por alcance representan un porcentaje significativo de estos incidentes, dejando a los conductores lesionados luchando por recuperarse f\u00edsica y econ\u00f3micamente. Incluso a baja velocidad, la fuerza del impacto puede causar latigazo cervical, da\u00f1os en la columna vertebral, y otras enfermedades graves que requieren tratamiento continuo. Las v\u00edctimas pueden sufrir lesiones debilitantes, gastos m\u00e9dicos crecientes e incertidumbre sobre c\u00f3mo seguir adelante.<\/p>\n\n\n\n<p>En <a href=\"https:\/\/www.steinberglawfirm.com\/es\/\">Steinberg Law Firm, LLC<\/a>Llevamos casi un siglo luchando por las personas lesionadas en todo el South Carolina. Nuestro equipo ha <a href=\"https:\/\/www.steinberglawfirm.com\/es\/resultados\/\">m\u00e1s de $800 millones en veredictos y acuerdos extrajudiciales<\/a> para las v\u00edctimas de accidentes, asegurando que reciban la justicia que merecen. Si un conductor negligente caus\u00f3 sus lesiones, estamos listos para ayudarle a navegar el proceso legal, construir una demanda fuerte, y mantener a la parte responsable responsable.<\/p>\n\n\n\n<h3 class=\"wp-block-heading\">C\u00f3mo se producen las colisiones por alcance en North Charleston<\/h3>\n\n\n\n<p>Los accidentes por alcance se producen cuando un veh\u00edculo choca contra la parte trasera de otro. Aunque algunos s\u00f3lo provocan da\u00f1os menores en el veh\u00edculo, otros dejan a las v\u00edctimas con lesiones graves o potencialmente mortales. Las carreteras del North Charleston, especialmente las zonas de mucho tr\u00e1fico como <a href=\"https:\/\/www.steinberglawfirm.com\/es\/ubicaciones\/north-charleston\/abogado-accidente-de-coche-3\/carreteras-mas-peligrosas-de-north-charleston-sc\/#:~:text=caused%20several%20injuries.-,Rivers%20Avenue,-Rivers%20Avenue%20is\">Avenida de los R\u00edos<\/a>, <a href=\"https:\/\/www.steinberglawfirm.com\/es\/blog\/los-tres-cruces-mas-peligrosos-de-carolina-del-sur\/\">Carretera Ashley Phosphate<\/a>y <a href=\"https:\/\/www.steinberglawfirm.com\/es\/lesiones-personales\/accidentes-de-trafico-2\/carreteras-mas-peligrosas-de-las-carolinas-del-sur-i-526-y-i-26\/\">I-26<\/a>Cada a\u00f1o se producen muchos accidentes de este tipo. Las colisiones por alcance pueden deberse a distracciones al volante, exceso de velocidad y conducci\u00f3n bajo los efectos del alcohol.&nbsp;&nbsp;<\/p>\n\n\n\n<h4 class=\"wp-block-heading\">Conducci\u00f3n distra\u00edda<\/h4>\n\n\n\n<p>Desviar la atenci\u00f3n de la carretera incluso durante unos segundos puede provocar un accidente grave. Las distracciones incluyen enviar mensajes de texto, ajustar el GPS, comer, hablar con los pasajeros o alcanzar objetos dentro del veh\u00edculo. Los conductores que bajan la vista para mirar sus tel\u00e9fonos mientras circulan a 55 mph pueden recorrer la longitud de un campo de f\u00fatbol sin ver la carretera por delante. Cuando los conductores no reaccionan a tiempo, corren el riesgo de chocar contra el veh\u00edculo que tienen delante.<\/p>\n\n\n\n<p>South Carolina ve miles de <a href=\"https:\/\/www.steinberglawfirm.com\/es\/lesiones-personales\/accidentes-de-trafico-2\/conduccion-distraida-y-accidentes-de-trafico-2\/\">accidentes por conducci\u00f3n distra\u00edda<\/a> cada a\u00f1o, y el North Charleston no es una excepci\u00f3n. A pesar de las campa\u00f1as de concienciaci\u00f3n p\u00fablica y las restricciones legales, las colisiones relacionadas con distracciones siguen siendo una de las principales causas de colisiones por alcance en zonas muy transitadas. Los conductores que no mantienen la concentraci\u00f3n se ponen a s\u00ed mismos y a los dem\u00e1s en peligro de sufrir da\u00f1os graves.<\/p>\n\n\n\n<h4 class=\"wp-block-heading\">Exceso de velocidad y seguimiento demasiado estrecho<\/h4>\n\n\n\n<p>Seg\u00fan el Departamento de Seguridad P\u00fablica South Carolina, casi 30% de las colisiones del condado Charleston implican una velocidad excesiva.<sup> <\/sup>Velocidad excesiva y <a href=\"https:\/\/www.steinberglawfirm.com\/es\/blog\/que-hacer-si-alguien-te-sigue-de-cerca-en-carolina-del-sur\/\">tailgating<\/a> son dos factores importantes que contribuyen a los accidentes por alcance. Los conductores que siguen demasiado de cerca tienen poco tiempo para reaccionar cuando el tr\u00e1fico se ralentiza o se detiene. Cuanto m\u00e1s r\u00e1pido circula un veh\u00edculo, m\u00e1s tarda en detenerse por completo.\u00a0<\/p>\n\n\n\n<p><a href=\"https:\/\/www.steinberglawfirm.com\/es\/lesiones-personales\/accidentes-de-trafico-2\/accidentes-de-trafico-por-exceso-de-velocidad\/\">Exceso de velocidad<\/a> sigue siendo un factor principal en las colisiones graves en todo el estado, contribuyendo a casi un tercio de todas las lesiones de tr\u00e1fico entre 2017 y 2021. Las carreteras congestionadas del North Charleston, incluidas arterias importantes como Rivers Avenue, <a href=\"https:\/\/www.steinberglawfirm.com\/es\/ubicaciones\/north-charleston\/abogado-accidente-de-coche-3\/carreteras-mas-peligrosas-de-north-charleston-sc\/#:~:text=North%20Charleston%20include%3A-,Ashley%20Phosphate%20Road,-The%20Berkeley%20Charleston\">Fosfato de Ashley<\/a>y la I-26, son particularmente susceptibles a las colisiones por alcance debido a los patrones de tr\u00e1fico de parada y arranque.&nbsp;<\/p>\n\n\n\n<h4 class=\"wp-block-heading\">Conducci\u00f3n bajo los efectos del alcohol<\/h4>\n\n\n\n<p>El consumo de alcohol y drogas reduce considerablemente el tiempo de reacci\u00f3n, la coordinaci\u00f3n y la capacidad de tomar decisiones. Es posible que los conductores bajo los efectos del alcohol no reconozcan a tiempo la desaceleraci\u00f3n del tr\u00e1fico para detenerse con seguridad. South Carolina ha observado un aumento constante de <a href=\"https:\/\/www.steinberglawfirm.com\/es\/ubicaciones\/north-charleston\/abogado-accidente-de-coche-3\/abogado-de-lesiones-por-conduccion-en-estado-de-ebriedad\/\">v\u00edctimas mortales de accidentes de tr\u00e1fico relacionados con el alcohol<\/a>por lo que la conducci\u00f3n bajo los efectos del alcohol es cada vez m\u00e1s preocupante.<\/p>\n\n\n\n<p>Las colisiones por alcance causadas por conductores ebrios suelen producirse a altas horas de la noche o a primera hora de la ma\u00f1ana, cuando la visibilidad es menor y las carreteras est\u00e1n menos congestionadas. Sin embargo, la conducci\u00f3n bajo los efectos del alcohol sigue siendo un riesgo a cualquier hora del d\u00eda. Incluso una peque\u00f1a cantidad de alcohol puede afectar al juicio, aumentando la probabilidad de calcular mal las distancias o de no percatarse de las se\u00f1ales de tr\u00e1fico.<\/p>\n\n\n\n<h4 class=\"wp-block-heading\">North Charleston Condiciones meteorol\u00f3gicas<\/h4>\n\n\n\n<p>El clima de North Charleston contribuye a crear condiciones de conducci\u00f3n peligrosas durante todo el a\u00f1o. Las fuertes lluvias, la niebla y el pavimento mojado hacen que las carreteras resbalen y reducen la visibilidad. Los conductores que no ajustan la velocidad o aumentan la distancia de seguridad cuando hace mal tiempo se ponen en peligro a s\u00ed mismos y a los dem\u00e1s.<\/p>\n\n\n\n<p>La lluvia es especialmente problem\u00e1tica en las principales autopistas e intersecciones, donde el agua acumulada puede provocar hidroplaneo. La niebla reduce a\u00fan m\u00e1s la visibilidad y dificulta la visi\u00f3n de las luces de freno. Cuando los conductores no reducen la velocidad o no act\u00faan con precauci\u00f3n en condiciones meteorol\u00f3gicas adversas, aumenta el riesgo de accidentes por alcance.<\/p>\n\n\n\n<h4 class=\"wp-block-heading\">Congesti\u00f3n del tr\u00e1fico en North Charleston, SC<\/h4>\n\n\n\n<p>North Charleston experimenta un tr\u00e1fico intenso en las principales carreteras, especialmente durante las horas punta. <a href=\"https:\/\/www.steinberglawfirm.com\/es\/blog\/los-embotellamientos-pueden-aumentar-el-riesgo-de-accidente\/\">Tr\u00e1fico intermitente en las autopistas<\/a> suele provocar muchas colisiones por alcance cuando los conductores desatentos no frenan a tiempo. Las intersecciones congestionadas con paradas frecuentes tambi\u00e9n aumentan la probabilidad de estas colisiones.<\/p>\n\n\n\n<p>La congesti\u00f3n del tr\u00e1fico suele provocar impaciencia, lo que lleva a algunos conductores a adoptar comportamientos arriesgados, como cambios repentinos de carril o aceleraciones agresivas. Sin embargo, los patrones impredecibles del tr\u00e1fico hacen que los conductores deban permanecer alerta en todo momento. Las colisiones por alcance en zonas congestionadas son frecuentes, pero evitables si se presta la debida atenci\u00f3n y se adoptan h\u00e1bitos de conducci\u00f3n seguros.<\/p>\n\n\n\n<h3 class=\"wp-block-heading\">Tipos de lesiones sufridas en accidentes de tr\u00e1fico por alcance North Charleston<\/h3>\n\n\n\n<p>Seg\u00fan el Departamento de Seguridad P\u00fablica de South Carolina, las colisiones relacionadas con el exceso de velocidad representan casi 30% de las colisiones del condado de Charleston, y en muchas de ellas se producen impactos traseros. La fuerza repentina del impacto puede impulsar violentamente a los ocupantes hacia delante, provocando lesiones en el cuello, la espalda y la cabeza. Las carreteras m\u00e1s transitadas de North Charleston, como Rivers Avenue, Ashley Phosphate Road y la I-26, son puntos calientes para este tipo de colisiones.&nbsp;<\/p>\n\n\n\n<h4 class=\"wp-block-heading\">Latigazo cervical y lesiones de tejidos blandos<\/h4>\n\n\n\n<p><a href=\"https:\/\/www.steinberglawfirm.com\/es\/blog\/latigazos-en-accidentes-de-trafico\/\">Latigazo cervical<\/a> es una de las lesiones m\u00e1s frecuentes en los accidentes por alcance. Cuando un veh\u00edculo es golpeado por detr\u00e1s, la fuerza hace que el cuello se desplace r\u00e1pidamente hacia delante y hacia atr\u00e1s, estirando y forzando los tejidos blandos. Las v\u00edctimas suelen sufrir fuertes dolores de cuello, rigidez, dolores de cabeza, mareos y limitaci\u00f3n de la amplitud de movimiento. Tambi\u00e9n pueden producirse lesiones en los tejidos blandos de la espalda y los hombros, que provocan molestias cr\u00f3nicas que pueden persistir durante meses o incluso a\u00f1os.<\/p>\n\n\n\n<p>Muchas v\u00edctimas subestiman las lesiones por latigazo cervical al principio, pero los s\u00edntomas tard\u00edos pueden empeorar con el tiempo. Buscar atenci\u00f3n m\u00e9dica inmediata es fundamental para diagnosticar y tratar los da\u00f1os en los tejidos blandos antes de que provoquen dolor y problemas de movilidad a largo plazo.<\/p>\n\n\n\n<h4 class=\"wp-block-heading\">Lesiones craneales y cerebrales<\/h4>\n\n\n\n<p>Una sacudida repentina por un impacto trasero puede provocar <a href=\"https:\/\/www.steinberglawfirm.com\/es\/ubicaciones\/north-charleston\/abogado-de-lesiones-cerebrales\/\">conmociones cerebrales o traumatismos craneoencef\u00e1licos (TCE)<\/a>incluso aunque no se produzca un impacto directo en la cabeza. El movimiento brusco puede hacer que el cerebro se desplace y golpee el cr\u00e1neo, lo que provoca deterioro cognitivo, p\u00e9rdida de memoria, cambios de humor y dolores de cabeza persistentes.<\/p>\n\n\n\n<p>Las conmociones cerebrales pueden ir de leves a graves, y algunas v\u00edctimas necesitan meses de rehabilitaci\u00f3n. Las LCT pueden alterar la vida en colisiones a alta velocidad, afectando a la capacidad de una persona para trabajar, realizar tareas cotidianas y mantener relaciones. La tasa de mortalidad en accidentes de tr\u00e1fico de South Carolina es superior a la media nacional, con 1.198 muertes registradas s\u00f3lo en 2021, muchas de las cuales se debieron a traumatismos craneoencef\u00e1licos graves tras una colisi\u00f3n.<\/p>\n\n\n\n<h4 class=\"wp-block-heading\">Da\u00f1os en la m\u00e9dula espinal<\/h4>\n\n\n\n<p>Los accidentes por alcance tambi\u00e9n pueden provocar <a href=\"https:\/\/www.steinberglawfirm.com\/es\/lesiones-personales\/accidentes-de-trafico-2\/lesion-medular\/\">lesiones medulares<\/a>El impacto puede comprimir la columna y provocar dolor cr\u00f3nico, entumecimiento o par\u00e1lisis. La fuerza del impacto puede comprimir la columna vertebral y provocar dolor cr\u00f3nico, entumecimiento o par\u00e1lisis. La recuperaci\u00f3n puede requerir cirug\u00eda, fisioterapia exhaustiva y cuidados m\u00e9dicos de por vida.<\/p>\n\n\n\n<p>Las lesiones medulares pueden afectar dr\u00e1sticamente a la calidad de vida de una persona, limitando su movilidad e independencia. En los casos graves, las v\u00edctimas pueden necesitar dispositivos de asistencia, modificaciones en el hogar y tratamiento m\u00e9dico continuo, lo que supone una carga econ\u00f3mica considerable.<\/p>\n\n\n\n<h4 class=\"wp-block-heading\">Fracturas y lesiones articulares<\/h4>\n\n\n\n<p>El impacto de una colisi\u00f3n por alcance puede causar fracturas en mu\u00f1ecas, brazos, costillas y clav\u00edculas. Las v\u00edctimas suelen prepararse instintivamente para el impacto, con el consiguiente riesgo de lesiones en manos y brazos. Las rodillas y los hombros tambi\u00e9n son vulnerables, ya que la fuerza del choque puede torcer o atascar las articulaciones, provocando da\u00f1os en los ligamentos o dislocaciones.<\/p>\n\n\n\n<p>Muchas fracturas requieren cirug\u00eda, escayola o meses de rehabilitaci\u00f3n. Las lesiones articulares, sobre todo las que afectan a las rodillas o los hombros, pueden provocar problemas de movilidad a largo plazo y dolor cr\u00f3nico. Estas lesiones pueden afectar considerablemente a la capacidad de una persona para trabajar y realizar actividades cotidianas.<\/p>\n\n\n\n<h3 class=\"wp-block-heading\">La importancia de buscar atenci\u00f3n m\u00e9dica<\/h3>\n\n\n\n<p>No todas las lesiones se manifiestan inmediatamente despu\u00e9s de una colisi\u00f3n por alcance. Los s\u00edntomas pueden tardar horas o incluso d\u00edas en manifestarse, por lo que es fundamental buscar atenci\u00f3n m\u00e9dica lo antes posible. Un tratamiento tard\u00edo puede provocar complicaciones y dificultar la demostraci\u00f3n del alcance de las lesiones a la hora de reclamar una indemnizaci\u00f3n.<\/p>\n\n\n\n<p>Los accidentes por alcance en el North Charleston siguen causando da\u00f1os significativos a las v\u00edctimas, a menudo dej\u00e1ndolas con cargas f\u00edsicas y financieras duraderas. Comprender las posibles lesiones y tomar medidas inmediatas puede ayudar a las v\u00edctimas a proteger su salud y sus derechos legales.<\/p>\n\n\n\n<h3 class=\"wp-block-heading\">Determinaci\u00f3n de la responsabilidad en una colisi\u00f3n por alcance North Charleston<\/h3>\n\n\n\n<p>South Carolina la ley suele responsabilizar al conductor de atr\u00e1s en una colisi\u00f3n por alcance, pero la responsabilidad no siempre es directa. <a href=\"https:\/\/www.steinberglawfirm.com\/es\/lesiones-personales\/accidentes-de-trafico-2\/seguro\/\">Compa\u00f1\u00edas de seguros<\/a> a menudo intentan echar la culpa a otros para minimizar los pagos, y en un accidente pueden intervenir m\u00faltiples factores. Determinar la culpabilidad requiere una investigaci\u00f3n detallada de las circunstancias del accidente, sobre todo teniendo en cuenta los altos \u00edndices de siniestralidad del North Charleston.<\/p>\n\n\n\n<p>La determinaci\u00f3n de la culpabilidad se basa en pruebas sustanciales, como informes policiales, grabaciones de c\u00e1maras de tr\u00e1fico, declaraciones de testigos y an\u00e1lisis de reconstrucci\u00f3n de accidentes. Las alarmantes estad\u00edsticas de tr\u00e1fico de South Carolina complican a\u00fan m\u00e1s estos casos. Seg\u00fan el Plan Trienal de Seguridad Vial (2024-2026) del Departamento de Seguridad P\u00fablica de South Carolina, el estado vio 1,198 muertes de tr\u00e1fico en 2021, lo que representa un aumento de 16,96% en comparaci\u00f3n con el promedio de los cuatro a\u00f1os anteriores y un aumento de 21,13% en comparaci\u00f3n con 2017. A lo largo de los cinco a\u00f1os comprendidos entre 2017 y 2021, se registraron South Carolina <a href=\"https:\/\/www.steinberglawfirm.com\/es\/ubicaciones\/north-charleston\/abogado-accidente-de-coche-3\/abogado-de-accidentes-mortales\/\">5.295 muertes relacionadas con veh\u00edculos de motor<\/a>, con una media aproximada de 1.059 v\u00edctimas mortales al a\u00f1o.<\/p>\n\n\n\n<p>Los accidentes por alcance contribuyen significativamente a estas preocupantes estad\u00edsticas, lo que refuerza la necesidad de representaci\u00f3n legal. <a href=\"https:\/\/www.steinberglawfirm.com\/es\/contacte-con-nosotros\/\">Responsabilizar a la parte culpable<\/a> es fundamental para obtener una indemnizaci\u00f3n por los gastos m\u00e9dicos, los salarios perdidos y el dolor y el sufrimiento. Un abogado con experiencia puede llevar a cabo una investigaci\u00f3n exhaustiva, construir un caso s\u00f3lido, y abogar por la compensaci\u00f3n total que se merece.<\/p>\n\n\n\n<h2 class=\"wp-block-heading\">Hable hoy mismo con un abogado especializado en accidentes de tr\u00e1fico North Charleston sobre su caso<\/h2>\n\n\n\n<figure class=\"wp-block-embed is-type-video is-provider-vimeo wp-block-embed-vimeo wp-embed-aspect-16-9 wp-has-aspect-ratio\"><div class=\"wp-block-embed__wrapper\">\n<iframe loading=\"lazy\" title=\"Steinberg Law Firm me ayud\u00f3 tras mi accidente de coche por alcance\" src=\"https:\/\/player.vimeo.com\/video\/1092249784?dnt=1&amp;app_id=122963\" width=\"500\" height=\"281\" frameborder=\"0\" allow=\"autoplay; fullscreen; picture-in-picture; clipboard-write; encrypted-media; web-share\" referrerpolicy=\"strict-origin-when-cross-origin\"><\/iframe>\n<\/div><\/figure>\n\n\n\n<p>Una colisi\u00f3n por alcance puede dejarle con lesiones dolorosas, facturas m\u00e9dicas crecientes e incertidumbre sobre lo que viene despu\u00e9s. Si un conductor negligente caus\u00f3 su accidente en el North Charleston, usted merece una indemnizaci\u00f3n completa por sus p\u00e9rdidas. En <a href=\"https:\/\/www.steinberglawfirm.com\/es\/\">Steinberg Law Firm<\/a>Llevamos casi un siglo defendiendo a las v\u00edctimas de lesiones en todo el South Carolina, <a href=\"https:\/\/www.steinberglawfirm.com\/es\/resultados\/\">garantizar la recuperaci\u00f3n financiera<\/a> que necesitan para seguir adelante. Las compa\u00f1\u00edas de seguros suelen intentar minimizar los pagos. <a href=\"https:\/\/www.steinberglawfirm.com\/es\/abogado\/\">Nuestros experimentados abogados<\/a> luchar\u00e1 por la indemnizaci\u00f3n que se merece, encarg\u00e1ndose del proceso legal mientras usted se centra en curarse. Llame hoy al Steinberg Law Firm <a href=\"tel:1-843-720-2800\">843-720-2800<\/a> para un <a href=\"https:\/\/www.steinberglawfirm.com\/es\/consulta-gratuita\/\">consulta gratuita<\/a>y perm\u00edtanos ayudarle a obtener la justicia que se merece.<\/p>","protected":false},"excerpt":{"rendered":"<p>North Charleston, SC Abogado de Accidente de Coche de Rear-End Abogados de Lesiones de Confianza para V\u00edctimas que fueron Rear-End en South Carolina En North Charleston, la congesti\u00f3n de tr\u00e1fico pesado y la negligencia del conductor contribuyen a miles de choques anualmente. Los accidentes por alcance constituyen un porcentaje significativo de estos incidentes, dejando a los automovilistas lesionados luchando por recuperarse f\u00edsica y financieramente. Incluso a baja...<\/p>","protected":false},"author":1,"featured_media":33209,"parent":13472,"menu_order":0,"comment_status":"closed","ping_status":"closed","template":"","meta":{"_acf_changed":false,"footnotes":""},"class_list":["post-33206","page","type-page","status-publish","has-post-thumbnail","hentry"],"acf":[],"_links":{"self":[{"href":"https:\/\/www.steinberglawfirm.com\/es\/wp-json\/wp\/v2\/pages\/33206","targetHints":{"allow":["GET"]}}],"collection":[{"href":"https:\/\/www.steinberglawfirm.com\/es\/wp-json\/wp\/v2\/pages"}],"about":[{"href":"https:\/\/www.steinberglawfirm.com\/es\/wp-json\/wp\/v2\/types\/page"}],"author":[{"embeddable":true,"href":"https:\/\/www.steinberglawfirm.com\/es\/wp-json\/wp\/v2\/users\/1"}],"replies":[{"embeddable":true,"href":"https:\/\/www.steinberglawfirm.com\/es\/wp-json\/wp\/v2\/comments?post=33206"}],"version-history":[{"count":8,"href":"https:\/\/www.steinberglawfirm.com\/es\/wp-json\/wp\/v2\/pages\/33206\/revisions"}],"predecessor-version":[{"id":34748,"href":"https:\/\/www.steinberglawfirm.com\/es\/wp-json\/wp\/v2\/pages\/33206\/revisions\/34748"}],"up":[{"embeddable":true,"href":"https:\/\/www.steinberglawfirm.com\/es\/wp-json\/wp\/v2\/pages\/13472"}],"wp:featuredmedia":[{"embeddable":true,"href":"https:\/\/www.steinberglawfirm.com\/es\/wp-json\/wp\/v2\/media\/33209"}],"wp:attachment":[{"href":"https:\/\/www.steinberglawfirm.com\/es\/wp-json\/wp\/v2\/media?parent=33206"}],"curies":[{"name":"wp","href":"https:\/\/api.w.org\/{rel}","templated":true}]}}