{"id":33336,"date":"2025-05-15T19:46:31","date_gmt":"2025-05-15T19:46:31","guid":{"rendered":"https:\/\/www.steinberglawfirm.com\/?page_id=33336"},"modified":"2025-05-15T19:46:33","modified_gmt":"2025-05-15T19:46:33","slug":"abogado-de-responsabilidad-civil","status":"publish","type":"page","link":"https:\/\/www.steinberglawfirm.com\/es\/ubicaciones\/north-charleston\/abogado-de-responsabilidad-civil\/","title":{"rendered":"North Charleston Abogado de responsabilidad civil de locales"},"content":{"rendered":"<h1 class=\"wp-block-heading\">North Charleston Abogado de responsabilidad civil de locales<\/h1>\n\n\n\n<h2 class=\"wp-block-heading\"><em>Abogados de lesiones por accidentes de resbalones, tropiezos y ca\u00eddas en North Charleston, SC<\/em><\/h2>\n\n\n\n<p><a href=\"https:\/\/www.steinberglawfirm.com\/es\/lesiones-personales\/responsabilidad-civil-de-los-locales\/\">Lesiones causadas por propiedades inseguras<\/a> puede tener consecuencias devastadoras, dejando a las v\u00edctimas con gastos m\u00e9dicos, salarios perdidos y dolor duradero. Los propietarios en North Charleston son legalmente responsables de mantener condiciones seguras para visitantes, empleados y clientes. Cuando no lo hacen, se producen accidentes graves.<\/p>\n\n\n\n<p>En <a href=\"https:\/\/www.steinberglawfirm.com\/es\/\">Steinberg Law Firm<\/a>abogamos por los lesionados en accidentes de responsabilidad civil de locales en North Charleston y zonas circundantes. Tanto si se resbal\u00f3 en un suelo mojado, se cay\u00f3 por unas escaleras rotas o sufri\u00f3 da\u00f1os debido a una seguridad inadecuada, <a href=\"https:\/\/www.steinberglawfirm.com\/es\/abogado\/\">nuestro equipo jur\u00eddico<\/a> est\u00e1 dispuesto a responsabilizar a los propietarios negligentes. Con un historial de <a href=\"https:\/\/www.steinberglawfirm.com\/es\/resultados\/\">logrando acuerdos por un total de m\u00e1s de $800 millones.<\/a> para nuestros clientes lesionados, sabemos c\u00f3mo presentar demandas s\u00f3lidas para obtener la m\u00e1xima indemnizaci\u00f3n.<\/p>\n\n\n\n<h3 class=\"wp-block-heading\">\u00bfQu\u00e9 es la responsabilidad civil del establecimiento?<\/h3>\n\n\n\n<p>La responsabilidad de los locales se refiere a las lesiones causadas por condiciones de propiedad inseguras. La ley South Carolina exige a las empresas, arrendadores y propietarios que mantengan entornos razonablemente seguros. Cuando no corrigen los peligros o <a href=\"https:\/\/www.steinberglawfirm.com\/es\/articulos\/tipos-de-visitantes-para-responsabilidad-civil\/\">advertir a los visitantes de los riesgos<\/a>pueden ser responsables de las lesiones que se produzcan en su propiedad.<\/p>\n\n\n\n<p>Esta responsabilidad legal se aplica a diversos lugares, como comercios minoristas, edificios de apartamentos, complejos de oficinas, hoteles, hospitales, escuelas y propiedades gubernamentales. Los propietarios deben ocuparse oportunamente de los peligros conocidos y realizar inspecciones peri\u00f3dicas para evitar lesiones. No reparar condiciones peligrosas, como escaleras rotas, <a href=\"https:\/\/www.steinberglawfirm.com\/es\/blog\/me-resbale-y-me-cai-en-la-tienda-por-culpa-de-un-suelo-mojado-y-no-hubo-una-advertencia-adecuada-quien-es-responsable-de-mis-lesiones-por-la-caida\/\">suelos mojados<\/a>o una iluminaci\u00f3n inadecuada, pone en peligro a visitantes, empleados e inquilinos.<\/p>\n\n\n\n<p>Los casos de responsabilidad de los locales suelen implicar lesiones graves, incluidas fracturas \u00f3seas, <a href=\"https:\/\/www.steinberglawfirm.com\/es\/lesiones-personales\/casos-de-lesiones-graves\/lesion-cerebral-traumatica\/\">traumatismo craneal<\/a>, <a href=\"https:\/\/www.steinberglawfirm.com\/es\/lesiones-personales\/lesiones-en-la-cabeza-el-cerebro-y-la-columna-vertebral\/lesiones-de-la-columna-vertebral-2\/\">lesiones medulares<\/a>y <a href=\"https:\/\/www.steinberglawfirm.com\/es\/lesiones-personales\/abogados-de-lesiones-personales\/quemar-lesionar-abogado\/\">quemaduras<\/a>. Las v\u00edctimas pueden necesitar tratamiento m\u00e9dico exhaustivo y sufrir secuelas a largo plazo que afectan a su capacidad para trabajar o disfrutar de la vida cotidiana. Si la negligencia de un propietario caus\u00f3 sus lesiones, puede tener derecho a una indemnizaci\u00f3n por sus p\u00e9rdidas.<\/p>\n\n\n\n<h3 class=\"wp-block-heading\">El papel de la negligencia en los casos de responsabilidad del establecimiento<\/h3>\n\n\n\n<p>En los casos de responsabilidad de las instalaciones, probar la negligencia es esencial para responsabilizar al propietario de las lesiones. Los propietarios deben tomar medidas razonables para mantener sus instalaciones seguras. Cuando no lo hacen, se producen lesiones y las v\u00edctimas tienen derecho a reclamar una indemnizaci\u00f3n.<\/p>\n\n\n\n<h4 class=\"wp-block-heading\">\u00bfQu\u00e9 constituye negligencia?<\/h4>\n\n\n\n<p>La negligencia se produce cuando un propietario, arrendador o empresa no aborda los peligros conocidos o advierte a los visitantes de los peligros potenciales. Ejemplos de negligencia en casos de responsabilidad de locales North Charleston incluyen:<\/p>\n\n\n\n<ul class=\"wp-block-list\">\n<li>Ignorar los problemas de mantenimiento: no reparar escaleras rotas, suelos da\u00f1ados o sistemas el\u00e9ctricos defectuosos;&nbsp;<\/li>\n\n\n\n<li>No limpiar los derrames: las empresas y los propietarios deben eliminar r\u00e1pidamente los peligros de resbalones;&nbsp;<\/li>\n\n\n\n<li>Falta de medidas de seguridad: iluminaci\u00f3n deficiente, cerraduras rotas o ausencia de personal de seguridad en zonas de alta criminalidad ponen en peligro a los visitantes.<\/li>\n\n\n\n<li>Infracciones del c\u00f3digo de edificaci\u00f3n: las propiedades deben cumplir la normativa de seguridad para evitar riesgos de incendio, fallos estructurales y otros peligros.<\/li>\n<\/ul>\n\n\n\n<p>Los propietarios que no abordan estos peligros exponen a visitantes, empleados e inquilinos al riesgo de sufrir lesiones evitables. Cuando la negligencia provoca da\u00f1os, las v\u00edctimas tienen derecho a reclamar una indemnizaci\u00f3n y exigir responsabilidades a las partes que no hayan mantenido un entorno seguro.<\/p>\n\n\n\n<h3 class=\"wp-block-heading\">Casos comunes de responsabilidad de locales en North Charleston<\/h3>\n\n\n\n<p>Las condiciones de inseguridad en la propiedad pueden darse en cualquier parte, desde tiendas de comestibles y restaurantes hasta <a href=\"https:\/\/www.steinberglawfirm.com\/es\/lesiones-personales\/responsabilidad-civil-de-los-locales\/abogado-especializado-en-lesiones-en-edificios-de-apartamentos\/\">edificios de apartamentos<\/a>oficinas y espacios p\u00fablicos. Los casos comunes de responsabilidad de locales incluyen:<\/p>\n\n\n\n<ul class=\"wp-block-list\">\n<li><strong><a href=\"https:\/\/www.steinberglawfirm.com\/es\/ubicaciones\/north-charleston\/abogado-de-accidentes-de-resbalon-y-caida\/\">Accidentes por resbalones, tropiezos y ca\u00eddas<\/a><\/strong>. Los suelos mojados, las aceras irregulares, las moquetas sueltas y los pasillos desordenados pueden provocar ca\u00eddas graves. Las aceras irregulares, el pavimento agrietado, las moquetas sueltas y los pasillos desordenados aumentan el riesgo de tropezar, sobre todo en zonas mal iluminadas donde es m\u00e1s dif\u00edcil ver los peligros.<\/li>\n\n\n\n<li><strong>Lesiones en ascensores y escaleras mec\u00e1nicas<\/strong>. El mal funcionamiento o el mantenimiento deficiente de los equipos puede provocar ca\u00eddas repentinas, miembros atrapados o ca\u00eddas. <a href=\"https:\/\/www.steinberglawfirm.com\/es\/blog\/liquidacion-caida-de-trabajo-de-515000-para-empleados-de-mantenimiento-de-carolina-del-sur\/\">Mantenimiento inadecuado<\/a> pueden provocar ca\u00eddas repentinas, paradas bruscas o que la ropa y partes del cuerpo queden atrapadas en los mecanismos en movimiento. Los accidentes con escaleras mec\u00e1nicas suelen producirse cuando los pelda\u00f1os est\u00e1n sueltos, faltan tornillos o los cambios bruscos de velocidad hacen perder el equilibrio a los pasajeros. Los ascensores que no se alinean correctamente con el suelo suponen un peligro de tropiezo, especialmente para las personas mayores o con problemas de movilidad.<\/li>\n\n\n\n<li><strong>Escaleras rotas<\/strong>. La falta de barandillas, los escalones inestables y las tablas sueltas provocan ca\u00eddas graves.<\/li>\n\n\n\n<li><strong>Seguridad inadecuada.<\/strong> Aparcamientos mal iluminados, cerraduras rotas y falta de personal de seguridad provocan asaltos y robos.<\/li>\n\n\n\n<li><strong><a href=\"https:\/\/www.steinberglawfirm.com\/es\/lesiones-personales\/responsabilidad-civil-de-los-locales\/abogados-de-lesiones-de-salon-de-unas\/\">Infecciones y lesiones en los salones de manicura<\/a><\/strong>. Un saneamiento inadecuado puede exponer a los clientes a infecciones bacterianas, quemaduras cut\u00e1neas y reacciones al\u00e9rgicas.<\/li>\n<\/ul>\n\n\n\n<p>Los propietarios tienen la obligaci\u00f3n de hacer frente a estos peligros antes de que causen da\u00f1os, pero muchos no toman las precauciones necesarias. Cuando las condiciones inseguras provocan lesiones graves, las v\u00edctimas tienen derecho a reclamar una indemnizaci\u00f3n por sus gastos m\u00e9dicos, salarios perdidos y dolor y sufrimiento. Si ha sufrido lesiones por negligencia en el mantenimiento de la propiedad o por condiciones inseguras en North Charleston, <a href=\"https:\/\/www.steinberglawfirm.com\/es\/contacte-con-nosotros\/\">emprender acciones legales<\/a> puede ayudarle a recuperar el apoyo que necesita para seguir adelante.<\/p>\n\n\n\n<h3 class=\"wp-block-heading\">Lugares de alto riesgo para la responsabilidad civil de los locales en North Charleston<\/h3>\n\n\n\n<p>El crecimiento econ\u00f3mico de North Charleston hace que cada d\u00eda acuda m\u00e1s gente a los lugares de trabajo, las empresas y los espacios p\u00fablicos. Sin embargo, el aumento de la actividad conlleva un mayor riesgo de accidentes, muchos de los cuales se producen debido a un mantenimiento deficiente, a condiciones peligrosas o a una seguridad inadecuada. Las reclamaciones por responsabilidad civil en los locales suelen surgir en lugares en los que los propietarios y empresarios no proporcionan un entorno seguro a empleados, clientes y visitantes.<\/p>\n\n\n\n<ul class=\"wp-block-list\">\n<li><strong>Comercio, transporte y servicios p\u00fablicos<\/strong>. North Charleston's <a href=\"https:\/\/www.steinberglawfirm.com\/es\/ubicaciones\/north-charleston\/abogado-especialista-en-indemnizaciones-laborales-2\/heridos-trabajadores-de-almacen\/\">almacenes<\/a>Los centros de transporte, distribuci\u00f3n y distribuci\u00f3n emplean a miles de trabajadores expuestos con frecuencia a suelos resbaladizos, muelles de carga inseguros y maquinaria pesada peligrosa. <a href=\"https:\/\/www.steinberglawfirm.com\/es\/indemnizacion-de-los-trabajadores\/abogados-especializados-en-accidentes-de-trabajo-en-aeropuertos\/\">Charleston Aeropuerto Internacional<\/a> es otro lugar muy transitado en el que un mantenimiento inadecuado, unas pasarelas inseguras o una se\u00f1alizaci\u00f3n deficiente pueden provocar lesiones. Los empresarios y los propietarios deben mantener unas condiciones seguras para evitar las ca\u00eddas, <a href=\"https:\/\/www.steinberglawfirm.com\/es\/indemnizacion-de-los-trabajadores\/accidente-con-carretilla-elevadora\/\">accidentes con carretillas elevadoras<\/a>y otras lesiones.<\/li>\n\n\n\n<li><strong>Instalaciones gubernamentales<\/strong>. Los edificios p\u00fablicos, como escuelas, hospitales y bases militares, registran un elevado tr\u00e1fico peatonal. Una iluminaci\u00f3n deficiente, sistemas el\u00e9ctricos defectuosos y pasarelas rotas pueden causar lesiones graves a empleados, estudiantes y visitantes.<\/li>\n\n\n\n<li><strong>Servicios profesionales y empresariales<\/strong>. Los edificios de oficinas, centros comerciales, bufetes de abogados y consultor\u00edas deben garantizar la seguridad contra incendios, entradas accesibles y escaleras en buen estado para proteger a empleados y clientes. Destinos comerciales populares como <a href=\"https:\/\/www.steinberglawfirm.com\/es\/lesiones-personales\/responsabilidad-civil-de-los-locales\/tanger-outlets-charleston\/\">Centro comercial Tanger Outlet<\/a> y <a href=\"https:\/\/www.steinberglawfirm.com\/es\/lesiones-personales\/responsabilidad-civil-de-los-locales\/centro-comercial-northwoods\/\">Northwoods Mall<\/a> reciben miles de visitantes cada semana y deben mantenerse libres de peligros de resbalones, baldosas rotas y escaleras mec\u00e1nicas inseguras. Los propietarios que no cumplan las normas de seguridad pueden ser considerados responsables de lesiones causadas por ca\u00eddas, riesgos de incendio e infracciones del c\u00f3digo de edificaci\u00f3n.<\/li>\n\n\n\n<li><strong>Ocio y hosteler\u00eda<\/strong>. North Charleston alberga muchos lugares de ocio, desde el Coliseo hasta Top Golf. Los hoteles, restaurantes y bares son responsables de mantener sus locales seguros para los clientes y el personal. Entre los peligros m\u00e1s comunes se incluyen los derrames de bebidas, la seguridad inadecuada en las zonas de aparcamiento, el mal funcionamiento de los ascensores y las infracciones en materia de seguridad contra incendios. Si no se abordan estos problemas, pueden producirse accidentes por resbalones y ca\u00eddas, agresiones y otras lesiones evitables.<\/li>\n\n\n\n<li><strong>Educaci\u00f3n y servicios sanitarios<\/strong>. Los hospitales, cl\u00ednicas y universidades deben eliminar los riesgos de seguridad, como suelos resbaladizos, problemas de seguridad y entornos m\u00e9dicos inseguros. Los pacientes y estudiantes tienen derecho a esperar unas condiciones seguras, y pueden surgir demandas de responsabilidad civil cuando se ignoran o gestionan mal los peligros.<\/li>\n<\/ul>\n\n\n\n<p>Con miles de trabajadores, residentes y visitantes pasando por estos lugares diariamente, los propietarios deben prevenir proactivamente las condiciones inseguras. Si no se solucionan los peligros, no se proporciona la seguridad adecuada o no se siguen las normas de seguridad, pueden producirse lesiones graves y consecuencias legales para las partes negligentes. Usted puede tener <a href=\"https:\/\/www.steinberglawfirm.com\/es\/articulos\/motivos-para-una-accion-de-responsabilidad-civil\/\">motivos de una reclamaci\u00f3n por responsabilidad de los locales<\/a> si se lesion\u00f3 en un lugar de trabajo, empresa o espacio p\u00fablico debido a condiciones inseguras.<\/p>\n\n\n\n<h3 class=\"wp-block-heading\">El impacto de las ca\u00eddas y las condiciones inseguras del inmueble<\/h3>\n\n\n\n<p><a href=\"https:\/\/www.steinberglawfirm.com\/es\/lesiones-personales\/responsabilidad-civil-de-los-locales\/resbalones-y-caidas\/\">Cataratas<\/a> son una de las principales causas de lesiones graves en Estados Unidos. Los Centros para el Control y la Prevenci\u00f3n de Enfermedades (CDC) informan de que uno de cada cuatro adultos mayores de 65 a\u00f1os se cae cada a\u00f1o, con <a href=\"https:\/\/www.steinberglawfirm.com\/es\/lesiones-personales\/abuso-en-hogares-de-ancianos\/caidas-y-fracturas-en-las-residencias-de-ancianos-de-carolina-del-sur\/\">casi 29% de adultos mayores en South Carolina<\/a> que sufrieron una ca\u00edda en el \u00faltimo a\u00f1o de referencia. Esto supone 257.682 ca\u00eddas en el estado.<\/p>\n\n\n\n<p>Adem\u00e1s:<\/p>\n\n\n\n<ul class=\"wp-block-list\">\n<li>Las ca\u00eddas son la principal causa de muerte por lesiones entre los adultos mayores de 65 a\u00f1os;<\/li>\n\n\n\n<li>La tasa de mortalidad por ca\u00eddas ha aumentado en 41% en la \u00faltima d\u00e9cada; y<\/li>\n\n\n\n<li>Muchas ca\u00eddas requieren hospitalizaci\u00f3n, lo que conlleva importantes gastos m\u00e9dicos.<\/li>\n<\/ul>\n\n\n\n<p>Estas estad\u00edsticas subrayan la importancia de mantener espacios p\u00fablicos seguros. Cuando los propietarios ignoran los peligros, arriesgan vidas.<\/p>\n\n\n\n<h3 class=\"wp-block-heading\">\u00bfQui\u00e9n es responsable de un accidente de responsabilidad del local?<\/h3>\n\n\n\n<p>Determinar la responsabilidad en un caso de responsabilidad de las instalaciones depende de qui\u00e9n es el propietario, administra o controla la propiedad. M\u00e1s de una parte puede ser responsable, especialmente en casos que involucran propiedades alquiladas, negocios o espacios propiedad del gobierno. La identificaci\u00f3n de la parte responsable correcta es esencial para obtener una indemnizaci\u00f3n despu\u00e9s de una lesi\u00f3n.<\/p>\n\n\n\n<h4 class=\"wp-block-heading\">Algunas de las partes potencialmente responsables son las siguientes&nbsp;<\/h4>\n\n\n\n<ul class=\"wp-block-list\">\n<li>Propietarios - Los arrendadores, las empresas comerciales y los propietarios de viviendas deben mantener la seguridad de sus locales abordando los peligros y realizando las reparaciones necesarias.&nbsp;<\/li>\n\n\n\n<li>Propietarios de negocios: restaurantes, comercios minoristas y edificios de oficinas deben arreglar las condiciones inseguras, advertir a los visitantes sobre posibles peligros y cumplir las normas de seguridad para proteger a clientes y empleados.<\/li>\n\n\n\n<li>Arrendadores y propietarios de complejos de apartamentos - Los inquilinos tienen derecho a unas condiciones de vida seguras. Si un propietario no mantiene las zonas comunes, no repara las escaleras rotas o no aborda los riesgos de seguridad, puede ser responsable de las lesiones resultantes.<\/li>\n\n\n\n<li>Entidades gubernamentales - Las agencias de la ciudad, el condado o el estado pueden ser responsables de lesiones causadas por aceras, carreteras o edificios p\u00fablicos en mal estado. La presentaci\u00f3n de reclamaciones contra entidades gubernamentales requiere procedimientos legales espec\u00edficos que difieren de los casos contra propietarios privados.<\/li>\n<\/ul>\n\n\n\n<p>Identificar qui\u00e9n tiene la culpa a menudo requiere investigaciones exhaustivas y experiencia legal. Si usted o un ser querido se lesion\u00f3 debido a las condiciones inseguras de la propiedad en North Charleston, un abogado con experiencia puede ayudar a determinar la responsabilidad y buscar la compensaci\u00f3n que se merece.<\/p>\n\n\n\n<h3 class=\"wp-block-heading\">Tipos de indemnizaciones disponibles en un caso de responsabilidad del establecimiento<\/h3>\n\n\n\n<p>Las lesiones causadas por las condiciones inseguras de la propiedad pueden tener consecuencias financieras, f\u00edsicas y emocionales a largo plazo. Las v\u00edctimas a menudo se enfrentan a facturas m\u00e9dicas crecientes, p\u00e9rdida de ingresos y dolor y sufrimiento significativos. En los casos de responsabilidad de las instalaciones, la compensaci\u00f3n puede estar disponible para cubrir tanto las p\u00e9rdidas financieras como los da\u00f1os no econ\u00f3micos.<\/p>\n\n\n\n<h4 class=\"wp-block-heading\">Algunos tipos comunes de indemnizaci\u00f3n que pueden solicitar las v\u00edctimas de la responsabilidad de los locales son los siguientes:&nbsp;<\/h4>\n\n\n\n<ul class=\"wp-block-list\">\n<li><strong>Facturas m\u00e9dicas<\/strong>. La cobertura incluye la atenci\u00f3n de urgencia, las estancias hospitalarias, la fisioterapia, los medicamentos recetados y los costes de tratamientos futuros para necesidades m\u00e9dicas continuas.<\/li>\n\n\n\n<li><strong>P\u00e9rdida de ingresos<\/strong>. Las v\u00edctimas pueden recuperar los salarios perdidos por el tiempo que han estado ausentes del trabajo y una indemnizaci\u00f3n por reducci\u00f3n de la capacidad de ganancia si las lesiones les impiden volver a sus empleos anteriores.<\/li>\n\n\n\n<li><strong>Dolor y sufrimiento<\/strong>. La indemnizaci\u00f3n refleja el dolor f\u00edsico y la angustia emocional causados por la lesi\u00f3n, incluidos el dolor cr\u00f3nico, la ansiedad, la depresi\u00f3n y la reducci\u00f3n de la calidad de vida.<\/li>\n\n\n\n<li><strong>Discapacidad y desfiguraci\u00f3n<\/strong>. V\u00edctimas que sufren lesiones permanentes, <a href=\"https:\/\/www.steinberglawfirm.com\/es\/lesiones-personales\/casos-de-lesiones-graves\/lesiones-por-amputacion-traumatica\/\">amputaciones<\/a>quemaduras o <a href=\"https:\/\/www.steinberglawfirm.com\/es\/lesiones-personales\/abogados-de-lesiones-personales\/cicatrizacion-y-desfiguracion\/\">cicatrizaci\u00f3n<\/a> pueden reclamar da\u00f1os y perjuicios por el impacto duradero en su vida cotidiana.<\/li>\n\n\n\n<li><strong><a href=\"https:\/\/www.steinberglawfirm.com\/es\/ubicaciones\/north-charleston\/abogado-de-muerte-por-negligencia-2\/\">Indemnizaci\u00f3n por homicidio culposo<\/a><\/strong>. Las familias que pierden a un ser querido en un accidente mortal de responsabilidad de las instalaciones pueden recuperar los gastos funerarios, la p\u00e9rdida de apoyo financiero, y la p\u00e9rdida de compa\u00f1\u00eda.<\/li>\n<\/ul>\n\n\n\n<p>Las v\u00edctimas de accidentes de responsabilidad de los locales en North Charleston no deber\u00edan tener que soportar la carga financiera de la negligencia de otra persona. Responsabilizar a los propietarios garantiza que las v\u00edctimas de lesiones reciban el apoyo que necesitan para seguir adelante.<\/p>\n\n\n\n<h2 class=\"wp-block-heading\">Hable con los experimentados abogados de responsabilidad de locales North Charleston en el Steinberg Law Firm hoy<\/h2>\n\n\n\n<p>Si ha sufrido lesiones debido a las condiciones inseguras de una propiedad en North Charleston, no tiene por qu\u00e9 enfrentarse solo a las secuelas. En <a href=\"https:\/\/www.steinberglawfirm.com\/es\/abogado\/\">abogados en Steinberg Law Firm<\/a> est\u00e1n preparados para luchar por sus derechos y conseguir la indemnizaci\u00f3n que se merece. Con un historial de <a href=\"https:\/\/www.steinberglawfirm.com\/es\/resultados\/\">m\u00e1s de $800 millones para clientes perjudicados<\/a>Tenemos la experiencia y dedicaci\u00f3n para responsabilizar a los propietarios negligentes. Llame hoy al Steinberg Law Firm <a href=\"tel:1-843-720-2800\">843-720-2800<\/a> para una consulta gratuita y averiguar c\u00f3mo podemos ayudarle a seguir adelante. No hay ninguna obligaci\u00f3n de <a href=\"https:\/\/www.steinberglawfirm.com\/es\/consulta-gratuita\/\">programar una consulta gratuita<\/a>Y si nos permite llevar su caso, s\u00f3lo cobraremos honorarios de lo que recuperemos para usted.<\/p>","protected":false},"excerpt":{"rendered":"<p>North Charleston Abogado de Responsabilidad de Locales Abogados de Lesiones por Accidentes de Resbalones, Tropiezos y Ca\u00eddas en North Charleston, SC Lesiones causadas por condiciones inseguras de la propiedad pueden tener consecuencias devastadoras, dejando a las v\u00edctimas con gastos m\u00e9dicos, salarios perdidos y dolor duradero. Los due\u00f1os de propiedades en North Charleston son legalmente responsables de mantener condiciones seguras para los visitantes, empleados y clientes. Cuando...<\/p>","protected":false},"author":1,"featured_media":33343,"parent":13448,"menu_order":0,"comment_status":"closed","ping_status":"closed","template":"","meta":{"_acf_changed":false,"footnotes":""},"class_list":["post-33336","page","type-page","status-publish","has-post-thumbnail","hentry"],"acf":[],"_links":{"self":[{"href":"https:\/\/www.steinberglawfirm.com\/es\/wp-json\/wp\/v2\/pages\/33336","targetHints":{"allow":["GET"]}}],"collection":[{"href":"https:\/\/www.steinberglawfirm.com\/es\/wp-json\/wp\/v2\/pages"}],"about":[{"href":"https:\/\/www.steinberglawfirm.com\/es\/wp-json\/wp\/v2\/types\/page"}],"author":[{"embeddable":true,"href":"https:\/\/www.steinberglawfirm.com\/es\/wp-json\/wp\/v2\/users\/1"}],"replies":[{"embeddable":true,"href":"https:\/\/www.steinberglawfirm.com\/es\/wp-json\/wp\/v2\/comments?post=33336"}],"version-history":[{"count":8,"href":"https:\/\/www.steinberglawfirm.com\/es\/wp-json\/wp\/v2\/pages\/33336\/revisions"}],"predecessor-version":[{"id":33855,"href":"https:\/\/www.steinberglawfirm.com\/es\/wp-json\/wp\/v2\/pages\/33336\/revisions\/33855"}],"up":[{"embeddable":true,"href":"https:\/\/www.steinberglawfirm.com\/es\/wp-json\/wp\/v2\/pages\/13448"}],"wp:featuredmedia":[{"embeddable":true,"href":"https:\/\/www.steinberglawfirm.com\/es\/wp-json\/wp\/v2\/media\/33343"}],"wp:attachment":[{"href":"https:\/\/www.steinberglawfirm.com\/es\/wp-json\/wp\/v2\/media?parent=33336"}],"curies":[{"name":"wp","href":"https:\/\/api.w.org\/{rel}","templated":true}]}}