{"id":35450,"date":"2026-04-16T19:54:09","date_gmt":"2026-04-16T19:54:09","guid":{"rendered":"https:\/\/www.steinberglawfirm.com\/?page_id=35450"},"modified":"2026-04-16T19:54:11","modified_gmt":"2026-04-16T19:54:11","slug":"abogados-de-accidentes-forestales","status":"publish","type":"page","link":"https:\/\/www.steinberglawfirm.com\/es\/indemnizacion-de-los-trabajadores\/abogados-de-accidentes-forestales\/","title":{"rendered":"South Carolina Abogados de accidentes de tala de \u00e1rboles"},"content":{"rendered":"<h1 class=\"wp-block-heading\">South Carolina Abogados de accidentes de tala de \u00e1rboles<\/h1>\n\n\n\n<h2 class=\"wp-block-heading\"><em>Abogados de Compensaci\u00f3n de Trabajadores por Lesiones en la Industria Maderera<\/em><\/h2>\n\n\n\n<p>La tala de \u00e1rboles es la ocupaci\u00f3n m\u00e1s peligrosa de Estados Unidos, seg\u00fan la Administraci\u00f3n de Seguridad y Salud en el Trabajo (OSHA). Los riesgos asociados a la tala de \u00e1rboles existen con independencia de d\u00f3nde trabajen los empleados madereros, del tipo de madera que manipulen o de la finalidad para la que se utilice la madera.&nbsp;<\/p>\n\n\n\n<p>South Carolina es uno de los principales estados productores de madera de Estados Unidos. La industria maderera y maderera de South Carolina emplea a 98.000 residentes en el estado y aporta $21.000 millones a la econom\u00eda del estado cada a\u00f1o. Los bosques se talan y la madera se transporta a los aserraderos de todo el estado, incluidos los de Myrtle Beach, Conway, Ridgeland, Little River, Loris, Summerville, Aynor, Seabrook y Aiken. Los aserraderos port\u00e1tiles pueden desplazarse a cualquier punto del estado.&nbsp;<\/p>\n\n\n\n<p>Si resulta herido o pierde a un ser querido en un accidente de tala, no espere. Hable con el <a href=\"https:\/\/www.steinberglawfirm.com\/es\/indemnizacion-de-los-trabajadores\/\">abogados expertos en indemnizaci\u00f3n por accidentes laborales en el Steinberg Law Firm<\/a> hoy.\u00a0<\/p>\n\n\n\n<h2 class=\"wp-block-heading\">Los peligros de la tala<\/h2>\n\n\n\n<p>La OSHA enumera varios peligros comunes a los que se enfrentan los trabajadores de la industria maderera, entre ellos:<\/p>\n\n\n\n<ul class=\"wp-block-list\">\n<li><strong>Herramientas y maquinaria: <\/strong>Las motosierras, las taladoras y otras herramientas y maquinaria pueden causar lesiones graves o mortales. Los trabajadores pueden quedar atrapados o inmovilizados en la maquinaria. A <a href=\"https:\/\/www.steinberglawfirm.com\/es\/lesiones-personales\/productos-peligrosos\/\">defecto oculto en una herramienta o pieza de maquinaria<\/a> pueden provocar lesiones que los trabajadores no habr\u00edan podido evitar.<\/li>\n\n\n\n<li><strong>Peso e impulso. <\/strong>El enorme peso de un \u00e1rbol grande crea un impulso significativo cuando el \u00e1rbol cae, rueda o se desliza. Los trabajadores aplastados o atrapados bajo \u00e1rboles y ramas en movimiento pueden sufrir lesiones graves o mortales.<\/li>\n\n\n\n<li><strong>Terreno. <\/strong>Los terrenos irregulares, inestables o accidentados son habituales en las explotaciones madereras. Plantea riesgos, como lesiones por resbalones y ca\u00eddas.<\/li>\n\n\n\n<li><strong>Condiciones meteorol\u00f3gicas. <\/strong>La lluvia, los rel\u00e1mpagos, los vientos fuertes y las temperaturas extremas pueden causar o contribuir a causar lesiones en las obras de explotaci\u00f3n forestal.\u00a0<\/li>\n\n\n\n<li><strong>Ubicaciones remotas. <\/strong>Los le\u00f1adores suelen trabajar en las profundidades de los bosques de South Carolina, donde a menudo escasean los servicios sanitarios de urgencia y los hospitales.\u00a0<\/li>\n<\/ul>\n\n\n\n<p>Cualquiera de estos riesgos puede aumentar las posibilidades de sufrir lesiones en el lugar de trabajo. En conjunto, estos riesgos hacen que la tala de \u00e1rboles sea una ocupaci\u00f3n siempre peligrosa para los trabajadores South Carolina.<\/p>\n\n\n\n<h2 class=\"wp-block-heading\">Los trabajos de tala m\u00e1s peligrosos en South Carolina\u00a0<\/h2>\n\n\n\n<p>La industria maderera de South Carolina depende del duro trabajo y los conocimientos de las cuadrillas de le\u00f1adores repartidas por nuestros bosques. Aunque \u201cle\u00f1ador\u201d es el t\u00e9rmino que la mayor\u00eda de la gente reconoce, la industria se compone de una variedad de funciones distintas, cada una de las cuales se enfrenta a su propio conjunto de riesgos y peligros en el trabajo. Saber qui\u00e9n es responsable de qu\u00e9 en el bosque ayuda a explicar por qu\u00e9 los incidentes en el lugar de trabajo pueden ser tan devastadores.<\/p>\n\n\n\n<p><strong>Entre los trabajos de tala m\u00e1s expuestos a accidentes laborales se incluyen:<\/strong><\/p>\n\n\n\n<ul class=\"wp-block-list\">\n<li><strong>Derribadores (derribadores de madera\/taladores de \u00e1rboles).<\/strong> Trabajadores que pueden derribar \u00e1rboles h\u00e1bilmente utilizando motosierras o equipos de tala mecanizada. Requieren un juicio agudo y una atenci\u00f3n constante, ya que incluso los errores m\u00e1s peque\u00f1os pueden provocar lesiones graves.<\/li>\n\n\n\n<li><strong>Buckers. <\/strong>Trabajadores que cortan los \u00e1rboles talados en troncos de longitudes espec\u00edficas, una tarea que requiere potentes sierras y un gran ojo para la precisi\u00f3n.<\/li>\n\n\n\n<li><strong>Choke Setters. <\/strong>Los miembros del equipo que sujetan los pesados cables de acero, o estranguladores, alrededor de los troncos para prepararlos para el transporte suelen trabajar en estrecha colaboraci\u00f3n con maquinaria en movimiento y troncos inestables.<\/li>\n\n\n\n<li><strong>Operadores de Skidder. <\/strong>Los conductores que maniobran los skidders por terrenos accidentados para arrastrar los troncos hasta los puntos de recogida se enfrentan a los peligros del terreno accidentado y las cargas pesadas.<\/li>\n\n\n\n<li><strong>Operadores de cargadores\/procesadores de troncos.<\/strong> Las personas son responsables de mover y apilar grandes troncos utilizando equipos pesados, lo que requiere una sincronizaci\u00f3n impecable y atenci\u00f3n a la seguridad.<\/li>\n\n\n\n<li><strong>Rigging Slingers &amp; Chasers. <\/strong>Especialistas que montan y desmontan complejos sistemas de cables para desplazar madera en zonas donde los equipos no llegan f\u00e1cilmente.<\/li>\n<\/ul>\n\n\n\n<p>Cada uno de estos empleos desempe\u00f1a un papel crucial en la industria maderera de South Carolina, pero los riesgos a los que se enfrentan son tan reales como la madera que talan. En <a href=\"https:\/\/www.steinberglawfirm.com\/es\/\">Steinberg Law Firm<\/a>, Entendemos que un accidente de tala puede amenazar su salud, su medio de vida y su capacidad para mantener a su familia. Si usted o un ser querido ha sido herido en el trabajo, nuestro equipo est\u00e1 listo para estar a su lado, ayud\u00e1ndole a navegar por sus opciones legales y asegurar el apoyo que necesita para recuperarse.<\/p>\n\n\n\n<h2 class=\"wp-block-heading\">Accidentes y lesiones comunes en la tala de \u00e1rboles en South Carolina<\/h2>\n\n\n\n<p>Seg\u00fan la Oficina de Estad\u00edsticas Laborales (BLS), las largas jornadas laborales, el trabajo extenuante, el empleo estacional y una serie de condiciones peligrosas exponen a los trabajadores madereros a un conjunto de riesgos \u00fanico entre todas las ocupaciones South Carolina.<\/p>\n\n\n\n<p>Seg\u00fan el BLS, los accidentes m\u00e1s comunes que causan lesiones graves o mortales en la tala de \u00e1rboles incluyen:<\/p>\n\n\n\n<ul class=\"wp-block-list\">\n<li><strong>Contacto con objetos o equipos, <\/strong>como ser golpeado por la ca\u00edda de troncos o quedar atrapado por troncos o maquinaria. Estos incidentes representan aproximadamente la mitad de todos los accidentes de trabajo en la explotaci\u00f3n forestal.<\/li>\n\n\n\n<li><strong><a href=\"https:\/\/www.steinberglawfirm.com\/es\/lesiones-personales\/responsabilidad-civil-de-los-locales\/resbalones-y-caidas\/\">Resbalones, tropiezos y ca\u00eddas<\/a>, <\/strong>incluidas las ca\u00eddas de altura, representan alrededor de un tercio de todas las lesiones laborales relacionadas con la tala de \u00e1rboles.\u00a0<\/li>\n\n\n\n<li><strong>Sobreesfuerzo y reacci\u00f3n corporal, <\/strong>incluidas las causadas por temperaturas extremas, representaron alrededor del 14% de todos los accidentes de trabajo relacionados con la tala de \u00e1rboles.\u00a0<\/li>\n<\/ul>\n\n\n\n<p>Seg\u00fan el BLS, en el 74% de las muertes ocurridas en las dos \u00faltimas d\u00e9cadas en el sector maderero el trabajador fue golpeado por un \u00e1rbol o partes de un \u00e1rbol. En el 17% de los casos, los trabajadores quedaron atrapados entre varios troncos o ramas.&nbsp;<\/p>\n\n\n\n<p>Los trabajadores tambi\u00e9n pueden sufrir enfermedades y lesiones profesionales. Por ejemplo, la p\u00e9rdida de audici\u00f3n es frecuente entre los profesionales de la explotaci\u00f3n forestal, expuestos con frecuencia a ruidos fuertes durante periodos prolongados.<\/p>\n\n\n\n<h2 class=\"wp-block-heading\">Preguntas frecuentes<\/h2>\n\n\n<div id=\"rank-math-faq\" class=\"rank-math-block\">\n<div class=\"rank-math-list\">\n<div id=\"faq-question-1776365218614\" class=\"rank-math-list-item\">\n<h3 class=\"rank-math-question\">Me he lesionado trabajando en la tala de \u00e1rboles. \u00bfQu\u00e9 debo hacer primero?<\/h3>\n<div class=\"rank-math-answer\">\n\n<p>Informa de tu lesi\u00f3n a tu empresa lo antes posible. Puedes informar a cualquier persona con funciones de supervisi\u00f3n en tu empresa.<\/p>\n<p>Cuando comunique su lesi\u00f3n, pida los datos de contacto de un profesional m\u00e9dico recomendado. La indemnizaci\u00f3n por accidente de trabajo permite a la empresa decidir a qu\u00e9 m\u00e9dico acudir. Si no te atiende un m\u00e9dico recomendado por tu empresa, es posible que la indemnizaci\u00f3n por accidente de trabajo no cubra los gastos m\u00e9dicos de tu lesi\u00f3n.\u00a0<\/p>\n\n<\/div>\n<\/div>\n<div id=\"faq-question-1776365228346\" class=\"rank-math-list-item\">\n<h3 class=\"rank-math-question\">\u00bfQu\u00e9 pagar\u00e1 la indemnizaci\u00f3n por accidente de trabajo?\u00a0<\/h3>\n<div class=\"rank-math-answer\">\n\n<p>El seguro de compensaci\u00f3n de los trabajadores cubre determinados gastos cuando un empleado sufre una lesi\u00f3n o enfermedad relacionada con el trabajo. La Comisi\u00f3n de Compensaci\u00f3n de los Trabajadores South Carolina enumera tres tipos de prestaciones disponibles para los empleados con lesiones relacionadas con el trabajo:<\/p>\n<p><strong>Prestaciones m\u00e9dicas <\/strong>cubrir los costes del tratamiento m\u00e9dico.<br \/><strong>Prestaciones por p\u00e9rdida de salario<\/strong>, tambi\u00e9n conocidas como prestaciones por incapacidad temporal, cubren una parte de su salario perdido mientras se cura. Estas prestaciones tambi\u00e9n pueden ayudar a cubrir las p\u00e9rdidas si vuelves al trabajo con trabajos ligeros mientras te curas.<br \/><strong>Invalidez permanente <\/strong>ayudan a cubrir una parte de los salarios perdidos si la lesi\u00f3n le deja incapacitado permanentemente.\u00a0<\/p>\n<p>La indemnizaci\u00f3n por accidente de trabajo tambi\u00e9n puede pagar los gastos de funeral y entierro si una familia pierde a un ser querido en un accidente de tala relacionado con el trabajo.\u00a0<\/p>\n\n<\/div>\n<\/div>\n<div id=\"faq-question-1776365248363\" class=\"rank-math-list-item\">\n<h3 class=\"rank-math-question\">Si una persona o empresa ajena ha causado mis lesiones, \u00bfpuedo demandarla?<\/h3>\n<div class=\"rank-math-answer\">\n\n<p>Los le\u00f1adores pueden enfrentarse a riesgos derivados de personas o empresas secundarias. Por ejemplo, un le\u00f1ador podr\u00eda resultar herido si otro veh\u00edculo se salta una se\u00f1al de stop y <a href=\"https:\/\/www.steinberglawfirm.com\/es\/lesiones-personales\/accidentes-de-camiones\/abogados-accidentes-de-remolques\/\">colisiona con el cami\u00f3n maderero que conducen<\/a>. Un defecto oculto en una herramienta o equipo puede causar lesiones graves a un trabajador forestal.\u00a0<\/p>\n<p>Si sospecha que un tercero es el culpable de sus lesiones, hable con un bufete de abogados South Carolina con experiencia tanto en compensaci\u00f3n de trabajadores como en lesiones personales. Un abogado puede ayudarle a determinar si tiene una reclamaci\u00f3n de indemnizaci\u00f3n por accidente laboral y una reclamaci\u00f3n por lesiones personales. Se trata de casos complicados, por lo que es mejor contar con un bufete de abogados con experiencia en ambos \u00e1mbitos.<\/p>\n\n<\/div>\n<\/div>\n<\/div>\n<\/div>\n\n\n<h2 class=\"wp-block-heading\">Hable con un abogado de Compensaci\u00f3n de Trabajadores South Carolina para obtener ayuda despu\u00e9s de un accidente de tala<\/h2>\n\n\n\n<p>La tala de \u00e1rboles es una ocupaci\u00f3n peligrosa, pero tambi\u00e9n necesaria e importante. Si usted o un ser querido se lesion\u00f3 o muri\u00f3 en el trabajo en la tala de \u00e1rboles, <a href=\"https:\/\/www.steinberglawfirm.com\/es\/contacte-con-nosotros\/\">hable con un abogado experto en indemnizaci\u00f3n por accidente de trabajo South Carolina<\/a> lo antes posible. El equipo del Steinberg Law Firm puede ayudarle.<\/p>","protected":false},"excerpt":{"rendered":"<p>South Carolina Abogados de accidentes de tala Abogados de indemnizaci\u00f3n por accidentes de trabajo por lesiones en la industria de la tala La tala es la ocupaci\u00f3n m\u00e1s peligrosa en los Estados Unidos, seg\u00fan la Administraci\u00f3n de Seguridad y Salud Ocupacional (OSHA). Los riesgos asociados con el trabajo de la tala existen independientemente de donde los empleados de la tala de trabajo, el tipo de...<\/p>","protected":false},"author":1,"featured_media":35455,"parent":8874,"menu_order":0,"comment_status":"closed","ping_status":"closed","template":"","meta":{"_acf_changed":false,"footnotes":""},"class_list":["post-35450","page","type-page","status-publish","has-post-thumbnail","hentry"],"acf":[],"_links":{"self":[{"href":"https:\/\/www.steinberglawfirm.com\/es\/wp-json\/wp\/v2\/pages\/35450","targetHints":{"allow":["GET"]}}],"collection":[{"href":"https:\/\/www.steinberglawfirm.com\/es\/wp-json\/wp\/v2\/pages"}],"about":[{"href":"https:\/\/www.steinberglawfirm.com\/es\/wp-json\/wp\/v2\/types\/page"}],"author":[{"embeddable":true,"href":"https:\/\/www.steinberglawfirm.com\/es\/wp-json\/wp\/v2\/users\/1"}],"replies":[{"embeddable":true,"href":"https:\/\/www.steinberglawfirm.com\/es\/wp-json\/wp\/v2\/comments?post=35450"}],"version-history":[{"count":4,"href":"https:\/\/www.steinberglawfirm.com\/es\/wp-json\/wp\/v2\/pages\/35450\/revisions"}],"predecessor-version":[{"id":35456,"href":"https:\/\/www.steinberglawfirm.com\/es\/wp-json\/wp\/v2\/pages\/35450\/revisions\/35456"}],"up":[{"embeddable":true,"href":"https:\/\/www.steinberglawfirm.com\/es\/wp-json\/wp\/v2\/pages\/8874"}],"wp:featuredmedia":[{"embeddable":true,"href":"https:\/\/www.steinberglawfirm.com\/es\/wp-json\/wp\/v2\/media\/35455"}],"wp:attachment":[{"href":"https:\/\/www.steinberglawfirm.com\/es\/wp-json\/wp\/v2\/media?parent=35450"}],"curies":[{"name":"wp","href":"https:\/\/api.w.org\/{rel}","templated":true}]}}