{"id":3963,"date":"2018-04-18T23:17:09","date_gmt":"2018-04-18T23:17:09","guid":{"rendered":"https:\/\/www.steinberglawfirm.com\/?page_id=3963"},"modified":"2020-07-30T18:17:17","modified_gmt":"2020-07-30T18:17:17","slug":"elegir-el-bufete-de-abogados-especializado-en-lesiones-personales","status":"publish","type":"page","link":"https:\/\/www.steinberglawfirm.com\/es\/video-centro\/elegir-el-bufete-de-abogados-especializado-en-lesiones-personales\/","title":{"rendered":"C\u00f3mo elegir el bufete de abogados de lesiones personales adecuado"},"content":{"rendered":"<h1>C\u00f3mo elegir el bufete de abogados de lesiones personales adecuado<\/h1>\n<p><iframe loading=\"lazy\" width=\"560\" height=\"315\" src=\"https:\/\/www.youtube.com\/embed\/gbK2kkv_mpw?rel=0\" frameborder=\"0\" allow=\"accelerometer; autoplay; encrypted-media; gyroscope; picture-in-picture\" allowfullscreen><\/iframe><\/p>\n<h3>Otros v\u00eddeos:<\/h3>\n<ul class=\"list-pages-shortcode sibling-pages\"><li class=\"page_item page-item-3979\"><a href=\"https:\/\/www.steinberglawfirm.com\/es\/video-centro\/85-anos-de-experiencia-juridica\/\">85 a\u00f1os de experiencia jur\u00eddica<\/a><\/li>\n<li class=\"page_item page-item-3975\"><a href=\"https:\/\/www.steinberglawfirm.com\/es\/video-centro\/sobre-el-bufete-de-abogadosteinberg-espanol\/\">Acerca de Steinberg Law Firm (Espa\u00f1ol)<\/a><\/li>\n<li class=\"page_item page-item-3967\"><a href=\"https:\/\/www.steinberglawfirm.com\/es\/video-centro\/abogado-malcolm-crosland-ayuda-a-clientes-y-familias\/\">El abogado Malcolm Crosland ayuda a clientes y familias<\/a><\/li>\n<li class=\"page_item page-item-4573\"><a href=\"https:\/\/www.steinberglawfirm.com\/es\/video-centro\/abogado-videos\/\">V\u00eddeos de abogados<\/a><\/li>\n<li class=\"page_item page-item-3963\"><a href=\"https:\/\/www.steinberglawfirm.com\/es\/video-centro\/elegir-el-bufete-de-abogados-especializado-en-lesiones-personales\/\">C\u00f3mo elegir el bufete de abogados de lesiones personales adecuado<\/a><\/li>\n<li class=\"page_item page-item-3810 page_item_has_children\"><a href=\"https:\/\/www.steinberglawfirm.com\/es\/video-centro\/videos-testimoniales-de-clientes\/\">V\u00eddeos de testimonios de clientes<\/a>\n<ul class='children'>\n\t<li class=\"page_item page-item-26688\"><a href=\"https:\/\/www.steinberglawfirm.com\/es\/video-centro\/videos-testimoniales-de-clientes\/testimonio-jeremiah\/\">Testimonio: Jeremiah<\/a><\/li>\n\t<li class=\"page_item page-item-3842\"><a href=\"https:\/\/www.steinberglawfirm.com\/es\/video-centro\/videos-testimoniales-de-clientes\/leslie-b\/\">Testimonio: Leslie B.<\/a><\/li>\n\t<li class=\"page_item page-item-5742\"><a href=\"https:\/\/www.steinberglawfirm.com\/es\/video-centro\/videos-testimoniales-de-clientes\/naomi-m\/\">Testimonio: Naomi M.<\/a><\/li>\n<\/ul>\n<\/li>\n<li class=\"page_item page-item-4141\"><a href=\"https:\/\/www.steinberglawfirm.com\/es\/video-centro\/videos-de-divulgacion-comunitaria\/\">V\u00eddeos de divulgaci\u00f3n comunitaria<\/a><\/li>\n<li class=\"page_item page-item-3971\"><a href=\"https:\/\/www.steinberglawfirm.com\/es\/video-centro\/david-pearlman-habla-de-su-pasion-por-ayudar-a-la-gente\/\">David Pearlman habla de su pasi\u00f3n por ayudar a la gente<\/a><\/li>\n<li class=\"page_item page-item-3961\"><a href=\"https:\/\/www.steinberglawfirm.com\/es\/video-centro\/en-un-estado-todo-puede-cambiar-2\/\">En un instante todo puede cambiar<\/a><\/li>\n<li class=\"page_item page-item-3983\"><a href=\"https:\/\/www.steinberglawfirm.com\/es\/video-centro\/the-steinberg-law-firm-legacy-knowledge-experience-reputation\/\">Conocimientos. Experiencia. Reputaci\u00f3n.<\/a><\/li>\n<li class=\"page_item page-item-3981\"><a href=\"https:\/\/www.steinberglawfirm.com\/es\/video-centro\/al-servicio-del-area-de-charleston-durante-mas-de-80-anos\/\">Al servicio de la zona Charleston desde hace m\u00e1s de 90 a\u00f1os<\/a><\/li>\n<li class=\"page_item page-item-3977\"><a href=\"https:\/\/www.steinberglawfirm.com\/es\/video-centro\/steinberg-law-firm-testimonials-tv-ad\/\">Steinberg Law Firm Testimonios Anuncio de TV<\/a><\/li>\n<li class=\"page_item page-item-3973\"><a href=\"https:\/\/www.steinberglawfirm.com\/es\/video-centro\/j-kevin-holmes-habla-sobre-la-fuerza-en-los-numeros-en-la-firma\/\">La fuerza de los n\u00fameros<\/a><\/li>\n<li class=\"page_item page-item-3965\"><a href=\"https:\/\/www.steinberglawfirm.com\/es\/video-centro\/tom-white-explica-las-ventajas-de-tener-una-gran-firma-detras-de-usted\/\">Las ventajas de contar con el respaldo de una gran empresa<\/a><\/li>\n<li class=\"page_item page-item-3818 page_item_has_children\"><a href=\"https:\/\/www.steinberglawfirm.com\/es\/video-centro\/anuncios-de-television\/\">Anuncios de televisi\u00f3n<\/a>\n<ul class='children'>\n\t<li class=\"page_item page-item-3926\"><a href=\"https:\/\/www.steinberglawfirm.com\/es\/video-centro\/anuncios-de-television\/110-por-ciento\/\">110 por ciento<\/a><\/li>\n\t<li class=\"page_item page-item-33423\"><a href=\"https:\/\/www.steinberglawfirm.com\/es\/video-centro\/anuncios-de-television\/un-accidente-de-camion-puede-cambiar-su-vida-en-un-instante\/\">Un accidente de cami\u00f3n puede cambiar su vida en un instante<\/a><\/li>\n\t<li class=\"page_item page-item-3953\"><a href=\"https:\/\/www.steinberglawfirm.com\/es\/video-centro\/anuncios-de-television\/dont-go-it-alone\/\">No lo hagas solo<\/a><\/li>\n\t<li class=\"page_item page-item-3928\"><a href=\"https:\/\/www.steinberglawfirm.com\/es\/video-centro\/anuncios-de-television\/experiencia\/\">Experiencia<\/a><\/li>\n\t<li class=\"page_item page-item-3951\"><a href=\"https:\/\/www.steinberglawfirm.com\/es\/video-centro\/anuncios-de-television\/frustrado-con-las-companias-de-seguros\/\">\u00bfFrustrado con las compa\u00f1\u00edas de seguros?<\/a><\/li>\n\t<li class=\"page_item page-item-3955\"><a href=\"https:\/\/www.steinberglawfirm.com\/es\/video-centro\/anuncios-de-television\/consigue-todo-lo-que-mereces\/\">Consiga todo lo que se merece<\/a><\/li>\n\t<li class=\"page_item page-item-3946\"><a href=\"https:\/\/www.steinberglawfirm.com\/es\/video-centro\/anuncios-de-television\/get-the-firm-behind-you\/\">Consiga que la empresa le respalde<\/a><\/li>\n\t<li class=\"page_item page-item-3957\"><a href=\"https:\/\/www.steinberglawfirm.com\/es\/video-centro\/anuncios-de-television\/consiga-su-propio-equipo-de-abogados\/\">Consiga su propio equipo de abogados<\/a><\/li>\n\t<li class=\"page_item page-item-3930\"><a href=\"https:\/\/www.steinberglawfirm.com\/es\/video-centro\/anuncios-de-television\/trucos\/\">Trucos<\/a><\/li>\n\t<li class=\"page_item page-item-25395\"><a href=\"https:\/\/www.steinberglawfirm.com\/es\/video-centro\/anuncios-de-television\/lo-que-es-importante-al-contratar-un-abogado\/\">Esto es lo importante a la hora de contratar a un abogado<\/a><\/li>\n\t<li class=\"page_item page-item-3932\"><a href=\"https:\/\/www.steinberglawfirm.com\/es\/video-centro\/anuncios-de-television\/contratar-a-un-abogado\/\">Contrataci\u00f3n de un abogado<\/a><\/li>\n\t<li class=\"page_item page-item-33437\"><a href=\"https:\/\/www.steinberglawfirm.com\/es\/video-centro\/anuncios-de-television\/los-atropellos-con-fuga-son-un-problema-grave-en-carolina-del-sur\/\">Los accidentes con fuga son un problema grave en South Carolina<\/a><\/li>\n\t<li class=\"page_item page-item-33432\"><a href=\"https:\/\/www.steinberglawfirm.com\/es\/video-centro\/anuncios-de-television\/como-el-bufete-steinberg-genera-confianza\/\">C\u00f3mo genera confianza Steinberg Law Firm<\/a><\/li>\n\t<li class=\"page_item page-item-26755\"><a href=\"https:\/\/www.steinberglawfirm.com\/es\/video-centro\/anuncios-de-television\/como-steinberg-law-firm-earns-their-reputation\/\">C\u00f3mo Steinberg Law Firm se gana su reputaci\u00f3n<\/a><\/li>\n\t<li class=\"page_item page-item-21653\"><a href=\"https:\/\/www.steinberglawfirm.com\/es\/video-centro\/anuncios-de-television\/ignorado-por-el-seguro-despues-de-un-accidente-de-trabajo\/\">\u00bfIgnorado por el seguro tras un accidente de trabajo?<\/a><\/li>\n\t<li class=\"page_item page-item-3948\"><a href=\"https:\/\/www.steinberglawfirm.com\/es\/video-centro\/anuncios-de-television\/las-companias-de-seguros-son-muy-frustrantes\/\">Las compa\u00f1\u00edas de seguros son MUY frustrantes<\/a><\/li>\n\t<li class=\"page_item page-item-26702\"><a href=\"https:\/\/www.steinberglawfirm.com\/es\/video-centro\/anuncios-de-television\/el-accidente-de-coche-o-camion-tarda-solo-unos-segundos-en-producirse\/\">La tragedia de un accidente de coche o cami\u00f3n s\u00f3lo tarda segundos en producirse<\/a><\/li>\n\t<li class=\"page_item page-item-25404\"><a href=\"https:\/\/www.steinberglawfirm.com\/es\/video-centro\/anuncios-de-television\/let-steinberg-law-firm-help-you-against-insurance-companies\/\">Deje que Steinberg Law Firm le ayude contra las compa\u00f1\u00edas de seguros<\/a><\/li>\n\t<li class=\"page_item page-item-15985\"><a href=\"https:\/\/www.steinberglawfirm.com\/es\/video-centro\/anuncios-de-television\/deja-que-el-bufete-de-abogados-steinberg-se-ocupe-de-ti\/\">Deje que el Steinberg Law Firm se ocupe de usted<\/a><\/li>\n\t<li class=\"page_item page-item-3934\"><a href=\"https:\/\/www.steinberglawfirm.com\/es\/video-centro\/anuncios-de-television\/vida-interrumpida\/\">Vida interrumpida<\/a><\/li>\n\t<li class=\"page_item page-item-33461\"><a href=\"https:\/\/www.steinberglawfirm.com\/es\/video-centro\/anuncios-de-television\/maximizar-su-caso-con-steinberg-law-firm\/\">Maximizar su caso con Steinberg Law Firm<\/a><\/li>\n\t<li class=\"page_item page-item-3936\"><a href=\"https:\/\/www.steinberglawfirm.com\/es\/video-centro\/anuncios-de-television\/ahora-es-el-momento\/\">Ahora es el momento<\/a><\/li>\n\t<li class=\"page_item page-item-33428\"><a href=\"https:\/\/www.steinberglawfirm.com\/es\/video-centro\/anuncios-de-television\/nuestros-clientes-aprecian-la-profesionalidad-de-steinberg-law-firms\/\">Nuestros clientes aprecian la profesionalidad de Steinberg Law Firm<\/a><\/li>\n\t<li class=\"page_item page-item-33442\"><a href=\"https:\/\/www.steinberglawfirm.com\/es\/video-centro\/anuncios-de-television\/nuestros-clientes-confian-en-nosotros-para-que-luchemos-por-ellos\/\">Nuestros clientes conf\u00edan en nosotros para luchar por ellos<\/a><\/li>\n\t<li class=\"page_item page-item-3938\"><a href=\"https:\/\/www.steinberglawfirm.com\/es\/video-centro\/anuncios-de-television\/nuestro-equipo\/\">Nuestro equipo<\/a><\/li>\n\t<li class=\"page_item page-item-3924\"><a href=\"https:\/\/www.steinberglawfirm.com\/es\/video-centro\/anuncios-de-television\/steinberg-law-firm\/\">Steinberg Law Firm<\/a><\/li>\n\t<li class=\"page_item page-item-33409\"><a href=\"https:\/\/www.steinberglawfirm.com\/es\/video-centro\/anuncios-de-television\/el-bufete-steinberg-me-devolvio-la-vida-tras-mi-accidente-laboral\/\">Steinberg Law Firm me devolvi\u00f3 la vida tras mi lesi\u00f3n laboral<\/a><\/li>\n\t<li class=\"page_item page-item-25413\"><a href=\"https:\/\/www.steinberglawfirm.com\/es\/video-centro\/anuncios-de-television\/el-bufete-steinberg-lleva-casi-un-siglo-protegiendo-a-los-trabajadores\/\">Steinberg Law Firm lleva casi un siglo protegiendo a los trabajadores<\/a><\/li>\n\t<li class=\"page_item page-item-33451\"><a href=\"https:\/\/www.steinberglawfirm.com\/es\/video-centro\/anuncios-de-television\/steinberg-bufete-de-abogados-me-ayudo-despues-de-mi-accidente-de-coche-trasero\/\">Steinberg Law Firm me ayud\u00f3 tras mi accidente de coche por alcance<\/a><\/li>\n\t<li class=\"page_item page-item-25408\"><a href=\"https:\/\/www.steinberglawfirm.com\/es\/video-centro\/anuncios-de-television\/steinberg-law-firm-helps-injured-workers-in-south-carolina\/\">Steinberg Law Firm Ayuda a los trabajadores lesionados en South Carolina<\/a><\/li>\n\t<li class=\"page_item page-item-33446\"><a href=\"https:\/\/www.steinberglawfirm.com\/es\/video-centro\/anuncios-de-television\/el-bufete-steinberg-responsabiliza-a-los-conductores-ebrios\/\">Steinberg Law Firm Responsabiliza a los conductores ebrios<\/a><\/li>\n\t<li class=\"page_item page-item-30515\"><a href=\"https:\/\/www.steinberglawfirm.com\/es\/video-centro\/anuncios-de-television\/el-bufete-steinberg-marca-la-pauta-en-los-bufetes-de-carolina-del-sur\/\">Steinberg Law Firm marca la pauta para los bufetes South Carolina<\/a><\/li>\n\t<li class=\"page_item page-item-27138\"><a href=\"https:\/\/www.steinberglawfirm.com\/es\/video-centro\/anuncios-de-television\/steinberg-law-firm-votado-mejor-abogado-en-el-2023-charlestons-choice-award\/\">Steinberg Law Firm Elegido Mejor Despacho de Abogados en los Premios Charleston de 2023<\/a><\/li>\n\t<li class=\"page_item page-item-33419\"><a href=\"https:\/\/www.steinberglawfirm.com\/es\/video-centro\/anuncios-de-television\/steinberg-law-firms-trabajadores-comp-legado\/\">El legado de la compensaci\u00f3n de los trabajadores de Steinberg Law Firm<\/a><\/li>\n\t<li class=\"page_item page-item-3940\"><a href=\"https:\/\/www.steinberglawfirm.com\/es\/video-centro\/anuncios-de-television\/cuida\/\">Cu\u00eddate<\/a><\/li>\n\t<li class=\"page_item page-item-3942\"><a href=\"https:\/\/www.steinberglawfirm.com\/es\/video-centro\/anuncios-de-television\/muy-frustrado\/\">Muy frustrado<\/a><\/li>\n\t<li class=\"page_item page-item-3922\"><a href=\"https:\/\/www.steinberglawfirm.com\/es\/video-centro\/anuncios-de-television\/nosotros-stand-up\/\">Nos levantamos<\/a><\/li>\n\t<li class=\"page_item page-item-26752\"><a href=\"https:\/\/www.steinberglawfirm.com\/es\/video-centro\/anuncios-de-television\/que-define-a-los-abogados-del-bufete-steinberg\/\">Qu\u00e9 define a los abogados del Steinberg Law Firm<\/a><\/li>\n\t<li class=\"page_item page-item-33456\"><a href=\"https:\/\/www.steinberglawfirm.com\/es\/video-centro\/anuncios-de-television\/cuando-se-trata-de-bufetes-de-abogados-mas-grande-no-siempre-es-mejor\/\">Cuando se trata de bufetes de abogados, m\u00e1s grande no siempre es mejor<\/a><\/li>\n\t<li class=\"page_item page-item-25400\"><a href=\"https:\/\/www.steinberglawfirm.com\/es\/video-centro\/anuncios-de-television\/por-que-catherine-meehan-se-incorporo-al-bufete-steinberg\/\">Por qu\u00e9 Catherine Meehan se uni\u00f3 a Steinberg Law Firm<\/a><\/li>\n\t<li class=\"page_item page-item-33415\"><a href=\"https:\/\/www.steinberglawfirm.com\/es\/video-centro\/anuncios-de-television\/sin-el-bufete-steinberg-no-se-donde-estaria\/\">Sin The Steinberg Law Firm, no s\u00e9 d\u00f3nde estar\u00eda<\/a><\/li>\n\t<li class=\"page_item page-item-26722\"><a href=\"https:\/\/www.steinberglawfirm.com\/es\/video-centro\/anuncios-de-television\/workers-comp-claims-are-complicated-get-the-firm-behind-you\/\">Los reclamos de compensaci\u00f3n laboral son complicados. Consiga la firma detr\u00e1s de usted<\/a><\/li>\n\t<li class=\"page_item page-item-3944\"><a href=\"https:\/\/www.steinberglawfirm.com\/es\/video-centro\/anuncios-de-television\/you-can-better\/\">Puedes apostar mejor<\/a><\/li>\n<\/ul>\n<\/li>\n<li class=\"page_item page-item-3816 page_item_has_children\"><a href=\"https:\/\/www.steinberglawfirm.com\/es\/video-centro\/video-faqs\/\">V\u00eddeo de preguntas frecuentes<\/a>\n<ul class='children'>\n\t<li class=\"page_item page-item-3862\"><a href=\"https:\/\/www.steinberglawfirm.com\/es\/video-centro\/video-faqs\/puede-ser-compensado-por-el-dolor-y-sufrimiento\/\">\u00bfPuedo ser indemnizado por el dolor y el sufrimiento?<\/a><\/li>\n\t<li class=\"page_item page-item-3856\"><a href=\"https:\/\/www.steinberglawfirm.com\/es\/video-centro\/video-faqs\/can-i-file-for-workers-compensation-social-security-disability-insurance\/\">\u00bfPuedo solicitar la indemnizaci\u00f3n por accidente de trabajo y el seguro de incapacidad de la Seguridad Social?<\/a><\/li>\n\t<li class=\"page_item page-item-3860\"><a href=\"https:\/\/www.steinberglawfirm.com\/es\/video-centro\/video-faqs\/puedo-obtener-una-segunda-opinion-si-no-estoy-conforme-con-el-medico\/\">\u00bfPuedo obtener una segunda opini\u00f3n si no estoy satisfecho con el m\u00e9dico?<\/a><\/li>\n\t<li class=\"page_item page-item-3864\"><a href=\"https:\/\/www.steinberglawfirm.com\/es\/video-centro\/video-faqs\/puedo-solucionar-mi-demanda-de-perjuicio-extrajudicialmente\/\">\u00bfPuedo llegar a un acuerdo extrajudicial sobre mi reclamaci\u00f3n por lesiones?<\/a><\/li>\n\t<li class=\"page_item page-item-3898\"><a href=\"https:\/\/www.steinberglawfirm.com\/es\/video-centro\/video-faqs\/como-obtener-los-registros-medicos-para-una-reclamacion-en-casa-de-enfermeria\/\">\u00bfC\u00f3mo obtengo los registros m\u00e9dicos para una reclamaci\u00f3n por abuso en un hogar de ancianos?<\/a><\/li>\n\t<li class=\"page_item page-item-3858\"><a href=\"https:\/\/www.steinberglawfirm.com\/es\/video-centro\/video-faqs\/como-saber-si-tengo-derecho-a-la-compensacion-de-trabajador\/\">\u00bfC\u00f3mo puedo saber si tengo derecho a una indemnizaci\u00f3n por accidente de trabajo?<\/a><\/li>\n\t<li class=\"page_item page-item-3888\"><a href=\"https:\/\/www.steinberglawfirm.com\/es\/video-centro\/video-faqs\/cuantas-veces-me-pagan-las-prestaciones-de-los-trabajadores\/\">\u00bfCon qu\u00e9 frecuencia me pagan las indemnizaciones por accidente de trabajo?<\/a><\/li>\n\t<li class=\"page_item page-item-3918\"><a href=\"https:\/\/www.steinberglawfirm.com\/es\/video-centro\/video-faqs\/es-mi-informacion-mantenida-confidencial\/\">\u00bfSe mantiene la confidencialidad de mi informaci\u00f3n?<\/a><\/li>\n\t<li class=\"page_item page-item-3890\"><a href=\"https:\/\/www.steinberglawfirm.com\/es\/video-centro\/video-faqs\/debo-firmar-un-formulario-de-liberacion-medica\/\">\u00bfDebo firmar un formulario de autorizaci\u00f3n m\u00e9dica?<\/a><\/li>\n\t<li class=\"page_item page-item-3908\"><a href=\"https:\/\/www.steinberglawfirm.com\/es\/video-centro\/video-faqs\/trust-steinberg-law-firm\/\">Confianza - Steinberg Law Firm<\/a><\/li>\n\t<li class=\"page_item page-item-3920\"><a href=\"https:\/\/www.steinberglawfirm.com\/es\/video-centro\/video-faqs\/que-puedo-esperar-del-bufete-de-los-steinberg\/\">\u00bfQu\u00e9 puedo esperar del Steinberg Law Firm?<\/a><\/li>\n\t<li class=\"page_item page-item-3894\"><a href=\"https:\/\/www.steinberglawfirm.com\/es\/video-centro\/video-faqs\/que-si-no-me-parece-el-medico-que-mi-empleador-me-esta-enviando-a\/\">\u00bfY si no me gusta el m\u00e9dico al que me env\u00eda mi empresa?<\/a><\/li>\n\t<li class=\"page_item page-item-3910\"><a href=\"https:\/\/www.steinberglawfirm.com\/es\/video-centro\/video-faqs\/que-si-era-un-pasajero-en-un-accidente-de-coche\/\">\u00bfQu\u00e9 pasa si soy un pasajero en un accidente de tr\u00e1fico?<\/a><\/li>\n\t<li class=\"page_item page-item-3906\"><a href=\"https:\/\/www.steinberglawfirm.com\/es\/video-centro\/video-faqs\/que-si-ha-sido-lesionado-permanentemente-en-el-trabajo\/\">\u00bfQu\u00e9 pasa si tengo una lesi\u00f3n permanente en el trabajo?<\/a><\/li>\n\t<li class=\"page_item page-item-3914\"><a href=\"https:\/\/www.steinberglawfirm.com\/es\/video-centro\/video-faqs\/que-si-mi-medico-me-da-largo-de-trabajo\/\">\u00bfQu\u00e9 pasa si mi m\u00e9dico me da el alta m\u00e9dica?<\/a><\/li>\n\t<li class=\"page_item page-item-3892\"><a href=\"https:\/\/www.steinberglawfirm.com\/es\/video-centro\/video-faqs\/que-pasa-si-mi-empleador-me-niega-la-indemnizacion-por-accidente-laboral\/\">\u00bfQu\u00e9 ocurre si mi empresa rechaza mi solicitud de indemnizaci\u00f3n por accidente de trabajo?<\/a><\/li>\n\t<li class=\"page_item page-item-3912\"><a href=\"https:\/\/www.steinberglawfirm.com\/es\/video-centro\/video-faqs\/que-si-mi-empleador-no-tiene-seguro-de-trabajo\/\">\u00bfQu\u00e9 pasa si mi empresa no tiene un seguro de accidentes de trabajo?<\/a><\/li>\n\t<li class=\"page_item page-item-3896\"><a href=\"https:\/\/www.steinberglawfirm.com\/es\/video-centro\/video-faqs\/y-si-mi-lesion-empeora-despues-del-acuerdo\/\">\u00bfQu\u00e9 pasa si mi lesi\u00f3n empeora despu\u00e9s del acuerdo?<\/a><\/li>\n\t<li class=\"page_item page-item-3904\"><a href=\"https:\/\/www.steinberglawfirm.com\/es\/video-centro\/video-faqs\/que-es-un-estatuto-de-limitaciones-2\/\">\u00bfQu\u00e9 es la prescripci\u00f3n?<\/a><\/li>\n\t<li class=\"page_item page-item-3866\"><a href=\"https:\/\/www.steinberglawfirm.com\/es\/video-centro\/video-faqs\/que-es-la-contingencia-y-como-funciona\/\">\u00bfQu\u00e9 es la contingencia y c\u00f3mo funciona?<\/a><\/li>\n\t<li class=\"page_item page-item-3902\"><a href=\"https:\/\/www.steinberglawfirm.com\/es\/video-centro\/video-faqs\/que-es-la-incapacidad-parcial-y-como-afecta-a-mi-caso\/\">\u00bfQu\u00e9 es la incapacidad parcial y c\u00f3mo afecta a mi caso?<\/a><\/li>\n\t<li class=\"page_item page-item-3900\"><a href=\"https:\/\/www.steinberglawfirm.com\/es\/video-centro\/video-faqs\/que-preguntas-se-preguntaran-durante-una-posicion\/\">\u00bfQu\u00e9 preguntas se har\u00e1n durante una declaraci\u00f3n?<\/a><\/li>\n\t<li class=\"page_item page-item-3886\"><a href=\"https:\/\/www.steinberglawfirm.com\/es\/video-centro\/video-faqs\/que-debo-hacer-si-la-compania-de-seguros-me-contacta\/\">\u00bfQu\u00e9 debo hacer si la compa\u00f1\u00eda de seguros se pone en contacto conmigo?<\/a><\/li>\n\t<li class=\"page_item page-item-3868\"><a href=\"https:\/\/www.steinberglawfirm.com\/es\/video-centro\/video-faqs\/que-debo-esperar-de-mi-abogado\/\">\u00bfQu\u00e9 debo esperar de mi abogado?<\/a><\/li>\n\t<li class=\"page_item page-item-3916\"><a href=\"https:\/\/www.steinberglawfirm.com\/es\/video-centro\/video-faqs\/que-tipos-de-lesiones-estan-cubiertos-por-los-trabajadores-comp\/\">\u00bfQu\u00e9 tipos de lesiones cubre la indemnizaci\u00f3n por accidente de trabajo?<\/a><\/li>\n\t<li class=\"page_item page-item-3870\"><a href=\"https:\/\/www.steinberglawfirm.com\/es\/video-centro\/video-faqs\/cuando-se-acaban-las-prestaciones-de-mi-trabajador\/\">\u00bfCu\u00e1ndo se terminan mis beneficios de compensaci\u00f3n de trabajadores?<\/a><\/li>\n\t<li class=\"page_item page-item-3872\"><a href=\"https:\/\/www.steinberglawfirm.com\/es\/video-centro\/video-faqs\/cuando-debo-conseguir-un-abogado-que-se-implique\/\">\u00bfCu\u00e1ndo deber\u00eda intervenir un abogado?<\/a><\/li>\n\t<li class=\"page_item page-item-3874\"><a href=\"https:\/\/www.steinberglawfirm.com\/es\/video-centro\/video-faqs\/quien-paga-mi-atencion-medica-despues-de-un-accidente\/\">\u00bfQui\u00e9n paga mi atenci\u00f3n m\u00e9dica tras una lesi\u00f3n?<\/a><\/li>\n\t<li class=\"page_item page-item-3876\"><a href=\"https:\/\/www.steinberglawfirm.com\/es\/video-centro\/video-faqs\/quien-me-envia-el-dinero\/\">\u00bfQui\u00e9n me env\u00eda el dinero?<\/a><\/li>\n\t<li class=\"page_item page-item-3878\"><a href=\"https:\/\/www.steinberglawfirm.com\/es\/video-centro\/video-faqs\/por-que-necesito-un-abogado\/\">\u00bfPor qu\u00e9 necesito un abogado?<\/a><\/li>\n\t<li class=\"page_item page-item-3880\"><a href=\"https:\/\/www.steinberglawfirm.com\/es\/video-centro\/video-faqs\/recibire-compensacion-por-el-tiempo-que-falte-al-trabajo\/\">\u00bfRecibir\u00e9 compensaci\u00f3n por el tiempo que falte al trabajo?<\/a><\/li>\n\t<li class=\"page_item page-item-3882\"><a href=\"https:\/\/www.steinberglawfirm.com\/es\/video-centro\/video-faqs\/tendre-que-ir-al-juzgado-2\/\">\u00bfTendr\u00e9 que ir a juicio?<\/a><\/li>\n\t<li class=\"page_item page-item-3884\"><a href=\"https:\/\/www.steinberglawfirm.com\/es\/video-centro\/video-faqs\/otros-abogados-estan-trabajando-en-mi-caso\/\">\u00bfTrabajar\u00e1n otros abogados en mi caso?<\/a><\/li>\n<\/ul>\n<\/li>\n<li class=\"page_item page-item-3814 page_item_has_children\"><a href=\"https:\/\/www.steinberglawfirm.com\/es\/video-centro\/video-entrevistas\/\">Entrevistas en v\u00eddeo<\/a>\n<ul class='children'>\n\t<li class=\"page_item page-item-3854\"><a href=\"https:\/\/www.steinberglawfirm.com\/es\/video-centro\/video-entrevistas\/abogado-steven-goldberg-discute-accidentes-automoviles-en-el-pais-vivo\/\">Steven Goldberg en Lowcountry Live<\/a><\/li>\n\t<li class=\"page_item page-item-3852\"><a href=\"https:\/\/www.steinberglawfirm.com\/es\/video-centro\/video-entrevistas\/steven-goldberg-discute-las-reclamaciones-de-indemnizacion-de-trabajadores-en-vivo\/\">Steven Goldberg habla de la indemnizaci\u00f3n de los trabajadores en Lowcountry Live<\/a><\/li>\n\t<li class=\"page_item page-item-3848\"><a href=\"https:\/\/www.steinberglawfirm.com\/es\/video-centro\/video-entrevistas\/steinberg-law-firm-workers-compensation-843-720-2800\/\">Indemnizaci\u00f3n por accidente de trabajo<\/a><\/li>\n\t<li class=\"page_item page-item-3850\"><a href=\"https:\/\/www.steinberglawfirm.com\/es\/video-centro\/video-entrevistas\/steinberg-law-firm-working-at-steinberg-843-720-2800\/\">Trabajar en Steinberg Law Firm<\/a><\/li>\n<\/ul>\n<\/li>\n<li class=\"page_item page-item-3959\"><a href=\"https:\/\/www.steinberglawfirm.com\/es\/video-centro\/necesita-un-buen-abogado\/\">Necesita un buen abogado<\/a><\/li>\n<\/ul>","protected":false},"excerpt":{"rendered":"<p>C\u00f3mo elegir el bufete de abogados especializado en lesiones personales Otros v\u00eddeos:<\/p>","protected":false},"author":1,"featured_media":0,"parent":9993,"menu_order":0,"comment_status":"closed","ping_status":"closed","template":"","meta":{"_acf_changed":false,"footnotes":""},"class_list":["post-3963","page","type-page","status-publish","hentry"],"acf":[],"_links":{"self":[{"href":"https:\/\/www.steinberglawfirm.com\/es\/wp-json\/wp\/v2\/pages\/3963","targetHints":{"allow":["GET"]}}],"collection":[{"href":"https:\/\/www.steinberglawfirm.com\/es\/wp-json\/wp\/v2\/pages"}],"about":[{"href":"https:\/\/www.steinberglawfirm.com\/es\/wp-json\/wp\/v2\/types\/page"}],"author":[{"embeddable":true,"href":"https:\/\/www.steinberglawfirm.com\/es\/wp-json\/wp\/v2\/users\/1"}],"replies":[{"embeddable":true,"href":"https:\/\/www.steinberglawfirm.com\/es\/wp-json\/wp\/v2\/comments?post=3963"}],"version-history":[{"count":0,"href":"https:\/\/www.steinberglawfirm.com\/es\/wp-json\/wp\/v2\/pages\/3963\/revisions"}],"up":[{"embeddable":true,"href":"https:\/\/www.steinberglawfirm.com\/es\/wp-json\/wp\/v2\/pages\/9993"}],"wp:attachment":[{"href":"https:\/\/www.steinberglawfirm.com\/es\/wp-json\/wp\/v2\/media?parent=3963"}],"curies":[{"name":"wp","href":"https:\/\/api.w.org\/{rel}","templated":true}]}}